{"id":106,"date":"2013-04-30T18:13:35","date_gmt":"2013-04-30T16:13:35","guid":{"rendered":"http:\/\/kulturinsz.de\/cms\/?page_id=106"},"modified":"2014-04-16T13:13:17","modified_gmt":"2014-04-16T11:13:17","slug":"projekte","status":"publish","type":"page","link":"https:\/\/kulturinsz.de\/cms\/projekte\/","title":{"rendered":"Projekte"},"content":{"rendered":"<p>|S| <a title=\"Sozialraumbudget\" href=\"http:\/\/kulturinsz.de\/cms\/projekte\/sozialraumbudget\/\">Sozialraumbudget<\/a> | <a title=\"Stille Helden\" href=\"http:\/\/kulturinsz.de\/cms\/projekte\/stille-helden\/\">Stille Helden<\/a> |V| <a title=\"Vernetzung Kulturszene des Bezirks\" href=\"http:\/\/kulturinsz.de\/cms\/projekte\/vernetzung-kulturszene-des-bezirks\/\">Vernetzung Kulturszene des Bezirks<\/a> |W| <a title=\"Wasserwerk Riemeisterfenn\" href=\"http:\/\/kulturinsz.de\/cms\/projekte\/wasserwerk-riemeisterfenn\/\">Wasserwerk Riemeisterfenn<\/a> | <a title=\"Willkommensb\u00fcndnis f\u00fcr Fl\u00fcchtlinge\" href=\"http:\/\/kulturinsz.de\/cms\/projekte\/willkommensbundnis-fur-fluchtlinge\/\">Willkommensb\u00fcndnis f\u00fcr Fl\u00fcchtlinge<\/a><\/p>\n","protected":false},"excerpt":{"rendered":"<p>|S| Sozialraumbudget | Stille Helden |V| Vernetzung Kulturszene des Bezirks |W| Wasserwerk Riemeisterfenn | Willkommensb\u00fcndnis f\u00fcr Fl\u00fcchtlinge<\/p>\n","protected":false},"author":3,"featured_media":0,"parent":0,"menu_order":7,"comment_status":"closed","ping_status":"closed","template":"seite-mit-blog-aktuelles.php","meta":[],"_links":{"self":[{"href":"https:\/\/kulturinsz.de\/cms\/wp-json\/wp\/v2\/pages\/106"}],"collection":[{"href":"https:\/\/kulturinsz.de\/cms\/wp-json\/wp\/v2\/pages"}],"about":[{"href":"https:\/\/kulturinsz.de\/cms\/wp-json\/wp\/v2\/types\/page"}],"author":[{"embeddable":true,"href":"https:\/\/kulturinsz.de\/cms\/wp-json\/wp\/v2\/users\/3"}],"replies":[{"embeddable":true,"href":"https:\/\/kulturinsz.de\/cms\/wp-json\/wp\/v2\/comments?post=106"}],"version-history":[{"count":11,"href":"https:\/\/kulturinsz.de\/cms\/wp-json\/wp\/v2\/pages\/106\/revisions"}],"predecessor-version":[{"id":4417,"href":"https:\/\/kulturinsz.de\/cms\/wp-json\/wp\/v2\/pages\/106\/revisions\/4417"}],"wp:attachment":[{"href":"https:\/\/kulturinsz.de\/cms\/wp-json\/wp\/v2\/media?parent=106"}],"curies":[{"name":"wp","href":"https:\/\/api.w.org\/{rel}","templated":true}]}}