{"id":1118,"date":"2013-04-30T11:19:02","date_gmt":"2013-04-30T11:19:02","guid":{"rendered":"http:\/\/kulturinsz.de\/cms\/?page_id=1118"},"modified":"2014-02-15T16:47:24","modified_gmt":"2014-02-15T15:47:24","slug":"unbekannte-orte","status":"publish","type":"page","link":"https:\/\/kulturinsz.de\/cms\/orte\/unbekannte-orte\/","title":{"rendered":"Unbekannte Orte"},"content":{"rendered":"<p>| <a title=\"\u201cToter\u201d U-Bahnhof Rathaus Steglitz\" href=\"http:\/\/kulturinsz.de\/cms\/orte\/unbekannte-orte\/toter-u-bahnhof-rathaus-steglitz\/\">&#8220;Toter&#8221; U-Bahnhof Rathaus Steglitz<\/a> |<strong>A<\/strong>| <a title=\"Alte Synagoge\" href=\"http:\/\/kulturinsz.de\/cms\/orte\/unbekannte-orte\/alte-synagoge\/\">Alte Synagoge<\/a> | <a title=\"Arbeitslager Lichterfelde S\u00fcd\" href=\"http:\/\/kulturinsz.de\/cms\/orte\/unbekannte-orte\/arbeitslager\/\">Arbeitslager Lichterfelde S\u00fcd<\/a> |<strong>F<\/strong>| <a title=\"Fr\u00fche Siedlungsorte\" href=\"http:\/\/kulturinsz.de\/cms\/orte\/unbekannte-orte\/fruhe-siedlungsorte\/\">Fr\u00fche Siedlungsorte<\/a> |<strong>R<\/strong>| <a title=\"Ruine der K\u00fcnste\" href=\"http:\/\/kulturinsz.de\/cms\/orte\/unbekannte-orte\/ruine-der-kunste\/\"> Ruine der K\u00fcnste<\/a> |<\/p>\n<p>Kennen auch Sie weitgehend &#8220;unbekannte&#8221; Orte im Bezirk? Wir freuen uns \u00fcber Nachricht unter info@KulturInSZ.de<\/p>\n","protected":false},"excerpt":{"rendered":"<p>| &#8220;Toter&#8221; U-Bahnhof Rathaus Steglitz |A| Alte Synagoge | Arbeitslager Lichterfelde S\u00fcd |F| Fr\u00fche Siedlungsorte |R| Ruine der K\u00fcnste | Kennen auch Sie weitgehend &#8220;unbekannte&#8221; Orte im Bezirk? Wir freuen uns \u00fcber Nachricht unter info@KulturInSZ.de<\/p>\n","protected":false},"author":3,"featured_media":0,"parent":15,"menu_order":0,"comment_status":"closed","ping_status":"closed","template":"","meta":[],"_links":{"self":[{"href":"https:\/\/kulturinsz.de\/cms\/wp-json\/wp\/v2\/pages\/1118"}],"collection":[{"href":"https:\/\/kulturinsz.de\/cms\/wp-json\/wp\/v2\/pages"}],"about":[{"href":"https:\/\/kulturinsz.de\/cms\/wp-json\/wp\/v2\/types\/page"}],"author":[{"embeddable":true,"href":"https:\/\/kulturinsz.de\/cms\/wp-json\/wp\/v2\/users\/3"}],"replies":[{"embeddable":true,"href":"https:\/\/kulturinsz.de\/cms\/wp-json\/wp\/v2\/comments?post=1118"}],"version-history":[{"count":5,"href":"https:\/\/kulturinsz.de\/cms\/wp-json\/wp\/v2\/pages\/1118\/revisions"}],"predecessor-version":[{"id":1591,"href":"https:\/\/kulturinsz.de\/cms\/wp-json\/wp\/v2\/pages\/1118\/revisions\/1591"}],"up":[{"embeddable":true,"href":"https:\/\/kulturinsz.de\/cms\/wp-json\/wp\/v2\/pages\/15"}],"wp:attachment":[{"href":"https:\/\/kulturinsz.de\/cms\/wp-json\/wp\/v2\/media?parent=1118"}],"curies":[{"name":"wp","href":"https:\/\/api.w.org\/{rel}","templated":true}]}}