{"id":1145,"date":"2013-04-30T15:35:03","date_gmt":"2013-04-30T15:35:03","guid":{"rendered":"http:\/\/kulturinsz.de\/cms\/?page_id=1145"},"modified":"2013-07-17T11:29:56","modified_gmt":"2013-07-17T09:29:56","slug":"gedenkstelen-auf-schwanenwerder","status":"publish","type":"page","link":"https:\/\/kulturinsz.de\/cms\/orte\/denkmaeler\/gedenkstelen-auf-schwanenwerder\/","title":{"rendered":"Gedenkstelen auf Schwanenwerder"},"content":{"rendered":"<p>| <a title=\"Gedenkstelen auf Schwanenwerder\" href=\"http:\/\/kulturinsz.de\/cms\/orte\/denkmaeler\/gedenkstelen-auf-schwanenwerder\/\">Info<\/a> | <a title=\"Gedenkstelen auf der Insel Schwanenwerder\" href=\"http:\/\/kulturinsz.de\/cms\/locations\/gedenkstelen-auf-der-insel-schwanenwerder\/\">Veranstaltungen<\/a> | <a title=\"Gedenkstelen auf der Insel Schwanenwerder\" href=\"http:\/\/kulturinsz.de\/cms\/locations\/gedenkstelen-auf-der-insel-schwanenwerder\/\">Anfahrt<\/a> | <a title=\"Gedenkstelen auf Schwanenwerder\" href=\"http:\/\/kulturinsz.de\/cms\/orte\/denkmaeler\/gedenkstelen-auf-schwanenwerder\/\">Kommentare<\/a> |<\/p>\n<p>Seit dem 30. April 2013 erinnern auf der Insel Schwanenwerder insgesamt 6 Gedenkstelen an die Geschichte der Insel. Besonderes Thema dabei ist auch die Enteignung und Vertreibung der etwa zur H\u00e4lfte j\u00fcdischen Grundst\u00fcckseigent\u00fcmer durch die Nationalsozialisten.<\/p>\n","protected":false},"excerpt":{"rendered":"<p>| Info | Veranstaltungen | Anfahrt | Kommentare | Seit dem 30. April 2013 erinnern auf der Insel Schwanenwerder insgesamt 6 Gedenkstelen an die Geschichte der Insel. Besonderes Thema dabei ist auch die Enteignung und Vertreibung der etwa zur H\u00e4lfte &hellip; <a href=\"https:\/\/kulturinsz.de\/cms\/orte\/denkmaeler\/gedenkstelen-auf-schwanenwerder\/\">Weiterlesen <span class=\"meta-nav\">&rarr;<\/span><\/a><\/p>\n","protected":false},"author":3,"featured_media":0,"parent":132,"menu_order":0,"comment_status":"open","ping_status":"open","template":"seite-mit-blog-aktuelles.php","meta":[],"_links":{"self":[{"href":"https:\/\/kulturinsz.de\/cms\/wp-json\/wp\/v2\/pages\/1145"}],"collection":[{"href":"https:\/\/kulturinsz.de\/cms\/wp-json\/wp\/v2\/pages"}],"about":[{"href":"https:\/\/kulturinsz.de\/cms\/wp-json\/wp\/v2\/types\/page"}],"author":[{"embeddable":true,"href":"https:\/\/kulturinsz.de\/cms\/wp-json\/wp\/v2\/users\/3"}],"replies":[{"embeddable":true,"href":"https:\/\/kulturinsz.de\/cms\/wp-json\/wp\/v2\/comments?post=1145"}],"version-history":[{"count":6,"href":"https:\/\/kulturinsz.de\/cms\/wp-json\/wp\/v2\/pages\/1145\/revisions"}],"predecessor-version":[{"id":1425,"href":"https:\/\/kulturinsz.de\/cms\/wp-json\/wp\/v2\/pages\/1145\/revisions\/1425"}],"up":[{"embeddable":true,"href":"https:\/\/kulturinsz.de\/cms\/wp-json\/wp\/v2\/pages\/132"}],"wp:attachment":[{"href":"https:\/\/kulturinsz.de\/cms\/wp-json\/wp\/v2\/media?parent=1145"}],"curies":[{"name":"wp","href":"https:\/\/api.w.org\/{rel}","templated":true}]}}