{"id":1227,"date":"2013-04-30T22:04:25","date_gmt":"2013-04-30T22:04:25","guid":{"rendered":"http:\/\/kulturinsz.de\/cms\/?page_id=1227"},"modified":"2013-07-17T12:02:29","modified_gmt":"2013-07-17T10:02:29","slug":"wirtshaus-moorlake","status":"publish","type":"page","link":"https:\/\/kulturinsz.de\/cms\/orte\/kneipen-kultur\/wirtshaus-moorlake\/","title":{"rendered":"Wirtshaus Moorlake"},"content":{"rendered":"<p>| <a title=\"Wirtshaus Moorlake\" href=\"http:\/\/kulturinsz.de\/cms\/orte\/kneipen-kultur\/wirtshaus-moorlake\/\">Info<\/a> | <a title=\"Wirtshaus Moorlake\" href=\"http:\/\/kulturinsz.de\/cms\/locations\/wirtshaus-moorlake\/\">Veranstaltungen<\/a> | <a title=\"Wirtshaus Moorlake\" href=\"http:\/\/kulturinsz.de\/cms\/locations\/wirtshaus-moorlake\/\">Anfahrt<\/a> | <a title=\"Wirtshaus Moorlake\" href=\"http:\/\/kulturinsz.de\/cms\/orte\/kneipen-kultur\/wirtshaus-moorlake\/\">Kommentare<\/a> |<\/p>\n<p>Das Wirtshaus Moorlake ist ein Ausflugsrestaurant, aber dar\u00fcber hinaus auch besonders f\u00fcr sein hochkar\u00e4tiges Kulturprogramm bekannt:<\/p>\n<p><a href=\"http:\/\/www.moorlake.de\" target=\"_blank\">www.moorlake.de<\/a><\/p>\n","protected":false},"excerpt":{"rendered":"<p>| Info | Veranstaltungen | Anfahrt | Kommentare | Das Wirtshaus Moorlake ist ein Ausflugsrestaurant, aber dar\u00fcber hinaus auch besonders f\u00fcr sein hochkar\u00e4tiges Kulturprogramm bekannt: www.moorlake.de<\/p>\n","protected":false},"author":3,"featured_media":0,"parent":1223,"menu_order":0,"comment_status":"open","ping_status":"open","template":"seite-mit-blog-aktuelles.php","meta":[],"_links":{"self":[{"href":"https:\/\/kulturinsz.de\/cms\/wp-json\/wp\/v2\/pages\/1227"}],"collection":[{"href":"https:\/\/kulturinsz.de\/cms\/wp-json\/wp\/v2\/pages"}],"about":[{"href":"https:\/\/kulturinsz.de\/cms\/wp-json\/wp\/v2\/types\/page"}],"author":[{"embeddable":true,"href":"https:\/\/kulturinsz.de\/cms\/wp-json\/wp\/v2\/users\/3"}],"replies":[{"embeddable":true,"href":"https:\/\/kulturinsz.de\/cms\/wp-json\/wp\/v2\/comments?post=1227"}],"version-history":[{"count":5,"href":"https:\/\/kulturinsz.de\/cms\/wp-json\/wp\/v2\/pages\/1227\/revisions"}],"predecessor-version":[{"id":2327,"href":"https:\/\/kulturinsz.de\/cms\/wp-json\/wp\/v2\/pages\/1227\/revisions\/2327"}],"up":[{"embeddable":true,"href":"https:\/\/kulturinsz.de\/cms\/wp-json\/wp\/v2\/pages\/1223"}],"wp:attachment":[{"href":"https:\/\/kulturinsz.de\/cms\/wp-json\/wp\/v2\/media?parent=1227"}],"curies":[{"name":"wp","href":"https:\/\/api.w.org\/{rel}","templated":true}]}}