{"id":1255,"date":"2013-04-30T23:24:49","date_gmt":"2013-04-30T23:24:49","guid":{"rendered":"http:\/\/kulturinsz.de\/cms\/?page_id=1255"},"modified":"2013-08-16T11:04:09","modified_gmt":"2013-08-16T09:04:09","slug":"schlosspark-theater","status":"publish","type":"page","link":"https:\/\/kulturinsz.de\/cms\/orte\/theater\/schlosspark-theater\/","title":{"rendered":"Schlosspark Theater"},"content":{"rendered":"<p>| <a title=\"Schlosspark Theater\" href=\"http:\/\/kulturinsz.de\/cms\/orte\/theater\/schlosspark-theater\/\">Info<\/a> | <a title=\"Schlosspark Theater\" href=\"http:\/\/kulturinsz.de\/cms\/locations\/schlosspark-theater\/\">Veranstaltungen<\/a> | <a title=\"Schlosspark Theater\" href=\"http:\/\/kulturinsz.de\/cms\/locations\/schlosspark-theater\/\">Anfahrt<\/a> | <a title=\"Schlosspark Theater\" href=\"http:\/\/kulturinsz.de\/cms\/orte\/theater\/schlosspark-theater\/\">Kommentare<\/a> |<\/p>\n<div id=\"attachment_3022\" style=\"width: 310px\" class=\"wp-caption alignleft\"><a href=\"http:\/\/kulturinsz.de\/cms\/wp-content\/uploads\/2013\/04\/SchlossparkTheater.jpg\"><img aria-describedby=\"caption-attachment-3022\" loading=\"lazy\" class=\" wp-image-3022 \" alt=\"SchlossparkTheater\" src=\"http:\/\/kulturinsz.de\/cms\/wp-content\/uploads\/2013\/04\/SchlossparkTheater.jpg\" width=\"300\" height=\"451\" srcset=\"https:\/\/kulturinsz.de\/cms\/wp-content\/uploads\/2013\/04\/SchlossparkTheater.jpg 400w, https:\/\/kulturinsz.de\/cms\/wp-content\/uploads\/2013\/04\/SchlossparkTheater-200x300.jpg 200w\" sizes=\"(max-width: 300px) 100vw, 300px\" \/><\/a><p id=\"caption-attachment-3022\" class=\"wp-caption-text\">Foto \u00a9 DERDEHMEL<\/p><\/div>\n<p>Die Geschichte des renommierten Theaters reicht bis in den Anfang des 19. Jahrhunderts zur\u00fcck. Mit Umzug in den Wirtschaftstrakt des Gutshauses Steglitz (\u201eWrangelschl\u00f6sschen\u201c) im Jahr 1921 fand das Schlosspark Theater endlich seine Wirkungsst\u00e4tte im klassizistischen Musentempel in Berlin-Steglitz.<\/p>\n<p>1945 begann f\u00fcr das Schlosspark Theater eine neue \u00c4ra unter der Intendanz von Boleslaw Barlog, der \u00fcber 100 St\u00fccke innerhalb von 27 Jahren selbst inszenierte. Auf dieser B\u00fchne deb\u00fctierten so manch sp\u00e4tere Schauspielgr\u00f6\u00dfen wie Hildegard Knef oder Klaus Kinski.<\/p>\n<p>Nachdem das Theater mehrere Jahre leer stand, er\u00f6ffnete Dieter Hallervorden am 1. September 2009 das Schlosspark Theater wieder, als Privattheater und nach aufwendigen Sanierungsarbeiten aus eigenen Mitteln. Das Theater wird haupts\u00e4chlich als Sprechtheater gef\u00fchrt, es finden jedoch auch Kabarett, Konzerte und Lesungen statt.<\/p>\n<p>Auch in der laufenden Spielzeit stehen wieder prominent besetzte Eigenproduktionen und viele bekannte und beliebte Schauspielerinnen und Darsteller mit eigenen Programmen auf der B\u00fchne. Getreu dem Hausmotto \u00bbGeist mit Humor\u00ab sorgt Dieter Hallervorden f\u00fcr feinstes Unterhaltungstheater im S\u00fcden von Berlin und spielt auch noch selbst in mehreren St\u00fccken mit.<\/p>\n<p><a href=\"http:\/\/schlosspark-theater.de\/\" target=\"_blank\">http:\/\/schlosspark-theater.de<\/a><\/p>\n","protected":false},"excerpt":{"rendered":"<p>| Info | Veranstaltungen | Anfahrt | Kommentare | Die Geschichte des renommierten Theaters reicht bis in den Anfang des 19. Jahrhunderts zur\u00fcck. Mit Umzug in den Wirtschaftstrakt des Gutshauses Steglitz (\u201eWrangelschl\u00f6sschen\u201c) im Jahr 1921 fand das Schlosspark Theater endlich &hellip; <a href=\"https:\/\/kulturinsz.de\/cms\/orte\/theater\/schlosspark-theater\/\">Weiterlesen <span class=\"meta-nav\">&rarr;<\/span><\/a><\/p>\n","protected":false},"author":3,"featured_media":0,"parent":236,"menu_order":0,"comment_status":"closed","ping_status":"closed","template":"seite-mit-blog-aktuelles.php","meta":[],"_links":{"self":[{"href":"https:\/\/kulturinsz.de\/cms\/wp-json\/wp\/v2\/pages\/1255"}],"collection":[{"href":"https:\/\/kulturinsz.de\/cms\/wp-json\/wp\/v2\/pages"}],"about":[{"href":"https:\/\/kulturinsz.de\/cms\/wp-json\/wp\/v2\/types\/page"}],"author":[{"embeddable":true,"href":"https:\/\/kulturinsz.de\/cms\/wp-json\/wp\/v2\/users\/3"}],"replies":[{"embeddable":true,"href":"https:\/\/kulturinsz.de\/cms\/wp-json\/wp\/v2\/comments?post=1255"}],"version-history":[{"count":8,"href":"https:\/\/kulturinsz.de\/cms\/wp-json\/wp\/v2\/pages\/1255\/revisions"}],"predecessor-version":[{"id":3034,"href":"https:\/\/kulturinsz.de\/cms\/wp-json\/wp\/v2\/pages\/1255\/revisions\/3034"}],"up":[{"embeddable":true,"href":"https:\/\/kulturinsz.de\/cms\/wp-json\/wp\/v2\/pages\/236"}],"wp:attachment":[{"href":"https:\/\/kulturinsz.de\/cms\/wp-json\/wp\/v2\/media?parent=1255"}],"curies":[{"name":"wp","href":"https:\/\/api.w.org\/{rel}","templated":true}]}}