{"id":1264,"date":"2013-04-30T23:39:59","date_gmt":"2013-04-30T23:39:59","guid":{"rendered":"http:\/\/kulturinsz.de\/cms\/?page_id=1264"},"modified":"2013-08-03T17:05:39","modified_gmt":"2013-08-03T15:05:39","slug":"theatergruppe-schattenlichter","status":"publish","type":"page","link":"https:\/\/kulturinsz.de\/cms\/menschen\/theatergruppen\/theatergruppe-schattenlichter\/","title":{"rendered":"Theatergruppe Schattenlichter"},"content":{"rendered":"<div>\n<p><span style=\"color: #999999;\"><span style=\"color: #999999;\">Ver\u00f6ffentlicht am 3. August 2013 von <a href=\"http:\/\/kulturinsz.de\/cms\/author\/elke-brumm\/\">Elke Brumm<\/a><\/span><\/span><\/p>\n<\/div>\n<div id=\"attachment_2683\" style=\"width: 310px\" class=\"wp-caption alignleft\"><a href=\"http:\/\/kulturinsz.de\/cms\/wp-content\/uploads\/2013\/04\/Gruppenfoto-Schattenlichter-2013-Fotograf-Robert-Lorenz.jpg\"><img aria-describedby=\"caption-attachment-2683\" loading=\"lazy\" class=\"size-medium wp-image-2683\" alt=\"Gruppenfoto Schattenlichter 2013 - Fotograf: Robert Lorenz\" src=\"http:\/\/kulturinsz.de\/cms\/wp-content\/uploads\/2013\/04\/Gruppenfoto-Schattenlichter-2013-Fotograf-Robert-Lorenz-300x199.jpg\" width=\"300\" height=\"199\" srcset=\"https:\/\/kulturinsz.de\/cms\/wp-content\/uploads\/2013\/04\/Gruppenfoto-Schattenlichter-2013-Fotograf-Robert-Lorenz-300x199.jpg 300w, https:\/\/kulturinsz.de\/cms\/wp-content\/uploads\/2013\/04\/Gruppenfoto-Schattenlichter-2013-Fotograf-Robert-Lorenz.jpg 1024w\" sizes=\"(max-width: 300px) 100vw, 300px\" \/><\/a><p id=\"caption-attachment-2683\" class=\"wp-caption-text\">Gruppenfoto Schattenlichter 2013 &#8211; Fotograf: Robert Lorenz<\/p><\/div>\n<p>1985 wurden die Schattenlichter in der Zehlendorfer Paulus-Kirchengemeinde gegr\u00fcndet; sie deb\u00fctierten mit Schattenspielen und kleineren St\u00fccken. Seit 1988 proben sie in Zehlendorf abendf\u00fcllende Dramen.<br \/>\nJedes Jahr kommt ein neues heraus und wird drei- oder viermal im Gemeindehaus am Teltower Damm 4 &#8211; 8 aufgef\u00fchrt.<\/p>\n<p>Das Besondere an der Arbeitsweise der Gruppe ist, dass alle Schattenlichter bei der Regie mitarbeiten k\u00f6nnen. Wer gerade nicht auf der B\u00fchne aktiv ist, sitzt vor der B\u00fchne, betrachtet das Probengeschehen, gibt Anregungen und macht Regievorschl\u00e4ge. So werden gerade auch die Darsteller kleiner Rollen und die Nicht-Spielenden &#8211; wie Souffleuse und Beleuchter &#8211; zu unverzichtbaren Teilnehmern der w\u00f6chentlichen Theaterproben. Die gemeinsamen Beschl\u00fcsse werden in einem speziellen Textbuch festgehalten.<\/p>\n<p>Fast alle Schattenlichter haben neben dem Schauspielern zus\u00e4tzliche Aufgaben inne &#8211; wie Kost\u00fcm- oder Requisitenkoordination, Plakatgestaltung oder die Pflege der Homepage: <a href=\"http:\/\/www.schattenlichter.info\" target=\"_blank\">www.schattenlichter.info<\/a> .<\/p>\n","protected":false},"excerpt":{"rendered":"<p>Ver\u00f6ffentlicht am 3. August 2013 von Elke Brumm 1985 wurden die Schattenlichter in der Zehlendorfer Paulus-Kirchengemeinde gegr\u00fcndet; sie deb\u00fctierten mit Schattenspielen und kleineren St\u00fccken. Seit 1988 proben sie in Zehlendorf abendf\u00fcllende Dramen. Jedes Jahr kommt ein neues heraus und wird &hellip; <a href=\"https:\/\/kulturinsz.de\/cms\/menschen\/theatergruppen\/theatergruppe-schattenlichter\/\">Weiterlesen <span class=\"meta-nav\">&rarr;<\/span><\/a><\/p>\n","protected":false},"author":3,"featured_media":0,"parent":346,"menu_order":0,"comment_status":"closed","ping_status":"open","template":"seite-mit-blog-aktuelles.php","meta":[],"_links":{"self":[{"href":"https:\/\/kulturinsz.de\/cms\/wp-json\/wp\/v2\/pages\/1264"}],"collection":[{"href":"https:\/\/kulturinsz.de\/cms\/wp-json\/wp\/v2\/pages"}],"about":[{"href":"https:\/\/kulturinsz.de\/cms\/wp-json\/wp\/v2\/types\/page"}],"author":[{"embeddable":true,"href":"https:\/\/kulturinsz.de\/cms\/wp-json\/wp\/v2\/users\/3"}],"replies":[{"embeddable":true,"href":"https:\/\/kulturinsz.de\/cms\/wp-json\/wp\/v2\/comments?post=1264"}],"version-history":[{"count":15,"href":"https:\/\/kulturinsz.de\/cms\/wp-json\/wp\/v2\/pages\/1264\/revisions"}],"predecessor-version":[{"id":1266,"href":"https:\/\/kulturinsz.de\/cms\/wp-json\/wp\/v2\/pages\/1264\/revisions\/1266"}],"up":[{"embeddable":true,"href":"https:\/\/kulturinsz.de\/cms\/wp-json\/wp\/v2\/pages\/346"}],"wp:attachment":[{"href":"https:\/\/kulturinsz.de\/cms\/wp-json\/wp\/v2\/media?parent=1264"}],"curies":[{"name":"wp","href":"https:\/\/api.w.org\/{rel}","templated":true}]}}