{"id":1273,"date":"2013-05-01T00:13:11","date_gmt":"2013-05-01T00:13:11","guid":{"rendered":"http:\/\/kulturinsz.de\/cms\/?page_id=1273"},"modified":"2013-08-10T17:21:00","modified_gmt":"2013-08-10T15:21:00","slug":"stadtbad-steglitz","status":"publish","type":"page","link":"https:\/\/kulturinsz.de\/cms\/orte\/theater\/stadtbad-steglitz\/","title":{"rendered":"Stadtbad Steglitz"},"content":{"rendered":"<p>| <a title=\"Stadtbad Steglitz\" href=\"http:\/\/kulturinsz.de\/cms\/orte\/theater\/stadtbad-steglitz\/\">Info<\/a> | <a title=\"Stadtbad Steglitz\" href=\"http:\/\/kulturinsz.de\/cms\/locations\/stadtbad-steglitz\/\">Veranstaltungen<\/a> | <a title=\"Stadtbad Steglitz\" href=\"http:\/\/kulturinsz.de\/cms\/locations\/stadtbad-steglitz\/\">Anfahrt<\/a> | <a title=\"Stadtbad Steglitz\" href=\"http:\/\/kulturinsz.de\/cms\/orte\/theater\/stadtbad-steglitz\/\">Kommentare<\/a> |<\/p>\n<p><img loading=\"lazy\" class=\"alignleft\" alt=\"\" src=\"http:\/\/www.stadtbad-steglitz.de\/fileadmin\/user_upload\/gallery\/orte\/Licht_Halle.JPG\" width=\"419\" height=\"314\" \/><\/p>\n<p>Das Jugendstilschwimm- bad steht seit 1982 unter Denkmalschutz und wurde 2002 geschlossen. Es verf\u00fcgt, neben einem 21 mal 9 Meter gro\u00dfen Schwimmbecken sowie der Wannen- und Brauseabteilung, \u00fcber eine Sauna mit wundersch\u00f6nem Wandmosaik. Die W\u00e4scherei und das Maschinenhaus sowie zahlreiche Nebenr\u00e4ume sind im hinteren Teil des Geb\u00e4udes zu finden.<\/p>\n<p><img loading=\"lazy\" class=\"alignright\" alt=\"\" src=\"http:\/\/www.stadtbad-steglitz.de\/fileadmin\/user_upload\/gallery\/orte\/Saeule_Kapitaelchen.JPG\" width=\"336\" height=\"250\" \/>Noch heute l\u00e4sst sich der sakrale Charakter der Schwimmhalle mit ihrer kuppelf\u00f6rmigen Apsis nachf\u00fchlen. Wassertiere schm\u00fccken die kunstvoll geschmiedeten Gel\u00e4nder. Ein besonderes Erlebnis vermittelte das russisch-r\u00f6mische Bad. Sein Tauchbeckenraum mit r\u00f6mischen Rundb\u00f6gen, Wandmosaiken und kunstvoll verzierten S\u00e4ulen ist das Schmuckst\u00fcck der Anlage. Alles ist in einem sehr guten Zustand.<\/p>\n<p>Gabriele Berger erwarb das Stadtbad Steglitz im Jahre 2004, und seitdem finden hier Kulturveranstaltungen statt. So sorgen Konzerte, Ausstellungen, F\u00fchrungen und Lesungen daf\u00fcr, dass das Stadtbad belebt bleibt bis zu seiner Sanierung. Das Sanierungskonzept zur Nutzung als Badebetrieb unter zukunftweisenden Gesichtspunkten wird Schritt f\u00fcr Schritt umgesetzt.<\/p>\n<p><img loading=\"lazy\" class=\"aligncenter\" alt=\"\" src=\"http:\/\/www.stadtbad-steglitz.de\/fileadmin\/user_upload\/gallery\/orte\/Suna_Brause.jpg\" width=\"460\" height=\"345\" \/><\/p>\n<p><a href=\"http:\/\/www.stadtbad-steglitz.de\" target=\"_blank\">www.stadtbad-steglitz.de<\/a><\/p>\n<p>Hier findet zum Beispiel des <a title=\"Swimming Pool Festival\" href=\"http:\/\/kulturinsz.de\/cms\/werke\/musik\/swimming-pool-festival\/\">Swimming Pool Festival<\/a> f\u00fcr elektronische Musik statt.<\/p>\n","protected":false},"excerpt":{"rendered":"<p>| Info | Veranstaltungen | Anfahrt | Kommentare | Das Jugendstilschwimm- bad steht seit 1982 unter Denkmalschutz und wurde 2002 geschlossen. Es verf\u00fcgt, neben einem 21 mal 9 Meter gro\u00dfen Schwimmbecken sowie der Wannen- und Brauseabteilung, \u00fcber eine Sauna mit &hellip; <a href=\"https:\/\/kulturinsz.de\/cms\/orte\/theater\/stadtbad-steglitz\/\">Weiterlesen <span class=\"meta-nav\">&rarr;<\/span><\/a><\/p>\n","protected":false},"author":3,"featured_media":0,"parent":236,"menu_order":0,"comment_status":"open","ping_status":"open","template":"seite-mit-blog-aktuelles.php","meta":[],"_links":{"self":[{"href":"https:\/\/kulturinsz.de\/cms\/wp-json\/wp\/v2\/pages\/1273"}],"collection":[{"href":"https:\/\/kulturinsz.de\/cms\/wp-json\/wp\/v2\/pages"}],"about":[{"href":"https:\/\/kulturinsz.de\/cms\/wp-json\/wp\/v2\/types\/page"}],"author":[{"embeddable":true,"href":"https:\/\/kulturinsz.de\/cms\/wp-json\/wp\/v2\/users\/3"}],"replies":[{"embeddable":true,"href":"https:\/\/kulturinsz.de\/cms\/wp-json\/wp\/v2\/comments?post=1273"}],"version-history":[{"count":9,"href":"https:\/\/kulturinsz.de\/cms\/wp-json\/wp\/v2\/pages\/1273\/revisions"}],"predecessor-version":[{"id":2860,"href":"https:\/\/kulturinsz.de\/cms\/wp-json\/wp\/v2\/pages\/1273\/revisions\/2860"}],"up":[{"embeddable":true,"href":"https:\/\/kulturinsz.de\/cms\/wp-json\/wp\/v2\/pages\/236"}],"wp:attachment":[{"href":"https:\/\/kulturinsz.de\/cms\/wp-json\/wp\/v2\/media?parent=1273"}],"curies":[{"name":"wp","href":"https:\/\/api.w.org\/{rel}","templated":true}]}}