{"id":1278,"date":"2013-05-01T14:09:12","date_gmt":"2013-05-01T14:09:12","guid":{"rendered":"http:\/\/kulturinsz.de\/cms\/?page_id=1278"},"modified":"2013-07-17T11:27:34","modified_gmt":"2013-07-17T09:27:34","slug":"erinnerungskultur","status":"publish","type":"page","link":"https:\/\/kulturinsz.de\/cms\/orte\/denkmaeler\/erinnerungskultur\/","title":{"rendered":"Erinnerungskultur"},"content":{"rendered":"<p>Das Konzept der <a href=\"http:\/\/de.wikipedia.org\/wiki\/Erinnerungskultur\" target=\"_blank\">Erinnerungskultur<\/a> in Steglitz-Zehlendorf umfasst ein Programm aus Informationsstelen, Veranstaltungen und lebendiger Diskussion. Im November 2012\/13 fand eine <a title=\"Diskussion um die Treitschkestra\u00dfe\" href=\"http:\/\/kulturinsz.de\/cms\/politik\/diskussion-um-die-treitschkestrase\/\">AnwohnerInnenbefragung zur Benennung der Treitschkestra\u00dfe<\/a> statt.<\/p>\n<p>Eine \u00dcbersicht \u00fcber die bisherigen Informationsstelen in diesem Zusammenhang finden sie unter:<\/p>\n<p><a href=\"http:\/\/www.kultur-steglitz-zehlendorf.de\/regionalhistorische_informationsstelen.html\" target=\"_blank\">www.kultur-steglitz-zehlendorf.de\/regionalhistorische_informationsstelen.html<\/a><\/p>\n<p>&nbsp;<\/p>\n","protected":false},"excerpt":{"rendered":"<p>Das Konzept der Erinnerungskultur in Steglitz-Zehlendorf umfasst ein Programm aus Informationsstelen, Veranstaltungen und lebendiger Diskussion. Im November 2012\/13 fand eine AnwohnerInnenbefragung zur Benennung der Treitschkestra\u00dfe statt. Eine \u00dcbersicht \u00fcber die bisherigen Informationsstelen in diesem Zusammenhang finden sie unter: www.kultur-steglitz-zehlendorf.de\/regionalhistorische_informationsstelen.html &nbsp;<\/p>\n","protected":false},"author":3,"featured_media":0,"parent":132,"menu_order":0,"comment_status":"open","ping_status":"open","template":"seite-mit-blog-aktuelles.php","meta":[],"_links":{"self":[{"href":"https:\/\/kulturinsz.de\/cms\/wp-json\/wp\/v2\/pages\/1278"}],"collection":[{"href":"https:\/\/kulturinsz.de\/cms\/wp-json\/wp\/v2\/pages"}],"about":[{"href":"https:\/\/kulturinsz.de\/cms\/wp-json\/wp\/v2\/types\/page"}],"author":[{"embeddable":true,"href":"https:\/\/kulturinsz.de\/cms\/wp-json\/wp\/v2\/users\/3"}],"replies":[{"embeddable":true,"href":"https:\/\/kulturinsz.de\/cms\/wp-json\/wp\/v2\/comments?post=1278"}],"version-history":[{"count":6,"href":"https:\/\/kulturinsz.de\/cms\/wp-json\/wp\/v2\/pages\/1278\/revisions"}],"predecessor-version":[{"id":2316,"href":"https:\/\/kulturinsz.de\/cms\/wp-json\/wp\/v2\/pages\/1278\/revisions\/2316"}],"up":[{"embeddable":true,"href":"https:\/\/kulturinsz.de\/cms\/wp-json\/wp\/v2\/pages\/132"}],"wp:attachment":[{"href":"https:\/\/kulturinsz.de\/cms\/wp-json\/wp\/v2\/media?parent=1278"}],"curies":[{"name":"wp","href":"https:\/\/api.w.org\/{rel}","templated":true}]}}