{"id":13,"date":"2013-04-30T09:59:00","date_gmt":"2013-04-30T07:59:00","guid":{"rendered":"http:\/\/kulturinsz.de\/cms\/?page_id=13"},"modified":"2013-07-17T17:21:35","modified_gmt":"2013-07-17T15:21:35","slug":"menschen","status":"publish","type":"page","link":"https:\/\/kulturinsz.de\/cms\/menschen\/","title":{"rendered":"Menschen"},"content":{"rendered":"<p>In dieser Rubrik finden Sie Kultur-Menschen aller Art mit Bezug zu unserem Bezirk oder bezirklichem Kulturleben:<\/p>\n<p><a title=\"\u00dcbersicht Autoren\" href=\"http:\/\/kulturinsz.de\/cms\/menschen\/autoren\/ubersicht-autoren\/\">Autoren<\/a>  |  <a title=\"Bildhauer\" href=\"http:\/\/kulturinsz.de\/cms\/menschen\/bildhauer\/\">Bildhauer<\/a>  |  <a title=\"B\u00fcrgerstiftung\" href=\"http:\/\/kulturinsz.de\/cms\/menschen\/burgerstiftung\/\">B\u00fcrgerstiftung<\/a>  |  <a title=\"Fotografen\" href=\"http:\/\/kulturinsz.de\/cms\/menschen\/fotografen\/\">Fotografen<\/a>  |  <a title=\"Heimatvereine\" href=\"http:\/\/kulturinsz.de\/cms\/menschen\/heimatvereine\/\">Heimatvereine<\/a>  |  <a title=\"K\u00fcnstlergruppen\" href=\"http:\/\/kulturinsz.de\/cms\/menschen\/kunstlergruppen\/\">K\u00fcnstlergruppen<\/a>  |  <a title=\"Maler\" href=\"http:\/\/kulturinsz.de\/cms\/menschen\/maler\/\">Maler<\/a>  |  <a title=\"Musiker\" href=\"http:\/\/kulturinsz.de\/cms\/menschen\/musiker\/\">Musiker<\/a>  |  <a title=\"Stadtf\u00fchrungen\" href=\"http:\/\/kulturinsz.de\/cms\/menschen\/stadtfuhrerinnen\/\">Stadtf\u00fchrer<\/a>  |  <a title=\"Theatergruppen\" href=\"http:\/\/kulturinsz.de\/cms\/menschen\/theatergruppen\/\">Theatergruppen<\/a><\/p>\n<p>Wir haben Sie nicht mit aufgef\u00fchrt oder sie vermissen eine Person\/Organisation in dieser Liste? Wir freuen uns \u00fcber eine Information an: info@KulturInSZ.de oder als Kommentar unten.<\/p>\n","protected":false},"excerpt":{"rendered":"<p>In dieser Rubrik finden Sie Kultur-Menschen aller Art mit Bezug zu unserem Bezirk oder bezirklichem Kulturleben: Autoren | Bildhauer | B\u00fcrgerstiftung | Fotografen | Heimatvereine | K\u00fcnstlergruppen | Maler | Musiker | Stadtf\u00fchrer | Theatergruppen Wir haben Sie nicht mit &hellip; <a href=\"https:\/\/kulturinsz.de\/cms\/menschen\/\">Weiterlesen <span class=\"meta-nav\">&rarr;<\/span><\/a><\/p>\n","protected":false},"author":3,"featured_media":0,"parent":0,"menu_order":3,"comment_status":"open","ping_status":"closed","template":"","meta":[],"_links":{"self":[{"href":"https:\/\/kulturinsz.de\/cms\/wp-json\/wp\/v2\/pages\/13"}],"collection":[{"href":"https:\/\/kulturinsz.de\/cms\/wp-json\/wp\/v2\/pages"}],"about":[{"href":"https:\/\/kulturinsz.de\/cms\/wp-json\/wp\/v2\/types\/page"}],"author":[{"embeddable":true,"href":"https:\/\/kulturinsz.de\/cms\/wp-json\/wp\/v2\/users\/3"}],"replies":[{"embeddable":true,"href":"https:\/\/kulturinsz.de\/cms\/wp-json\/wp\/v2\/comments?post=13"}],"version-history":[{"count":19,"href":"https:\/\/kulturinsz.de\/cms\/wp-json\/wp\/v2\/pages\/13\/revisions"}],"predecessor-version":[{"id":2487,"href":"https:\/\/kulturinsz.de\/cms\/wp-json\/wp\/v2\/pages\/13\/revisions\/2487"}],"wp:attachment":[{"href":"https:\/\/kulturinsz.de\/cms\/wp-json\/wp\/v2\/media?parent=13"}],"curies":[{"name":"wp","href":"https:\/\/api.w.org\/{rel}","templated":true}]}}