{"id":13095,"date":"2024-04-07T11:36:18","date_gmt":"2024-04-07T09:36:18","guid":{"rendered":"https:\/\/kulturinsz.de\/cms\/?page_id=13095"},"modified":"2024-04-07T12:08:41","modified_gmt":"2024-04-07T10:08:41","slug":"museum-europaeischer-kulturen","status":"publish","type":"page","link":"https:\/\/kulturinsz.de\/cms\/orte\/museen\/museum-europaeischer-kulturen\/","title":{"rendered":"Museum Europ\u00e4ischer Kulturen"},"content":{"rendered":"<h3>| <a title=\"Staatliche Museen Dahlem\" href=\"https:\/\/kulturinsz.de\/cms\/orte\/museen\/museum-europaeischer-kulturen\/\">Info<\/a> | <a title=\"Staatliche Museen Dahlem\" href=\"http:\/\/kulturinsz.de\/cms\/locations\/staatliche-museen-dahlem\/\">Veranstaltungen<\/a> | <a title=\"Staatliche Museen Dahlem\" href=\"http:\/\/kulturinsz.de\/cms\/locations\/staatliche-museen-dahlem\/\">Anfahrt<\/a> | <a title=\"Staatliche Museen Dahlem\" href=\"https:\/\/kulturinsz.de\/cms\/orte\/museen\/museum-europaeischer-kulturen\/\">Kommentare<\/a> |<\/h3>\n<h3><img loading=\"lazy\" class=\"wp-image-13102 aligncenter\" src=\"https:\/\/kulturinsz.de\/cms\/wp-content\/uploads\/2024\/04\/mek_pfeil-768x1024.jpeg\" alt=\"\" width=\"428\" height=\"570\" srcset=\"https:\/\/kulturinsz.de\/cms\/wp-content\/uploads\/2024\/04\/mek_pfeil-768x1024.jpeg 768w, https:\/\/kulturinsz.de\/cms\/wp-content\/uploads\/2024\/04\/mek_pfeil-225x300.jpeg 225w, https:\/\/kulturinsz.de\/cms\/wp-content\/uploads\/2024\/04\/mek_pfeil.jpeg 800w\" sizes=\"(max-width: 428px) 100vw, 428px\" \/><\/h3>\n<h3><strong>Museum f\u00fcr Europ\u00e4ischer Kulturen<\/strong><\/h3>\n<p><img loading=\"lazy\" class=\"alignright wp-image-13103\" src=\"https:\/\/kulturinsz.de\/cms\/wp-content\/uploads\/2024\/04\/gondel-225x300.jpeg\" alt=\"\" width=\"325\" height=\"433\" srcset=\"https:\/\/kulturinsz.de\/cms\/wp-content\/uploads\/2024\/04\/gondel-225x300.jpeg 225w, https:\/\/kulturinsz.de\/cms\/wp-content\/uploads\/2024\/04\/gondel-768x1024.jpeg 768w, https:\/\/kulturinsz.de\/cms\/wp-content\/uploads\/2024\/04\/gondel.jpeg 800w\" sizes=\"(max-width: 325px) 100vw, 325px\" \/>Das Museum Europ\u00e4ischer Kulturen geht der Frage nach einer europ\u00e4ischen Identit\u00e4t nach. Zwischen venezianischer Gondel und Berliner D\u00f6nerspie\u00df l\u00e4sst es sich durch regionale Kulturen wie Weihnachtslandschaftsmodelle aus dem Erzgebirge bummeln. Eine kritische Reflektion z.B. \u00fcber den Kolonialismus der europ\u00e4ischen Nationalstaaten scheint hier nicht gerade im Mittelpunkt zu stehen.<\/p>\n<p><a href=\"https:\/\/www.smb.museum\/museen-einrichtungen\/museum-europaeischer-kulturen\/home\/\">https:\/\/www.smb.museum\/museen-einrichtungen\/museum-europaeischer-kulturen\/home\/<\/a><\/p>\n","protected":false},"excerpt":{"rendered":"<p>| Info | Veranstaltungen | Anfahrt | Kommentare | Museum f\u00fcr Europ\u00e4ischer Kulturen Das Museum Europ\u00e4ischer Kulturen geht der Frage nach einer europ\u00e4ischen Identit\u00e4t nach. Zwischen venezianischer Gondel und Berliner D\u00f6nerspie\u00df l\u00e4sst es sich durch regionale Kulturen wie Weihnachtslandschaftsmodelle aus &hellip; <a href=\"https:\/\/kulturinsz.de\/cms\/orte\/museen\/museum-europaeischer-kulturen\/\">Weiterlesen <span class=\"meta-nav\">&rarr;<\/span><\/a><\/p>\n","protected":false},"author":3,"featured_media":0,"parent":91,"menu_order":0,"comment_status":"closed","ping_status":"closed","template":"","meta":[],"_links":{"self":[{"href":"https:\/\/kulturinsz.de\/cms\/wp-json\/wp\/v2\/pages\/13095"}],"collection":[{"href":"https:\/\/kulturinsz.de\/cms\/wp-json\/wp\/v2\/pages"}],"about":[{"href":"https:\/\/kulturinsz.de\/cms\/wp-json\/wp\/v2\/types\/page"}],"author":[{"embeddable":true,"href":"https:\/\/kulturinsz.de\/cms\/wp-json\/wp\/v2\/users\/3"}],"replies":[{"embeddable":true,"href":"https:\/\/kulturinsz.de\/cms\/wp-json\/wp\/v2\/comments?post=13095"}],"version-history":[{"count":4,"href":"https:\/\/kulturinsz.de\/cms\/wp-json\/wp\/v2\/pages\/13095\/revisions"}],"predecessor-version":[{"id":13104,"href":"https:\/\/kulturinsz.de\/cms\/wp-json\/wp\/v2\/pages\/13095\/revisions\/13104"}],"up":[{"embeddable":true,"href":"https:\/\/kulturinsz.de\/cms\/wp-json\/wp\/v2\/pages\/91"}],"wp:attachment":[{"href":"https:\/\/kulturinsz.de\/cms\/wp-json\/wp\/v2\/media?parent=13095"}],"curies":[{"name":"wp","href":"https:\/\/api.w.org\/{rel}","templated":true}]}}