{"id":134,"date":"2013-04-30T11:01:14","date_gmt":"2013-04-30T11:01:14","guid":{"rendered":"http:\/\/kulturinsz.de\/cms\/?page_id=134"},"modified":"2013-07-18T01:24:00","modified_gmt":"2013-07-17T23:24:00","slug":"stadtfuhrerinnen","status":"publish","type":"page","link":"https:\/\/kulturinsz.de\/cms\/menschen\/stadtfuhrerinnen\/","title":{"rendered":"Stadtf\u00fchrungen"},"content":{"rendered":"<p>Stadtf\u00fchrungen in Steglitz-Zehlendorf bieten:<\/p>\n<ul>\n<li><a title=\"Claudia v. G\u00e9lieu\" href=\"http:\/\/kulturinsz.de\/cms\/menschen\/stadtfuhrerinnen\/claudia-v-gelieu\/\">Claudia von G\u00e9lieu<\/a><\/li>\n<li><a title=\"Individuelle Stadtspazierg\u00e4nge Jenny Schon\" href=\"http:\/\/kulturinsz.de\/cms\/menschen\/stadtfuhrerinnen\/individuelle-stadtspaziergange-jenny-schon\/\">Individuelle Stadtspazierg\u00e4nge Jenny Schon<\/a><\/li>\n<li><a title=\"minoy Services\" href=\"http:\/\/kulturinsz.de\/cms\/menschen\/stadtfuhrerinnen\/minoy-services\/\">minoy Services<\/a><\/li>\n<\/ul>\n<p>Sie bieten auch Stadtf\u00fchrungen an? Wir w\u00fcrden uns freuen, Sie hier mit aufzulisten. Mail an info@KulturInSZ.de<\/p>\n","protected":false},"excerpt":{"rendered":"<p>Stadtf\u00fchrungen in Steglitz-Zehlendorf bieten: Claudia von G\u00e9lieu Individuelle Stadtspazierg\u00e4nge Jenny Schon minoy Services Sie bieten auch Stadtf\u00fchrungen an? Wir w\u00fcrden uns freuen, Sie hier mit aufzulisten. Mail an info@KulturInSZ.de<\/p>\n","protected":false},"author":3,"featured_media":0,"parent":13,"menu_order":0,"comment_status":"open","ping_status":"open","template":"seite-mit-blog-aktuelles.php","meta":[],"_links":{"self":[{"href":"https:\/\/kulturinsz.de\/cms\/wp-json\/wp\/v2\/pages\/134"}],"collection":[{"href":"https:\/\/kulturinsz.de\/cms\/wp-json\/wp\/v2\/pages"}],"about":[{"href":"https:\/\/kulturinsz.de\/cms\/wp-json\/wp\/v2\/types\/page"}],"author":[{"embeddable":true,"href":"https:\/\/kulturinsz.de\/cms\/wp-json\/wp\/v2\/users\/3"}],"replies":[{"embeddable":true,"href":"https:\/\/kulturinsz.de\/cms\/wp-json\/wp\/v2\/comments?post=134"}],"version-history":[{"count":15,"href":"https:\/\/kulturinsz.de\/cms\/wp-json\/wp\/v2\/pages\/134\/revisions"}],"predecessor-version":[{"id":661,"href":"https:\/\/kulturinsz.de\/cms\/wp-json\/wp\/v2\/pages\/134\/revisions\/661"}],"up":[{"embeddable":true,"href":"https:\/\/kulturinsz.de\/cms\/wp-json\/wp\/v2\/pages\/13"}],"wp:attachment":[{"href":"https:\/\/kulturinsz.de\/cms\/wp-json\/wp\/v2\/media?parent=134"}],"curies":[{"name":"wp","href":"https:\/\/api.w.org\/{rel}","templated":true}]}}