{"id":1388,"date":"2013-05-03T13:06:27","date_gmt":"2013-05-03T13:06:27","guid":{"rendered":"http:\/\/kulturinsz.de\/cms\/?page_id=1388"},"modified":"2013-07-17T13:29:57","modified_gmt":"2013-07-17T11:29:57","slug":"schleichers-buchhandlung-dahlem-dorf","status":"publish","type":"page","link":"https:\/\/kulturinsz.de\/cms\/orte\/buchhandlungen\/schleichers-buchhandlung-dahlem-dorf\/","title":{"rendered":"Schleichers Buchhandlung Dahlem Dorf"},"content":{"rendered":"<p>| <a title=\"Schleichers Buchhandlung Dahlem Dorf\" href=\"http:\/\/kulturinsz.de\/cms\/orte\/buchhandlungen\/schleichers-buchhandlung-dahlem-dorf\/\">Info<\/a> | <a title=\"Schleichers Buchhandlung Dahlem Dorf\" href=\"http:\/\/kulturinsz.de\/cms\/locations\/schleichers-buchhandlung-dahlem-dorf\/\">Veranstaltungen<\/a> | <a title=\"Schleichers Buchhandlung Dahlem Dorf\" href=\"http:\/\/kulturinsz.de\/cms\/locations\/schleichers-buchhandlung-dahlem-dorf\/\">Anfahrt<\/a> | <a title=\"Schleichers Buchhandlung Dahlem Dorf\" href=\"http:\/\/kulturinsz.de\/cms\/orte\/buchhandlungen\/schleichers-buchhandlung-dahlem-dorf\/\">Kommentare<\/a> |<\/p>\n<p>Alteingesessene Buchhandlung mit umfangreichem Lesungsprogramm in der N\u00e4he der Freien Universit\u00e4t<\/p>\n<p>K\u00f6nigin-Luise-Str.41<br \/>\n14195 Berlin<br \/>\nTel: 030-841 902-0<br \/>\nFax: 030-841 902-13<br \/>\n<a href=\"mailto:info@schleichersbuch.de\">info@schleichersbuch.de<\/a><br \/>\n<a href=\"http:\/\/www.schleichersbuch.de\">www.schleichersbuch.de<\/a><\/p>\n","protected":false},"excerpt":{"rendered":"<p>| Info | Veranstaltungen | Anfahrt | Kommentare | Alteingesessene Buchhandlung mit umfangreichem Lesungsprogramm in der N\u00e4he der Freien Universit\u00e4t K\u00f6nigin-Luise-Str.41 14195 Berlin Tel: 030-841 902-0 Fax: 030-841 902-13 info@schleichersbuch.de www.schleichersbuch.de<\/p>\n","protected":false},"author":3,"featured_media":0,"parent":528,"menu_order":0,"comment_status":"open","ping_status":"open","template":"seite-mit-blog-aktuelles.php","meta":[],"_links":{"self":[{"href":"https:\/\/kulturinsz.de\/cms\/wp-json\/wp\/v2\/pages\/1388"}],"collection":[{"href":"https:\/\/kulturinsz.de\/cms\/wp-json\/wp\/v2\/pages"}],"about":[{"href":"https:\/\/kulturinsz.de\/cms\/wp-json\/wp\/v2\/types\/page"}],"author":[{"embeddable":true,"href":"https:\/\/kulturinsz.de\/cms\/wp-json\/wp\/v2\/users\/3"}],"replies":[{"embeddable":true,"href":"https:\/\/kulturinsz.de\/cms\/wp-json\/wp\/v2\/comments?post=1388"}],"version-history":[{"count":3,"href":"https:\/\/kulturinsz.de\/cms\/wp-json\/wp\/v2\/pages\/1388\/revisions"}],"predecessor-version":[{"id":2375,"href":"https:\/\/kulturinsz.de\/cms\/wp-json\/wp\/v2\/pages\/1388\/revisions\/2375"}],"up":[{"embeddable":true,"href":"https:\/\/kulturinsz.de\/cms\/wp-json\/wp\/v2\/pages\/528"}],"wp:attachment":[{"href":"https:\/\/kulturinsz.de\/cms\/wp-json\/wp\/v2\/media?parent=1388"}],"curies":[{"name":"wp","href":"https:\/\/api.w.org\/{rel}","templated":true}]}}