{"id":15,"date":"2013-04-30T09:59:55","date_gmt":"2013-04-30T07:59:55","guid":{"rendered":"http:\/\/kulturinsz.de\/cms\/?page_id=15"},"modified":"2013-07-17T17:22:14","modified_gmt":"2013-07-17T15:22:14","slug":"orte","status":"publish","type":"page","link":"https:\/\/kulturinsz.de\/cms\/orte\/","title":{"rendered":"Orte"},"content":{"rendered":"<p>| <a title=\"R\u00e4ume finden\" href=\"http:\/\/kulturinsz.de\/cms\/orte\/raume-finden\/\"> <strong>R\u00e4ume finden<\/strong><\/a> | <a title=\"Ateliers\" href=\"http:\/\/kulturinsz.de\/cms\/orte\/ateliers\/\">Ateliers<\/a> | <a title=\"Bibliotheken\" href=\"http:\/\/kulturinsz.de\/cms\/orte\/bibliotheken\/\">Bibliotheken<\/a> | <a title=\"Buchhandlungen\" href=\"http:\/\/kulturinsz.de\/cms\/orte\/buchhandlungen\/\">Buchhandlungen<\/a> | <a title=\"Denkm\u00e4ler\" href=\"http:\/\/kulturinsz.de\/cms\/orte\/denkmaeler\/\">Denkm\u00e4ler<\/a> | <a title=\"Galerien\" href=\"http:\/\/kulturinsz.de\/cms\/orte\/galerien\/\">Galerien<\/a> | <a title=\"G\u00e4rten\" href=\"http:\/\/kulturinsz.de\/cms\/orte\/garten\/\"> G\u00e4rten<\/a> | <a title=\"Kinos\" href=\"http:\/\/kulturinsz.de\/cms\/orte\/kinos\/\">Kinos<\/a> | <a title=\"Kneipen-Kultur\" href=\"http:\/\/kulturinsz.de\/cms\/orte\/kneipen-kultur\/\">Kneipen-Kultur<\/a> | <a title=\"Kulturkiosk\" href=\"http:\/\/kulturinsz.de\/cms\/orte\/kulturkiosk\/\">Kulturkiosk<\/a> | <a title=\"Museen\" href=\"http:\/\/kulturinsz.de\/cms\/orte\/museen\/\">Museen<\/a> | <a title=\"Musikschulen\" href=\"http:\/\/kulturinsz.de\/cms\/orte\/musikschulen\/\">Musikschulen<\/a> | <a title=\"Nachbarschaftszentren\" href=\"http:\/\/kulturinsz.de\/cms\/orte\/nachbarschaftszentren\/\">Nachbarschaftszentren<\/a> | <a title=\"Partnerst\u00e4dte\" href=\"http:\/\/kulturinsz.de\/cms\/orte\/partnerstadte\/\">Partnerst\u00e4dte<\/a> | <a title=\"Planetarium\" href=\"http:\/\/kulturinsz.de\/cms\/orte\/planetarium\/\">Planetarium<\/a> | <a title=\"Ruine der K\u00fcnste\" href=\"http:\/\/kulturinsz.de\/cms\/orte\/ruine-der-kuenste\/\">Ruine der K\u00fcnste<\/a> | <a title=\"Schwartzsche Villa\" href=\"http:\/\/kulturinsz.de\/cms\/orte\/schwartzsche-villa\/\">Schwartzsche Villa<\/a> | <a title=\"Stra\u00dfen\" href=\"http:\/\/kulturinsz.de\/cms\/orte\/strassen\/\"> Stra\u00dfen<\/a> | <a title=\"Theater\" href=\"http:\/\/kulturinsz.de\/cms\/orte\/theater\/\">Theater<\/a> | <a title=\"Unbekannte Orte\" href=\"http:\/\/kulturinsz.de\/cms\/orte\/unbekannte-orte\/\">Unbekannte Orte<\/a> | <a title=\"Volkshochschule\" href=\"http:\/\/kulturinsz.de\/cms\/orte\/volkshochschule\/\">Volkshochschule<\/a> |<\/p>\n","protected":false},"excerpt":{"rendered":"<p>| R\u00e4ume finden | Ateliers | Bibliotheken | Buchhandlungen | Denkm\u00e4ler | Galerien | G\u00e4rten | Kinos | Kneipen-Kultur | Kulturkiosk | Museen | Musikschulen | Nachbarschaftszentren | Partnerst\u00e4dte | Planetarium | Ruine der K\u00fcnste | Schwartzsche Villa | Stra\u00dfen &hellip; <a href=\"https:\/\/kulturinsz.de\/cms\/orte\/\">Weiterlesen <span class=\"meta-nav\">&rarr;<\/span><\/a><\/p>\n","protected":false},"author":3,"featured_media":0,"parent":0,"menu_order":4,"comment_status":"open","ping_status":"closed","template":"seite-mit-blog-aktuelles.php","meta":[],"_links":{"self":[{"href":"https:\/\/kulturinsz.de\/cms\/wp-json\/wp\/v2\/pages\/15"}],"collection":[{"href":"https:\/\/kulturinsz.de\/cms\/wp-json\/wp\/v2\/pages"}],"about":[{"href":"https:\/\/kulturinsz.de\/cms\/wp-json\/wp\/v2\/types\/page"}],"author":[{"embeddable":true,"href":"https:\/\/kulturinsz.de\/cms\/wp-json\/wp\/v2\/users\/3"}],"replies":[{"embeddable":true,"href":"https:\/\/kulturinsz.de\/cms\/wp-json\/wp\/v2\/comments?post=15"}],"version-history":[{"count":12,"href":"https:\/\/kulturinsz.de\/cms\/wp-json\/wp\/v2\/pages\/15\/revisions"}],"predecessor-version":[{"id":2488,"href":"https:\/\/kulturinsz.de\/cms\/wp-json\/wp\/v2\/pages\/15\/revisions\/2488"}],"wp:attachment":[{"href":"https:\/\/kulturinsz.de\/cms\/wp-json\/wp\/v2\/media?parent=15"}],"curies":[{"name":"wp","href":"https:\/\/api.w.org\/{rel}","templated":true}]}}