{"id":1626,"date":"2013-05-03T22:00:20","date_gmt":"2013-05-03T22:00:20","guid":{"rendered":"http:\/\/kulturinsz.de\/cms\/?page_id=1626"},"modified":"2023-09-15T15:39:40","modified_gmt":"2023-09-15T13:39:40","slug":"kulturausschuss","status":"publish","type":"page","link":"https:\/\/kulturinsz.de\/cms\/politik\/kulturausschuss\/","title":{"rendered":"Kulturausschuss"},"content":{"rendered":"<p>Der bezirkliche Kulturausschuss der Bezirksverordnetenversammlung (BVV) tagt monatlich in Anwesenheit der Stadtr\u00e4tin. Themen sind dabei Bildung (VHS und Musikschule), Kultur (Kulturamt, Kulturleben) und B\u00fcrgerservice (B\u00fcrgeramt).<\/p>\n<p>\u00dcbersicht \u00fcber Teilnehmer und Termine:<\/p>\n<p><a href=\"https:\/\/www.berlin.de\/ba-steglitz-zehlendorf\/politik-und-verwaltung\/bezirksverordnetenversammlung\/online\/au020.asp?AULFDNR=60&amp;altoption=Ausschuss\" target=\"_blank\" rel=\"noopener\">https:\/\/www.berlin.de\/ba-steglitz-zehlendorf\/politik-und-verwaltung\/bezirksverordnetenversammlung\/online\/au020.asp?AULFDNR=60&amp;altoption=Ausschuss<\/a><\/p>\n<p>&nbsp;<\/p>\n","protected":false},"excerpt":{"rendered":"<p>Der bezirkliche Kulturausschuss der Bezirksverordnetenversammlung (BVV) tagt monatlich in Anwesenheit der Stadtr\u00e4tin. Themen sind dabei Bildung (VHS und Musikschule), Kultur (Kulturamt, Kulturleben) und B\u00fcrgerservice (B\u00fcrgeramt). \u00dcbersicht \u00fcber Teilnehmer und Termine: https:\/\/www.berlin.de\/ba-steglitz-zehlendorf\/politik-und-verwaltung\/bezirksverordnetenversammlung\/online\/au020.asp?AULFDNR=60&amp;altoption=Ausschuss &nbsp;<\/p>\n","protected":false},"author":3,"featured_media":0,"parent":19,"menu_order":0,"comment_status":"closed","ping_status":"closed","template":"seite-mit-blog-aktuelles.php","meta":[],"_links":{"self":[{"href":"https:\/\/kulturinsz.de\/cms\/wp-json\/wp\/v2\/pages\/1626"}],"collection":[{"href":"https:\/\/kulturinsz.de\/cms\/wp-json\/wp\/v2\/pages"}],"about":[{"href":"https:\/\/kulturinsz.de\/cms\/wp-json\/wp\/v2\/types\/page"}],"author":[{"embeddable":true,"href":"https:\/\/kulturinsz.de\/cms\/wp-json\/wp\/v2\/users\/3"}],"replies":[{"embeddable":true,"href":"https:\/\/kulturinsz.de\/cms\/wp-json\/wp\/v2\/comments?post=1626"}],"version-history":[{"count":6,"href":"https:\/\/kulturinsz.de\/cms\/wp-json\/wp\/v2\/pages\/1626\/revisions"}],"predecessor-version":[{"id":12027,"href":"https:\/\/kulturinsz.de\/cms\/wp-json\/wp\/v2\/pages\/1626\/revisions\/12027"}],"up":[{"embeddable":true,"href":"https:\/\/kulturinsz.de\/cms\/wp-json\/wp\/v2\/pages\/19"}],"wp:attachment":[{"href":"https:\/\/kulturinsz.de\/cms\/wp-json\/wp\/v2\/media?parent=1626"}],"curies":[{"name":"wp","href":"https:\/\/api.w.org\/{rel}","templated":true}]}}