{"id":164,"date":"2013-04-30T13:42:44","date_gmt":"2013-04-30T13:42:44","guid":{"rendered":"http:\/\/kulturinsz.de\/cms\/?page_id=164"},"modified":"2013-05-03T12:44:49","modified_gmt":"2013-05-03T12:44:49","slug":"bibliotheken","status":"publish","type":"page","link":"https:\/\/kulturinsz.de\/cms\/orte\/bibliotheken\/","title":{"rendered":"Bibliotheken"},"content":{"rendered":"<p><a title=\"Gottfried-Benn-Bibliothek\" href=\"http:\/\/kulturinsz.de\/cms\/orte\/bibliotheken\/gottfried-benn-bibliothek\/\">Gottfried-Benn-Bibliothek<\/a>, Nentersh\u00e4user Platz 1, 14163 Berlin | <a title=\"Ingeborg-Drewitz-Bibliothek\" href=\"http:\/\/kulturinsz.de\/cms\/orte\/bibliotheken\/ingeborg-drewitz-bibliothek\/\">Ingeborg-Drewitz-Bibliothek<\/a>, Grunewaldstra\u00dfe 3, 12165 Berlin | <a title=\"Stadtteilbibliothek Lankwitz\" href=\"http:\/\/kulturinsz.de\/cms\/orte\/bibliotheken\/stadtteilbibliothek-lankwitz\/\">Stadtteilbibliothek Lankwitz<\/a>, Bruchwitzstra\u00dfe 37, 12247 Berlin | Fahrbibliothek mit <a href=\"http:\/\/www.stadtbibliothek-steglitz-zehlendorf.de\/fahrbibl.html\" target=\"_blank\">Haltestellen<\/a><\/p>\n<p><iframe src=\"https:\/\/maps.google.com\/maps\/ms?msa=0&amp;msid=203787093150826018383.0004cf52b16c63ba11bc2&amp;hl=de&amp;ie=UTF8&amp;51.433173,13.238089&amp;t=m&amp;z=11&amp;output=embed\" height=\"350\" width=\"580\" frameborder=\"0\" marginwidth=\"0\" marginheight=\"0\" scrolling=\"no\"><\/iframe><br \/>\n<small><a style=\"color: #0000ff; text-align: left;\" href=\"https:\/\/maps.google.com\/maps\/ms?msa=0&amp;msid=203787093150826018383.0004cf52b16c63ba11bc2&amp;hl=de&amp;ie=UTF8&amp;t=m&amp;z=17&amp;source=embed\">Bibliotheken<\/a> auf einer gr\u00f6\u00dferen Karte anzeigen<\/small><\/p>\n","protected":false},"excerpt":{"rendered":"<p>Gottfried-Benn-Bibliothek, Nentersh\u00e4user Platz 1, 14163 Berlin | Ingeborg-Drewitz-Bibliothek, Grunewaldstra\u00dfe 3, 12165 Berlin | Stadtteilbibliothek Lankwitz, Bruchwitzstra\u00dfe 37, 12247 Berlin | Fahrbibliothek mit Haltestellen Bibliotheken auf einer gr\u00f6\u00dferen Karte anzeigen<\/p>\n","protected":false},"author":3,"featured_media":0,"parent":15,"menu_order":0,"comment_status":"open","ping_status":"open","template":"seite-mit-blog-aktuelles.php","meta":[],"_links":{"self":[{"href":"https:\/\/kulturinsz.de\/cms\/wp-json\/wp\/v2\/pages\/164"}],"collection":[{"href":"https:\/\/kulturinsz.de\/cms\/wp-json\/wp\/v2\/pages"}],"about":[{"href":"https:\/\/kulturinsz.de\/cms\/wp-json\/wp\/v2\/types\/page"}],"author":[{"embeddable":true,"href":"https:\/\/kulturinsz.de\/cms\/wp-json\/wp\/v2\/users\/3"}],"replies":[{"embeddable":true,"href":"https:\/\/kulturinsz.de\/cms\/wp-json\/wp\/v2\/comments?post=164"}],"version-history":[{"count":44,"href":"https:\/\/kulturinsz.de\/cms\/wp-json\/wp\/v2\/pages\/164\/revisions"}],"predecessor-version":[{"id":1379,"href":"https:\/\/kulturinsz.de\/cms\/wp-json\/wp\/v2\/pages\/164\/revisions\/1379"}],"up":[{"embeddable":true,"href":"https:\/\/kulturinsz.de\/cms\/wp-json\/wp\/v2\/pages\/15"}],"wp:attachment":[{"href":"https:\/\/kulturinsz.de\/cms\/wp-json\/wp\/v2\/media?parent=164"}],"curies":[{"name":"wp","href":"https:\/\/api.w.org\/{rel}","templated":true}]}}