{"id":177,"date":"2013-03-30T14:25:26","date_gmt":"2013-03-30T14:25:26","guid":{"rendered":"http:\/\/kulturinsz.de\/cms\/?page_id=177"},"modified":"2013-07-17T16:52:41","modified_gmt":"2013-07-17T14:52:41","slug":"fotografie","status":"publish","type":"page","link":"https:\/\/kulturinsz.de\/cms\/werke\/fotografie\/","title":{"rendered":"Fotografie"},"content":{"rendered":"<p>|<strong>D<\/strong>| <a title=\"Der Himmel \u00fcber Steglitz\" href=\"http:\/\/kulturinsz.de\/cms\/werke\/fotografie\/der-himmel-uber-steglitz\/\">Der Himmel \u00fcber Steglitz<\/a> |<\/p>\n<p>Sie fotografieren und w\u00fcrden hier gerne Ihre Werke zeigen?<\/p>\n<p>Gerne per Mail an info@KulturInSZ.de<\/p>\n<p>Bei gr\u00f6\u00dferen Dateien bitte vorher Kontakt aufnehmen! Danke!<\/p>\n","protected":false},"excerpt":{"rendered":"<p>|D| Der Himmel \u00fcber Steglitz | Sie fotografieren und w\u00fcrden hier gerne Ihre Werke zeigen? Gerne per Mail an info@KulturInSZ.de Bei gr\u00f6\u00dferen Dateien bitte vorher Kontakt aufnehmen! Danke!<\/p>\n","protected":false},"author":3,"featured_media":0,"parent":17,"menu_order":0,"comment_status":"open","ping_status":"open","template":"seite-mit-blog-aktuelles.php","meta":[],"_links":{"self":[{"href":"https:\/\/kulturinsz.de\/cms\/wp-json\/wp\/v2\/pages\/177"}],"collection":[{"href":"https:\/\/kulturinsz.de\/cms\/wp-json\/wp\/v2\/pages"}],"about":[{"href":"https:\/\/kulturinsz.de\/cms\/wp-json\/wp\/v2\/types\/page"}],"author":[{"embeddable":true,"href":"https:\/\/kulturinsz.de\/cms\/wp-json\/wp\/v2\/users\/3"}],"replies":[{"embeddable":true,"href":"https:\/\/kulturinsz.de\/cms\/wp-json\/wp\/v2\/comments?post=177"}],"version-history":[{"count":9,"href":"https:\/\/kulturinsz.de\/cms\/wp-json\/wp\/v2\/pages\/177\/revisions"}],"predecessor-version":[{"id":1607,"href":"https:\/\/kulturinsz.de\/cms\/wp-json\/wp\/v2\/pages\/177\/revisions\/1607"}],"up":[{"embeddable":true,"href":"https:\/\/kulturinsz.de\/cms\/wp-json\/wp\/v2\/pages\/17"}],"wp:attachment":[{"href":"https:\/\/kulturinsz.de\/cms\/wp-json\/wp\/v2\/media?parent=177"}],"curies":[{"name":"wp","href":"https:\/\/api.w.org\/{rel}","templated":true}]}}