{"id":2750,"date":"2013-08-05T23:45:38","date_gmt":"2013-08-05T21:45:38","guid":{"rendered":"http:\/\/kulturinsz.de\/cms\/?page_id=2750"},"modified":"2013-09-12T16:09:13","modified_gmt":"2013-09-12T14:09:13","slug":"theater-nikolassee","status":"publish","type":"page","link":"https:\/\/kulturinsz.de\/cms\/menschen\/theatergruppen\/theater-nikolassee\/","title":{"rendered":"Theater Nikolassee"},"content":{"rendered":"<p><span style=\"color: #999999;\">Ver\u00f6ffentlicht am 12. September 2013 von <a href=\"http:\/\/kulturinsz.de\/cms\/author\/andreas-kandschur\"><span style=\"color: #999999;\">Andreas Kandschur<\/span><\/a><\/span><\/p>\n<p><a href=\"http:\/\/kulturinsz.de\/cms\/wp-content\/uploads\/2013\/08\/Theater-Nikolassee.jpg\"><img loading=\"lazy\" class=\"alignleft size-full wp-image-3331\" alt=\"Theater Nikolassee\" src=\"http:\/\/kulturinsz.de\/cms\/wp-content\/uploads\/2013\/08\/Theater-Nikolassee.jpg\" width=\"320\" height=\"221\" srcset=\"https:\/\/kulturinsz.de\/cms\/wp-content\/uploads\/2013\/08\/Theater-Nikolassee.jpg 369w, https:\/\/kulturinsz.de\/cms\/wp-content\/uploads\/2013\/08\/Theater-Nikolassee-300x207.jpg 300w\" sizes=\"(max-width: 320px) 100vw, 320px\" \/><\/a>Das Theater Nikolassee ist ein Amateurtheater im Bezirk Steglitz-Zehlendorf. Wir spielen allj\u00e4hrlich an 6 Abenden, meist im Monat M\u00e4rz. Zu unserem Repertoire geh\u00f6ren heitere St\u00fccke, aber auch Kriminalst\u00fccke, sowie Theaterversionen ber\u00fchmter Musicals und Operetten. Besucher aus ganz Berlin kommen jedes Jahr zu unseren Vorstellungen. Das Theater Nikolassee ist Mitglied im Verband Berliner Amateurtheater e.V. sowie im Bund Deutscher Amateurtheater. Unser Auftrittsort ist der Jochen Klepper Saal, im Kirchweg 6 in 14129 Berlin<\/p>\n<p><a href=\"http:\/\/www.theaternikolassee.de\" target=\"_blank\">www.theaternikolassee.de<\/a><\/p>\n","protected":false},"excerpt":{"rendered":"<p>Ver\u00f6ffentlicht am 12. September 2013 von Andreas Kandschur Das Theater Nikolassee ist ein Amateurtheater im Bezirk Steglitz-Zehlendorf. Wir spielen allj\u00e4hrlich an 6 Abenden, meist im Monat M\u00e4rz. Zu unserem Repertoire geh\u00f6ren heitere St\u00fccke, aber auch Kriminalst\u00fccke, sowie Theaterversionen ber\u00fchmter Musicals &hellip; <a href=\"https:\/\/kulturinsz.de\/cms\/menschen\/theatergruppen\/theater-nikolassee\/\">Weiterlesen <span class=\"meta-nav\">&rarr;<\/span><\/a><\/p>\n","protected":false},"author":3,"featured_media":0,"parent":346,"menu_order":0,"comment_status":"open","ping_status":"open","template":"seite-mit-blog-aktuelles.php","meta":[],"_links":{"self":[{"href":"https:\/\/kulturinsz.de\/cms\/wp-json\/wp\/v2\/pages\/2750"}],"collection":[{"href":"https:\/\/kulturinsz.de\/cms\/wp-json\/wp\/v2\/pages"}],"about":[{"href":"https:\/\/kulturinsz.de\/cms\/wp-json\/wp\/v2\/types\/page"}],"author":[{"embeddable":true,"href":"https:\/\/kulturinsz.de\/cms\/wp-json\/wp\/v2\/users\/3"}],"replies":[{"embeddable":true,"href":"https:\/\/kulturinsz.de\/cms\/wp-json\/wp\/v2\/comments?post=2750"}],"version-history":[{"count":6,"href":"https:\/\/kulturinsz.de\/cms\/wp-json\/wp\/v2\/pages\/2750\/revisions"}],"predecessor-version":[{"id":2753,"href":"https:\/\/kulturinsz.de\/cms\/wp-json\/wp\/v2\/pages\/2750\/revisions\/2753"}],"up":[{"embeddable":true,"href":"https:\/\/kulturinsz.de\/cms\/wp-json\/wp\/v2\/pages\/346"}],"wp:attachment":[{"href":"https:\/\/kulturinsz.de\/cms\/wp-json\/wp\/v2\/media?parent=2750"}],"curies":[{"name":"wp","href":"https:\/\/api.w.org\/{rel}","templated":true}]}}