{"id":2756,"date":"2013-08-06T01:35:29","date_gmt":"2013-08-05T23:35:29","guid":{"rendered":"http:\/\/kulturinsz.de\/cms\/?page_id=2756"},"modified":"2013-08-06T01:35:30","modified_gmt":"2013-08-05T23:35:30","slug":"deutsches-blinden-museum","status":"publish","type":"page","link":"https:\/\/kulturinsz.de\/cms\/orte\/museen\/deutsches-blinden-museum\/","title":{"rendered":"Deutsches Blinden-Museum"},"content":{"rendered":"<p>Rothenburgstra\u00dfe 14<br \/>\n12165 Berlin \/ Steglitz<\/p>\n<p>Tel. 030 79 70 90 94<br \/>\nFax. 030 797 09 095<br \/>\nE-Mail: Blindenmuseum@gmx.de<br \/>\nWeb: <a href=\"http:\/\/www.blindenmuseum-berlin.de\/\" target=\"_blank\">www.blindenmuseum-berlin.de\/<\/a><\/p>\n<p><b>\u00d6ffnungszeiten:<\/b><br \/>\nMi 15-18 Uhr<br \/>\n<b>F\u00fchrungen:<\/b><br \/>\nOffene F\u00fchrung findet jeden 1. Sonntag im Monat um 11 Uhr statt<\/p>\n<p><b>Verkehrsverbindung: <\/b><br \/>\nBus: 170, 186, 188, 282, 283, 284, 285, 380, X83, N88<br \/>\nTram: Bus M48, M82, M85 Rathaus Steglitz<br \/>\nS-Bahn: S1 Rathaus Steglitz<br \/>\nU-Bahn: U9 Rathaus Steglitz<\/p>\n","protected":false},"excerpt":{"rendered":"<p>Rothenburgstra\u00dfe 14 12165 Berlin \/ Steglitz Tel. 030 79 70 90 94 Fax. 030 797 09 095 E-Mail: Blindenmuseum@gmx.de Web: www.blindenmuseum-berlin.de\/ \u00d6ffnungszeiten: Mi 15-18 Uhr F\u00fchrungen: Offene F\u00fchrung findet jeden 1. Sonntag im Monat um 11 Uhr statt Verkehrsverbindung: Bus: &hellip; <a href=\"https:\/\/kulturinsz.de\/cms\/orte\/museen\/deutsches-blinden-museum\/\">Weiterlesen <span class=\"meta-nav\">&rarr;<\/span><\/a><\/p>\n","protected":false},"author":3,"featured_media":0,"parent":91,"menu_order":0,"comment_status":"open","ping_status":"open","template":"seite-mit-blog-aktuelles.php","meta":[],"_links":{"self":[{"href":"https:\/\/kulturinsz.de\/cms\/wp-json\/wp\/v2\/pages\/2756"}],"collection":[{"href":"https:\/\/kulturinsz.de\/cms\/wp-json\/wp\/v2\/pages"}],"about":[{"href":"https:\/\/kulturinsz.de\/cms\/wp-json\/wp\/v2\/types\/page"}],"author":[{"embeddable":true,"href":"https:\/\/kulturinsz.de\/cms\/wp-json\/wp\/v2\/users\/3"}],"replies":[{"embeddable":true,"href":"https:\/\/kulturinsz.de\/cms\/wp-json\/wp\/v2\/comments?post=2756"}],"version-history":[{"count":2,"href":"https:\/\/kulturinsz.de\/cms\/wp-json\/wp\/v2\/pages\/2756\/revisions"}],"predecessor-version":[{"id":2758,"href":"https:\/\/kulturinsz.de\/cms\/wp-json\/wp\/v2\/pages\/2756\/revisions\/2758"}],"up":[{"embeddable":true,"href":"https:\/\/kulturinsz.de\/cms\/wp-json\/wp\/v2\/pages\/91"}],"wp:attachment":[{"href":"https:\/\/kulturinsz.de\/cms\/wp-json\/wp\/v2\/media?parent=2756"}],"curies":[{"name":"wp","href":"https:\/\/api.w.org\/{rel}","templated":true}]}}