{"id":2773,"date":"2013-08-07T11:39:25","date_gmt":"2013-08-07T09:39:25","guid":{"rendered":"http:\/\/kulturinsz.de\/cms\/?page_id=2773"},"modified":"2013-08-07T11:59:11","modified_gmt":"2013-08-07T09:59:11","slug":"strandbad-wannsee","status":"publish","type":"page","link":"https:\/\/kulturinsz.de\/cms\/orte\/denkmaeler\/strandbad-wannsee\/","title":{"rendered":"Strandbad Wannsee"},"content":{"rendered":"<p><img loading=\"lazy\" class=\"alignright\" alt=\"\" src=\"http:\/\/upload.wikimedia.org\/wikipedia\/commons\/thumb\/f\/f5\/Strandbad_Wannsee_07.jpg\/800px-Strandbad_Wannsee_07.jpg\" width=\"299\" height=\"169\" \/>Das heutige Strandbad Wannsee basiert auf den Planungen des Architekten Martin Wagner, der 1915 ein erstes Bebauungskonzept f\u00fcr die bis dahin noch kaum erschlossene Badestelle am Ufer des Gro\u00dfen Wannsees erarbeitete und 1927 schlie\u00dflich ein modernes \u201eWeltstadtbad\u201c im Sinne der Neuen Sachlichkeit konzipierte. Der denkmalgesch\u00fctzte Geb\u00e4udekomplex mit einer L\u00e4nge von 540 Metern wurde von 1929 bis 1930 nach Entw\u00fcrfen des Architekten Richard Ermisch und des ihm unterstellten Oberbaurates Haenisch errichtet.<\/p>\n<div style=\"width: 309px\" class=\"wp-caption alignleft\"><img loading=\"lazy\" class=\"  \" alt=\"\" src=\"http:\/\/upload.wikimedia.org\/wikipedia\/commons\/5\/5c\/Bundesarchiv_Bild_102-00654A%2C_Berlin%2C_Strandbad_Wannsee.jpg\" width=\"299\" height=\"206\" \/><p class=\"wp-caption-text\">Strandbad Wannsee um 1926 (Bild: Bundesarchiv)<\/p><\/div>\n<p>Juden wurde der Besuch \u00f6ffentlicher Badeanstalten, au\u00dfer w\u00e4hrend der Olympischen Sommerspiele 1936, generell verboten. Ab 1942 wurde das bis dahin strafbare Nacktbaden innerhalb ausgewiesener Bereiche erstmals offiziell erlaubt. W\u00e4hrend des Zweiten Weltkrieges war in einigen Geb\u00e4uden des Strandbades Wannsee die Organisation Todt untergebracht. Nach 1945 wurde der Badebetrieb in dem von Kriegseinwirkungen weitgehend verschont gebliebenen Strandbad Wannsee fortgesetzt.<\/p>\n<p><img loading=\"lazy\" class=\"alignright\" alt=\"\" src=\"http:\/\/upload.wikimedia.org\/wikipedia\/commons\/thumb\/4\/4f\/Strandbad_Wannsee_01.jpg\/800px-Strandbad_Wannsee_01.jpg\" width=\"299\" height=\"223\" \/>Das aus den 1920er Jahren stammende Eingangsgeb\u00e4ude beherbergt die Verwaltung des Strandbades; bis Anfang der 1950er Jahre befand sich darin auch ein saisonal ge\u00f6ffnetes Postamt. Die durch ein unteres und oberes Promenadendeck miteinander verbundenen doppelgeschossigen Hallen verf\u00fcgen oben \u00fcber Umkleider\u00e4ume (Sammelumkleiden mit Spinden und saisonal anmietbare Einzelkabinen) sowie unten \u00fcber Verkaufsst\u00e4nde, sanit\u00e4re Anlagen (Duschen und Toiletten), Aufsichts-, Lager- und Versorgungseinrichtungen (Schwimmmeister- und Fundb\u00fcro, Strandkorb- und Liegestuhlverleih, Erste-Hilfe-Station).<\/p>\n<p>Mit einem Lied \u00fcber das Strandbad Wannsee unter dem Titel Pack die Badehose ein wurde Cornelia Froboess 1951 zum Kinderstar. Das Lied hatte ihr Vater Gerhard Froboess urspr\u00fcnglich f\u00fcr die Sch\u00f6neberger S\u00e4ngerknaben komponiert (Text von Hans Bradtke). Es wurde dort aber zun\u00e4chst abgelehnt. Der Vorfall vom 5. August 1952, als ein M\u00e4dchen im Strandbad Wannsee durch einen amerikanischen Querschl\u00e4ger verletzt wurde, inspirierte die ostdeutsche Kabarettistin Gina Presgott zu einer Satireversion auf die Melodie von Froboess\u2019 Schlager mit dem Text: &#8220;Schlie\u00df\u2019 die Badehose ein, lass\u2019 das Baden lieber sein, denn der Ami schie\u00dft am Wannsee&#8221;. (Quelle: <a href=\"http:\/\/de.wikipedia.org\/wiki\/Strandbad_Wannsee\" target=\"_blank\">Wikipedia<\/a>)<\/p>\n<div id=\"attachment_2774\" style=\"width: 608px\" class=\"wp-caption aligncenter\"><a href=\"http:\/\/kulturinsz.de\/cms\/wp-content\/uploads\/2013\/08\/Strandbad_Wannsee_Panorama2013.jpg\"><img aria-describedby=\"caption-attachment-2774\" loading=\"lazy\" class=\" wp-image-2774\" alt=\"Strandbad_Wannsee_Panorama2013\" src=\"http:\/\/kulturinsz.de\/cms\/wp-content\/uploads\/2013\/08\/Strandbad_Wannsee_Panorama2013.jpg\" width=\"598\" height=\"129\" srcset=\"https:\/\/kulturinsz.de\/cms\/wp-content\/uploads\/2013\/08\/Strandbad_Wannsee_Panorama2013.jpg 1000w, https:\/\/kulturinsz.de\/cms\/wp-content\/uploads\/2013\/08\/Strandbad_Wannsee_Panorama2013-300x64.jpg 300w\" sizes=\"(max-width: 598px) 100vw, 598px\" \/><\/a><p id=\"caption-attachment-2774\" class=\"wp-caption-text\">Strandbad Wannsee 2013<\/p><\/div>\n<p style=\"text-align: center;\">\n","protected":false},"excerpt":{"rendered":"<p>Das heutige Strandbad Wannsee basiert auf den Planungen des Architekten Martin Wagner, der 1915 ein erstes Bebauungskonzept f\u00fcr die bis dahin noch kaum erschlossene Badestelle am Ufer des Gro\u00dfen Wannsees erarbeitete und 1927 schlie\u00dflich ein modernes \u201eWeltstadtbad\u201c im Sinne der &hellip; <a href=\"https:\/\/kulturinsz.de\/cms\/orte\/denkmaeler\/strandbad-wannsee\/\">Weiterlesen <span class=\"meta-nav\">&rarr;<\/span><\/a><\/p>\n","protected":false},"author":3,"featured_media":0,"parent":132,"menu_order":0,"comment_status":"open","ping_status":"open","template":"seite-mit-blog-aktuelles.php","meta":[],"_links":{"self":[{"href":"https:\/\/kulturinsz.de\/cms\/wp-json\/wp\/v2\/pages\/2773"}],"collection":[{"href":"https:\/\/kulturinsz.de\/cms\/wp-json\/wp\/v2\/pages"}],"about":[{"href":"https:\/\/kulturinsz.de\/cms\/wp-json\/wp\/v2\/types\/page"}],"author":[{"embeddable":true,"href":"https:\/\/kulturinsz.de\/cms\/wp-json\/wp\/v2\/users\/3"}],"replies":[{"embeddable":true,"href":"https:\/\/kulturinsz.de\/cms\/wp-json\/wp\/v2\/comments?post=2773"}],"version-history":[{"count":11,"href":"https:\/\/kulturinsz.de\/cms\/wp-json\/wp\/v2\/pages\/2773\/revisions"}],"predecessor-version":[{"id":2776,"href":"https:\/\/kulturinsz.de\/cms\/wp-json\/wp\/v2\/pages\/2773\/revisions\/2776"}],"up":[{"embeddable":true,"href":"https:\/\/kulturinsz.de\/cms\/wp-json\/wp\/v2\/pages\/132"}],"wp:attachment":[{"href":"https:\/\/kulturinsz.de\/cms\/wp-json\/wp\/v2\/media?parent=2773"}],"curies":[{"name":"wp","href":"https:\/\/api.w.org\/{rel}","templated":true}]}}