{"id":2787,"date":"2013-08-07T13:29:16","date_gmt":"2013-08-07T11:29:16","guid":{"rendered":"http:\/\/kulturinsz.de\/cms\/?page_id=2787"},"modified":"2013-08-07T13:53:58","modified_gmt":"2013-08-07T11:53:58","slug":"kz-ausenlager-lichterfelde","status":"publish","type":"page","link":"https:\/\/kulturinsz.de\/cms\/orte\/denkmaeler\/kz-ausenlager-lichterfelde\/","title":{"rendered":"KZ-Au\u00dfenlager Lichterfelde"},"content":{"rendered":"<p>| <a href=\"http:\/\/kulturinsz.de\/cms\/orte\/denkmaeler\/kz-ausenlager-lichterfelde\/\">Info<\/a> | <a href=\"http:\/\/kulturinsz.de\/cms\/locations\/kz-ausenlager-lichterfelde\/\">Veranstaltungen<\/a> | <a href=\"http:\/\/kulturinsz.de\/cms\/locations\/kz-ausenlager-lichterfelde\/\">Anfahrt<\/a> | <a href=\"http:\/\/kulturinsz.de\/cms\/orte\/denkmaeler\/kz-ausenlager-lichterfelde\/\">Kommentare<\/a> |<\/p>\n<p><a href=\"http:\/\/kulturinsz.de\/cms\/wp-content\/uploads\/2013\/08\/Stele_KZ_Aussenlager.jpg\"><img loading=\"lazy\" class=\"size-full wp-image-2793 alignleft\" alt=\"Stele_KZ_Aussenlager\" src=\"http:\/\/kulturinsz.de\/cms\/wp-content\/uploads\/2013\/08\/Stele_KZ_Aussenlager.jpg\" width=\"301\" height=\"570\" srcset=\"https:\/\/kulturinsz.de\/cms\/wp-content\/uploads\/2013\/08\/Stele_KZ_Aussenlager.jpg 423w, https:\/\/kulturinsz.de\/cms\/wp-content\/uploads\/2013\/08\/Stele_KZ_Aussenlager-158x300.jpg 158w\" sizes=\"(max-width: 301px) 100vw, 301px\" \/><\/a>Dieses Au\u00dfenlager des Konzentrations-lagers Sachsenhausen an der Wismarer Stra\u00dfe bestand von Juni 1942 bis April 1945. Zwischen 1943 und 1945 waren hier dauerhaft 1000-1500 Insassen untergebracht, die im Berliner Raum Bauvorhaben f\u00fcr die SS auszuf\u00fchren hatten. Ihre Nationalit\u00e4ten reichten von Deutschen \u00fcber Belgier, Franzosen, Griechen, Luxemburger, Niederl\u00e4nder, Norweger, \u00d6sterreicher, Polen, Russen, Ukrainer und Tschechoslowaken. Haftgr\u00fcnde waren politische (z.B. Beugehaft), soziale (&#8220;Asozialit\u00e4t&#8221;, Zeugen Jehovas) oder rassistische (Sinti, Roma).<\/p>\n<p>Kurz vor Einmarsch und Aufl\u00f6sung des Lagers durch die Rote Armee wurden die KZ-H\u00e4ftlinge ins KZ Sachsenhausen transportiert, von wo aus sie an einem gewaltsamen Todesmarsch an die Ostsee teilnahmen.<\/p>\n<p>&nbsp;<\/p>\n<p>Die Initiative &#8220;KZ-Au\u00dfenlager Lichterfelde e.V.&#8221; befasst sich als Verein mit der Geschichte dieses Ortes und der damit verbundenen Schicksale: <a href=\"http:\/\/www.ikz-lichterfelde.de\">www.ikz-lichterfelde.de<br \/>\n<\/a><\/p>\n<p>Eine vom Verein herausgegebene Brosch\u00fcre zum Thema <img loading=\"lazy\" class=\"alignleft\" alt=\"\" src=\"http:\/\/www.beam-ebooks.de\/bilder\/52115.png\" width=\"196\" height=\"280\" \/>findet sich <a href=\"http:\/\/www.beam-ebooks.de\/ebook\/52115\" target=\"_blank\">hier<\/a> gratis zum Download.<\/p>\n","protected":false},"excerpt":{"rendered":"<p>| Info | Veranstaltungen | Anfahrt | Kommentare | Dieses Au\u00dfenlager des Konzentrations-lagers Sachsenhausen an der Wismarer Stra\u00dfe bestand von Juni 1942 bis April 1945. Zwischen 1943 und 1945 waren hier dauerhaft 1000-1500 Insassen untergebracht, die im Berliner Raum Bauvorhaben &hellip; <a href=\"https:\/\/kulturinsz.de\/cms\/orte\/denkmaeler\/kz-ausenlager-lichterfelde\/\">Weiterlesen <span class=\"meta-nav\">&rarr;<\/span><\/a><\/p>\n","protected":false},"author":3,"featured_media":0,"parent":132,"menu_order":0,"comment_status":"open","ping_status":"open","template":"seite-mit-blog-aktuelles.php","meta":[],"_links":{"self":[{"href":"https:\/\/kulturinsz.de\/cms\/wp-json\/wp\/v2\/pages\/2787"}],"collection":[{"href":"https:\/\/kulturinsz.de\/cms\/wp-json\/wp\/v2\/pages"}],"about":[{"href":"https:\/\/kulturinsz.de\/cms\/wp-json\/wp\/v2\/types\/page"}],"author":[{"embeddable":true,"href":"https:\/\/kulturinsz.de\/cms\/wp-json\/wp\/v2\/users\/3"}],"replies":[{"embeddable":true,"href":"https:\/\/kulturinsz.de\/cms\/wp-json\/wp\/v2\/comments?post=2787"}],"version-history":[{"count":6,"href":"https:\/\/kulturinsz.de\/cms\/wp-json\/wp\/v2\/pages\/2787\/revisions"}],"predecessor-version":[{"id":2791,"href":"https:\/\/kulturinsz.de\/cms\/wp-json\/wp\/v2\/pages\/2787\/revisions\/2791"}],"up":[{"embeddable":true,"href":"https:\/\/kulturinsz.de\/cms\/wp-json\/wp\/v2\/pages\/132"}],"wp:attachment":[{"href":"https:\/\/kulturinsz.de\/cms\/wp-json\/wp\/v2\/media?parent=2787"}],"curies":[{"name":"wp","href":"https:\/\/api.w.org\/{rel}","templated":true}]}}