{"id":281,"date":"2013-04-30T01:15:46","date_gmt":"2013-04-30T01:15:46","guid":{"rendered":"http:\/\/kulturinsz.de\/cms\/?page_id=281"},"modified":"2013-08-07T13:09:10","modified_gmt":"2013-08-07T11:09:10","slug":"botanischer-garten","status":"publish","type":"page","link":"https:\/\/kulturinsz.de\/cms\/orte\/garten\/botanischer-garten\/","title":{"rendered":"Botanischer Garten"},"content":{"rendered":"<p>| <a title=\"Botanischer Garten\" href=\"http:\/\/kulturinsz.de\/cms\/orte\/garten\/botanischer-garten\/\">Info<\/a> | <a title=\"Botanischer Garten\" href=\"http:\/\/kulturinsz.de\/cms\/locations\/botanischer-garten\/\">Veranstaltungen<\/a> | <a title=\"Botanischer Garten\" href=\"http:\/\/kulturinsz.de\/cms\/locations\/botanischer-garten\/\">Anfahrt<\/a> | <a title=\"Botanischer Garten\" href=\"http:\/\/kulturinsz.de\/cms\/orte\/garten\/botanischer-garten\/\">Kommentare<\/a> |<\/p>\n<p><img loading=\"lazy\" class=\"alignleft\" alt=\"\" src=\"http:\/\/upload.wikimedia.org\/wikipedia\/commons\/thumb\/2\/25\/2006-07-07_Botanischer_Garten_Italienischer_Garten.jpg\/800px-2006-07-07_Botanischer_Garten_Italienischer_Garten.jpg\" width=\"311\" height=\"232\" \/>Der drittgr\u00f6\u00dfte botanische Garten der Welt zeigt 22000 Pflanzenarten auf 43 Hektar Fl\u00e4che. Lernen, spazieren oder entspannen Sie in dieser gr\u00fcnen Oase \u2013 oder eine Pflanzenpatenschaft \u00fcbernehmen, wie dies schon viele deutsche Prominente getan haben. Angeschlossen ist das Botanische Museum, das umfangreiche Hintergrundinformationen \u00fcber die Pflanzenwelt pr\u00e4sentiert.<\/p>\n<p>Im Rahmen der &#8220;Sommerkonzerte&#8221; l\u00e4dt der Botanische Garten Musiker verschiedenster Genres ein, am Mittelmeerhaus Konzerte zu geben.<\/p>\n<p><a href=\"http:\/\/www.botanischer-garten-berlin.de\" target=\"_blank\">www.botanischer-garten-berlin.de<\/a><\/p>\n","protected":false},"excerpt":{"rendered":"<p>| Info | Veranstaltungen | Anfahrt | Kommentare | Der drittgr\u00f6\u00dfte botanische Garten der Welt zeigt 22000 Pflanzenarten auf 43 Hektar Fl\u00e4che. Lernen, spazieren oder entspannen Sie in dieser gr\u00fcnen Oase \u2013 oder eine Pflanzenpatenschaft \u00fcbernehmen, wie dies schon viele &hellip; <a href=\"https:\/\/kulturinsz.de\/cms\/orte\/garten\/botanischer-garten\/\">Weiterlesen <span class=\"meta-nav\">&rarr;<\/span><\/a><\/p>\n","protected":false},"author":3,"featured_media":0,"parent":95,"menu_order":0,"comment_status":"open","ping_status":"open","template":"seite-mit-blog-aktuelles.php","meta":[],"_links":{"self":[{"href":"https:\/\/kulturinsz.de\/cms\/wp-json\/wp\/v2\/pages\/281"}],"collection":[{"href":"https:\/\/kulturinsz.de\/cms\/wp-json\/wp\/v2\/pages"}],"about":[{"href":"https:\/\/kulturinsz.de\/cms\/wp-json\/wp\/v2\/types\/page"}],"author":[{"embeddable":true,"href":"https:\/\/kulturinsz.de\/cms\/wp-json\/wp\/v2\/users\/3"}],"replies":[{"embeddable":true,"href":"https:\/\/kulturinsz.de\/cms\/wp-json\/wp\/v2\/comments?post=281"}],"version-history":[{"count":11,"href":"https:\/\/kulturinsz.de\/cms\/wp-json\/wp\/v2\/pages\/281\/revisions"}],"predecessor-version":[{"id":1452,"href":"https:\/\/kulturinsz.de\/cms\/wp-json\/wp\/v2\/pages\/281\/revisions\/1452"}],"up":[{"embeddable":true,"href":"https:\/\/kulturinsz.de\/cms\/wp-json\/wp\/v2\/pages\/95"}],"wp:attachment":[{"href":"https:\/\/kulturinsz.de\/cms\/wp-json\/wp\/v2\/media?parent=281"}],"curies":[{"name":"wp","href":"https:\/\/api.w.org\/{rel}","templated":true}]}}