{"id":2890,"date":"2013-08-13T14:03:54","date_gmt":"2013-08-13T12:03:54","guid":{"rendered":"http:\/\/kulturinsz.de\/cms\/?page_id=2890"},"modified":"2013-08-13T14:16:35","modified_gmt":"2013-08-13T12:16:35","slug":"kammerchor-nikolasssee","status":"publish","type":"page","link":"https:\/\/kulturinsz.de\/cms\/menschen\/musiker\/kammerchor-nikolasssee\/","title":{"rendered":"Kammerchor Nikolasssee"},"content":{"rendered":"<p><em>Gemischter Chor aus Berlin. Leitung: Vincent Andreas<\/em><br \/>\n<em> Geistliche und weltliche Chormusik vom 14. Jahrhundert bis zur Gegenwart<\/em><\/p>\n<p>Eine kleine Gruppe ehemaliger Sch\u00fclerinnen und Sch\u00fcler des Werner-von-Siemens-Gymnasium in Berlin gr\u00fcndete 1992 den Kammerchor Nikolassee e.V. ohne zu wissen wohin die Reise gehen w\u00fcrde.<br \/>\nNach vielen Jahren s\u00e4ngerischer T\u00e4tigkeit kann der ehemalige Absolventenchor auf eine Vielzahl von Konzerten und erfolgreiche Konzertreisen innerhalb Deutschlands, nach Polen, Frankreich, Finnland und in die Schweiz zur\u00fcckblicken.<br \/>\nDas Repertoire w\u00e4chst stetig, und immer wieder stellt sich der Chor gespannt neuen musikalischen Herausforderungen.<\/p>\n<p><a href=\"http:\/\/www.kammerchor-nikolassee.de\/\" target=\"_blank\" rel=\"nofollow\">www.kammerchor-nikolassee.de<\/a><br \/>\n&nbsp;<br \/>\n<iframe src=\"\/\/www.youtube.com\/embed\/Y5mjdfqhMtc\" height=\"315\" width=\"560\" allowfullscreen=\"\" frameborder=\"0\"><\/iframe><\/p>\n","protected":false},"excerpt":{"rendered":"<p>Gemischter Chor aus Berlin. Leitung: Vincent Andreas Geistliche und weltliche Chormusik vom 14. Jahrhundert bis zur Gegenwart Eine kleine Gruppe ehemaliger Sch\u00fclerinnen und Sch\u00fcler des Werner-von-Siemens-Gymnasium in Berlin gr\u00fcndete 1992 den Kammerchor Nikolassee e.V. ohne zu wissen wohin die Reise &hellip; <a href=\"https:\/\/kulturinsz.de\/cms\/menschen\/musiker\/kammerchor-nikolasssee\/\">Weiterlesen <span class=\"meta-nav\">&rarr;<\/span><\/a><\/p>\n","protected":false},"author":3,"featured_media":0,"parent":77,"menu_order":0,"comment_status":"closed","ping_status":"open","template":"seite-mit-blog-aktuelles.php","meta":[],"_links":{"self":[{"href":"https:\/\/kulturinsz.de\/cms\/wp-json\/wp\/v2\/pages\/2890"}],"collection":[{"href":"https:\/\/kulturinsz.de\/cms\/wp-json\/wp\/v2\/pages"}],"about":[{"href":"https:\/\/kulturinsz.de\/cms\/wp-json\/wp\/v2\/types\/page"}],"author":[{"embeddable":true,"href":"https:\/\/kulturinsz.de\/cms\/wp-json\/wp\/v2\/users\/3"}],"replies":[{"embeddable":true,"href":"https:\/\/kulturinsz.de\/cms\/wp-json\/wp\/v2\/comments?post=2890"}],"version-history":[{"count":6,"href":"https:\/\/kulturinsz.de\/cms\/wp-json\/wp\/v2\/pages\/2890\/revisions"}],"predecessor-version":[{"id":2892,"href":"https:\/\/kulturinsz.de\/cms\/wp-json\/wp\/v2\/pages\/2890\/revisions\/2892"}],"up":[{"embeddable":true,"href":"https:\/\/kulturinsz.de\/cms\/wp-json\/wp\/v2\/pages\/77"}],"wp:attachment":[{"href":"https:\/\/kulturinsz.de\/cms\/wp-json\/wp\/v2\/media?parent=2890"}],"curies":[{"name":"wp","href":"https:\/\/api.w.org\/{rel}","templated":true}]}}