{"id":293,"date":"2013-03-30T01:55:19","date_gmt":"2013-03-30T01:55:19","guid":{"rendered":"http:\/\/kulturinsz.de\/cms\/?page_id=293"},"modified":"2013-07-17T13:18:20","modified_gmt":"2013-07-17T11:18:20","slug":"arbeitslager","status":"publish","type":"page","link":"https:\/\/kulturinsz.de\/cms\/orte\/unbekannte-orte\/arbeitslager\/","title":{"rendered":"Arbeitslager Lichterfelde S\u00fcd"},"content":{"rendered":"<p>Laut ersten Recherchen befand sich auf dem Gebiet der heutigen sogenannten \u201cParks Range\u201d (Naturgel\u00e4nde s\u00fcdlich Reaumurstra\u00dfe, Lichterfelde S\u00fcd) zu Zeiten des Nationalsozialismus auch ein Arbeitslager. N\u00e4here Details dazu sind unbekannt und wir w\u00fcrden uns freuen, wenn es dazu Forschungen geben w\u00fcrde.<\/p>\n","protected":false},"excerpt":{"rendered":"<p>Laut ersten Recherchen befand sich auf dem Gebiet der heutigen sogenannten \u201cParks Range\u201d (Naturgel\u00e4nde s\u00fcdlich Reaumurstra\u00dfe, Lichterfelde S\u00fcd) zu Zeiten des Nationalsozialismus auch ein Arbeitslager. N\u00e4here Details dazu sind unbekannt und wir w\u00fcrden uns freuen, wenn es dazu Forschungen geben &hellip; <a href=\"https:\/\/kulturinsz.de\/cms\/orte\/unbekannte-orte\/arbeitslager\/\">Weiterlesen <span class=\"meta-nav\">&rarr;<\/span><\/a><\/p>\n","protected":false},"author":3,"featured_media":0,"parent":1118,"menu_order":0,"comment_status":"open","ping_status":"open","template":"seite-mit-blog-aktuelles.php","meta":[],"_links":{"self":[{"href":"https:\/\/kulturinsz.de\/cms\/wp-json\/wp\/v2\/pages\/293"}],"collection":[{"href":"https:\/\/kulturinsz.de\/cms\/wp-json\/wp\/v2\/pages"}],"about":[{"href":"https:\/\/kulturinsz.de\/cms\/wp-json\/wp\/v2\/types\/page"}],"author":[{"embeddable":true,"href":"https:\/\/kulturinsz.de\/cms\/wp-json\/wp\/v2\/users\/3"}],"replies":[{"embeddable":true,"href":"https:\/\/kulturinsz.de\/cms\/wp-json\/wp\/v2\/comments?post=293"}],"version-history":[{"count":7,"href":"https:\/\/kulturinsz.de\/cms\/wp-json\/wp\/v2\/pages\/293\/revisions"}],"predecessor-version":[{"id":2367,"href":"https:\/\/kulturinsz.de\/cms\/wp-json\/wp\/v2\/pages\/293\/revisions\/2367"}],"up":[{"embeddable":true,"href":"https:\/\/kulturinsz.de\/cms\/wp-json\/wp\/v2\/pages\/1118"}],"wp:attachment":[{"href":"https:\/\/kulturinsz.de\/cms\/wp-json\/wp\/v2\/media?parent=293"}],"curies":[{"name":"wp","href":"https:\/\/api.w.org\/{rel}","templated":true}]}}