{"id":3161,"date":"2013-08-30T16:13:50","date_gmt":"2013-08-30T14:13:50","guid":{"rendered":"http:\/\/kulturinsz.de\/cms\/?page_id=3161"},"modified":"2013-08-30T16:25:36","modified_gmt":"2013-08-30T14:25:36","slug":"lessing-hochschule","status":"publish","type":"page","link":"https:\/\/kulturinsz.de\/cms\/orte\/lessing-hochschule\/","title":{"rendered":"Lessing-Hochschule"},"content":{"rendered":"<p>|<a title=\"Lessing-Hochschule\" href=\"http:\/\/kulturinsz.de\/cms\/orte\/lessing-hochschule\/\"> Info<\/a> | <a href=\"http:\/\/kulturinsz.de\/cms\/locations\/lessing-hochschule\/\">Veranstaltungen<\/a> | <a href=\"http:\/\/kulturinsz.de\/cms\/locations\/lessing-hochschule\/\">Anfahrt<\/a> |<a href=\"http:\/\/kulturinsz.de\/cms\/orte\/lessing-hochschule\/\"> Kommentare<\/a> |<\/p>\n<p>Die Lessing-Hochschule ist neben der Universit\u00e4t eine Bildungseinrichtung auf Hochschulniveau und hat eine gro\u00dfe Tradition, hier waren aktiv:<\/p>\n<p>Alfred Adler<br \/>\nWilly Brandt<br \/>\nBenedetto Croce<br \/>\nTilla Durieux<br \/>\nAlbert Einstein<br \/>\nWilhelm Furtw\u00e4ngler<br \/>\nGustav Gr\u00fcndgens<br \/>\nRomano Guardini<br \/>\nTheodor Heuss<br \/>\nCarl Gustav Jung<br \/>\nHerbert von Karajan<br \/>\nFritz Lang<br \/>\nEmanuel Lasker<br \/>\n<a title=\"Liebermann, Max\" href=\"http:\/\/kulturinsz.de\/cms\/menschen\/maler\/liebermann-max\/\">Max Liebermann<\/a><br \/>\nPaul L\u00f6be<br \/>\nThomas Mann<br \/>\nLise Meitner<br \/>\nHans Pfitzner<br \/>\nWalter Rathenau<br \/>\nMax Reinhardt<br \/>\nMax Scheler<br \/>\nGeorge Bernard Shaw<br \/>\nWerner Sombart<br \/>\nGustav Stresemann<br \/>\nPaul Tillich<br \/>\nErnst Troelsch<br \/>\nHeinrich W\u00f6lfflin<\/p>\n<p>Heute ist die Hochschule im Haus der Weiterbildung in der Goethestra\u00dfe (Lichterfelde) untergebracht.<\/p>\n<p><a href=\"http:\/\/lessing-hochschule.de\/\">http:\/\/lessing-hochschule.de\/<\/a><\/p>\n","protected":false},"excerpt":{"rendered":"<p>| Info | Veranstaltungen | Anfahrt | Kommentare | Die Lessing-Hochschule ist neben der Universit\u00e4t eine Bildungseinrichtung auf Hochschulniveau und hat eine gro\u00dfe Tradition, hier waren aktiv: Alfred Adler Willy Brandt Benedetto Croce Tilla Durieux Albert Einstein Wilhelm Furtw\u00e4ngler Gustav &hellip; <a href=\"https:\/\/kulturinsz.de\/cms\/orte\/lessing-hochschule\/\">Weiterlesen <span class=\"meta-nav\">&rarr;<\/span><\/a><\/p>\n","protected":false},"author":3,"featured_media":0,"parent":15,"menu_order":0,"comment_status":"closed","ping_status":"closed","template":"seite-mit-blog-aktuelles.php","meta":[],"_links":{"self":[{"href":"https:\/\/kulturinsz.de\/cms\/wp-json\/wp\/v2\/pages\/3161"}],"collection":[{"href":"https:\/\/kulturinsz.de\/cms\/wp-json\/wp\/v2\/pages"}],"about":[{"href":"https:\/\/kulturinsz.de\/cms\/wp-json\/wp\/v2\/types\/page"}],"author":[{"embeddable":true,"href":"https:\/\/kulturinsz.de\/cms\/wp-json\/wp\/v2\/users\/3"}],"replies":[{"embeddable":true,"href":"https:\/\/kulturinsz.de\/cms\/wp-json\/wp\/v2\/comments?post=3161"}],"version-history":[{"count":5,"href":"https:\/\/kulturinsz.de\/cms\/wp-json\/wp\/v2\/pages\/3161\/revisions"}],"predecessor-version":[{"id":3163,"href":"https:\/\/kulturinsz.de\/cms\/wp-json\/wp\/v2\/pages\/3161\/revisions\/3163"}],"up":[{"embeddable":true,"href":"https:\/\/kulturinsz.de\/cms\/wp-json\/wp\/v2\/pages\/15"}],"wp:attachment":[{"href":"https:\/\/kulturinsz.de\/cms\/wp-json\/wp\/v2\/media?parent=3161"}],"curies":[{"name":"wp","href":"https:\/\/api.w.org\/{rel}","templated":true}]}}