{"id":3173,"date":"2013-08-30T17:01:42","date_gmt":"2013-08-30T15:01:42","guid":{"rendered":"http:\/\/kulturinsz.de\/cms\/?page_id=3173"},"modified":"2013-08-30T17:06:47","modified_gmt":"2013-08-30T15:06:47","slug":"freie-universitat","status":"publish","type":"page","link":"https:\/\/kulturinsz.de\/cms\/orte\/freie-universitat\/","title":{"rendered":"Freie Universit\u00e4t"},"content":{"rendered":"<p style=\"text-align: left;\">| <a href=\"http:\/\/kulturinsz.de\/cms\/freie-universitat\/\">Info<\/a> | <a href=\"http:\/\/kulturinsz.de\/cms\/locations\/freie-universitat\/\">Veranstaltungen<\/a> | <a href=\"http:\/\/kulturinsz.de\/cms\/locations\/freie-universitat\/\">Anfahrt<\/a> | <a href=\"http:\/\/kulturinsz.de\/cms\/freie-universitat\/\">Kommentare<\/a> |<\/p>\n<p style=\"text-align: left;\">Auch die Freie Universit\u00e4t Berlin bietet Veranstaltungen f\u00fcr Besucher ohne Immatrikulation.<\/p>\n<p style=\"text-align: center;\"><img loading=\"lazy\" class=\"aligncenter\" alt=\"\" src=\"http:\/\/upload.wikimedia.org\/wikipedia\/commons\/b\/b8\/FU-Berlin_Henry-Ford-Bau.JPG\" width=\"539\" height=\"381\" \/><\/p>\n<p style=\"text-align: left;\">Sie hat ihren Sitz und zentralen Campus in Dahlem. Besonders interessante Veranstaltungen f\u00fcr die breite \u00d6ffentlichkeit d\u00fcrften die <a href=\"http:\/\/www.fu-berlin.de\/sites\/einsteinlectures\/index.html\" target=\"_blank\">Einstein Lectures<\/a> (z.B. Stephen Hawking 2005), Preisverleihungen und F\u00fchrungen sein:\u00a0<a href=\"http:\/\/www.fu-berlin.de\/themen\/veranstaltungen\/_elemente-startseite\/rechte-spalte\/kalender.html\" target=\"_blank\">Kalender FU<\/a><\/p>\n","protected":false},"excerpt":{"rendered":"<p>| Info | Veranstaltungen | Anfahrt | Kommentare | Auch die Freie Universit\u00e4t Berlin bietet Veranstaltungen f\u00fcr Besucher ohne Immatrikulation. Sie hat ihren Sitz und zentralen Campus in Dahlem. Besonders interessante Veranstaltungen f\u00fcr die breite \u00d6ffentlichkeit d\u00fcrften die Einstein Lectures &hellip; <a href=\"https:\/\/kulturinsz.de\/cms\/orte\/freie-universitat\/\">Weiterlesen <span class=\"meta-nav\">&rarr;<\/span><\/a><\/p>\n","protected":false},"author":3,"featured_media":0,"parent":15,"menu_order":0,"comment_status":"open","ping_status":"open","template":"seite-mit-blog-aktuelles.php","meta":[],"_links":{"self":[{"href":"https:\/\/kulturinsz.de\/cms\/wp-json\/wp\/v2\/pages\/3173"}],"collection":[{"href":"https:\/\/kulturinsz.de\/cms\/wp-json\/wp\/v2\/pages"}],"about":[{"href":"https:\/\/kulturinsz.de\/cms\/wp-json\/wp\/v2\/types\/page"}],"author":[{"embeddable":true,"href":"https:\/\/kulturinsz.de\/cms\/wp-json\/wp\/v2\/users\/3"}],"replies":[{"embeddable":true,"href":"https:\/\/kulturinsz.de\/cms\/wp-json\/wp\/v2\/comments?post=3173"}],"version-history":[{"count":4,"href":"https:\/\/kulturinsz.de\/cms\/wp-json\/wp\/v2\/pages\/3173\/revisions"}],"predecessor-version":[{"id":3177,"href":"https:\/\/kulturinsz.de\/cms\/wp-json\/wp\/v2\/pages\/3173\/revisions\/3177"}],"up":[{"embeddable":true,"href":"https:\/\/kulturinsz.de\/cms\/wp-json\/wp\/v2\/pages\/15"}],"wp:attachment":[{"href":"https:\/\/kulturinsz.de\/cms\/wp-json\/wp\/v2\/media?parent=3173"}],"curies":[{"name":"wp","href":"https:\/\/api.w.org\/{rel}","templated":true}]}}