{"id":3243,"date":"2013-09-02T12:28:58","date_gmt":"2013-09-02T10:28:58","guid":{"rendered":"http:\/\/kulturinsz.de\/cms\/?page_id=3243"},"modified":"2015-06-08T15:30:06","modified_gmt":"2015-06-08T13:30:06","slug":"uber-uns","status":"publish","type":"page","link":"https:\/\/kulturinsz.de\/cms\/uber-uns\/","title":{"rendered":"\u00dcber uns"},"content":{"rendered":"<p><em><a href=\"http:\/\/kulturinsz.de\/cms\/wp-content\/uploads\/2013\/04\/pfad.jpg\"><img loading=\"lazy\" class=\"alignright size-full wp-image-2586\" src=\"http:\/\/kulturinsz.de\/cms\/wp-content\/uploads\/2013\/04\/pfad.jpg\" alt=\"\" width=\"169\" height=\"299\" srcset=\"https:\/\/kulturinsz.de\/cms\/wp-content\/uploads\/2013\/04\/pfad.jpg 316w, https:\/\/kulturinsz.de\/cms\/wp-content\/uploads\/2013\/04\/pfad-169x300.jpg 169w\" sizes=\"(max-width: 169px) 100vw, 169px\" \/><\/a><\/em><strong>Herzlich Willkommen!<\/strong><\/p>\n<p><em>&#8220;Kultur ist kein Ornament. Sie ist das Fundament, auf dem unsere Gesellschaft steht und auf das sie baut&#8221;<\/em>, stellte die Enquete-Kommission \u201eKultur in Deutschland\u201c des Deutschen Bundestages ihrem Abschluss-Bericht vom 11. 12. 2007 voran.<\/p>\n<p>Diese Webseite dient der allgemeinen Information, Diskussion und Vernetzung aller Interessierter als Plattform. Sie will Lust machen, Kultur zu erleben.<\/p>\n<p>In diesem Sinne laden wir Sie ein, ein wenig bummeln zu gehen oder auch Gedanken, Bilder, Termininformationen, Argumente beizusteuern.<\/p>\n<hr \/>\n<h2>Administration:<\/h2>\n<p><a href=\"http:\/\/kulturinsz.de\/cms\/wp-content\/uploads\/2013\/09\/thump60x60.jpeg\"><img loading=\"lazy\" class=\"alignleft size-full wp-image-3259\" src=\"http:\/\/kulturinsz.de\/cms\/wp-content\/uploads\/2013\/09\/thump60x60.jpeg\" alt=\"thump60x60\" width=\"60\" height=\"60\" \/><\/a><strong>Berger, Carsten<\/strong>: Mitglied der BVV Steglitz-Zehlendorf f\u00fcr die Fraktion B\u00fcndnis 90\/Die Gr\u00fcnen, Mitglied Kulturausschuss Steglitz-Zehlendorf, Herausgeber KulturInSZ.de, Kontakt: info[at]KulturInSZ.de oder unter<a title=\"Kontakt\" href=\"http:\/\/kulturinsz.de\/cms\/kontakt\/\" target=\"_blank\"> Kontakt<\/a> | <a title=\"Impressum\" href=\"http:\/\/kulturinsz.de\/cms\/impressum\/\">Impressum<\/a> | <a href=\"http:\/\/kulturinsz.de\/cms\/author\/carsten-berger\/\" rel=\"author\">Alle Beitr\u00e4ge von Carsten Berger \u2192<\/a><\/p>\n<hr \/>\n<h2><\/h2>\n<h2>Beitr\u00e4ge von:<\/h2>\n<hr \/>\n<p><a href=\"http:\/\/kulturinsz.de\/cms\/author\/bali-kino\/\" target=\"_blank\"><img loading=\"lazy\" class=\"alignleft\" src=\"http:\/\/kulturinsz.de\/cms\/wp-content\/uploads\/userphoto\/14.thumbnail.jpg\" alt=\"\" width=\"60\" height=\"39\" \/><\/a><strong>Bali Kino<\/strong> Teltower Damm 33, 14163 Berlin | <a href=\"http:\/\/kulturinsz.de\/cms\/author\/bali-kino\/\" rel=\"author\">Alle Beitr\u00e4ge von Bali Kino \u2192<\/a><\/p>\n<hr \/>\n<p><a href=\"http:\/\/kulturinsz.de\/cms\/author\/andrea-bannat\/\" target=\"_blank\"><img loading=\"lazy\" class=\"alignleft size-full wp-image-3275\" src=\"http:\/\/kulturinsz.de\/cms\/wp-content\/uploads\/userphoto\/leerava.png\" alt=\"\" width=\"60\" height=\"60\" \/><\/a><strong>Bannat, Andrea<\/strong>: &#8211; keine weiteren Angaben verf\u00fcgbar &#8211; | <a href=\"http:\/\/kulturinsz.de\/cms\/author\/andrea-bannat\/\" rel=\"author\">Alle Beitr\u00e4ge von Andrea Bannat \u2192<\/a><\/p>\n<hr \/>\n<p><a href=\"http:\/\/kulturinsz.de\/cms\/author\/karin-berning\/\" target=\"_blank\"><img loading=\"lazy\" class=\"alignleft size-full wp-image-3275\" src=\"http:\/\/kulturinsz.de\/cms\/wp-content\/uploads\/userphoto\/leerava.png\" alt=\"\" width=\"60\" height=\"60\" \/><\/a><strong>Berning, Karin<\/strong>:\u00a0Karin Berning arbeitete\u00a0 als wissenschaftliche Mitarbeiterin und Stipendiatin der Berlin-Forschung an einer Sammlung im Ethnologischen Museum. Ihre Ausbildung in Ethnologie erhielt sie an der Freien Universit\u00e4t Berlin und an der University of\u00a0 Alaska in Fairbanks, USA und schloss mit einem B.A. (UAF) und einen M.A. (FU Berlin) ab. | <a href=\"http:\/\/kulturinsz.de\/cms\/author\/karin-berning\/\" rel=\"author\">Alle Beitr\u00e4ge von Karin Berning \u2192<\/a><\/p>\n<hr \/>\n<p><a href=\"http:\/\/kulturinsz.de\/cms\/author\/matthias-borowski\/\" target=\"_blank\"><img loading=\"lazy\" class=\"alignleft size-full wp-image-3275\" src=\"http:\/\/kulturinsz.de\/cms\/wp-content\/uploads\/userphoto\/leerava.png\" alt=\"\" width=\"60\" height=\"60\" \/><\/a><strong>Borowski, Matthias<\/strong>: &#8211; keine weiteren Angaben verf\u00fcgbar &#8211; | <a href=\"http:\/\/kulturinsz.de\/cms\/author\/matthias-borowski\/\" rel=\"author\">Alle Beitr\u00e4ge von Matthias Borowski \u2192<\/a><\/p>\n<hr \/>\n<p><a href=\"http:\/\/kulturinsz.de\/cms\/author\/kerstin-breidenbach\/\" target=\"_blank\"><img loading=\"lazy\" class=\"alignleft size-full wp-image-3275\" src=\"http:\/\/kulturinsz.de\/cms\/wp-content\/uploads\/userphoto\/leerava.png\" alt=\"\" width=\"60\" height=\"60\" \/><\/a><strong>Breidenbach, Kerstin<\/strong>: St\u00e4dtepartnerschaftsverein Steglitz-Zehlendorf (www.bsz-spv.de) und B\u00fcrgerstiftung (www.buergerstiftung-sz.de) | <a href=\"http:\/\/kulturinsz.de\/cms\/author\/kerstin-breidenbach\/\" rel=\"author\">Alle Beitr\u00e4ge von Kerstin Breidenbach \u2192<\/a><\/p>\n<hr \/>\n<p><a href=\"http:\/\/kulturinsz.de\/cms\/author\/elke-brumm\/\" target=\"_blank\"><img loading=\"lazy\" class=\"alignleft\" src=\"http:\/\/kulturinsz.de\/cms\/wp-content\/uploads\/userphoto\/8.thumbnail.jpg\" alt=\"\" width=\"60\" height=\"60\" \/><\/a><strong>Brumm, Elke<\/strong> Geb. 1971. Germanistin und Theaterwissenschaftlerin (FU Berlin), beruflich in der Presse- und \u00d6ffentlichkeitsarbeit t\u00e4tig. Seit 1986 bei den Schattenlichtern, dort f\u00fcr die Gesamtkoordination und die \u00d6ffentlichkeitsarbeit zust\u00e4ndig. Sch\u00f6nste Rollen bei den Schattenlichtern: &#8220;Inspektor&#8221; in &#8220;Ein Inspektor kommt&#8221; (Priestley), &#8220;Molly&#8221; in &#8220;Die Mausefalle&#8221; (Christie), &#8220;Hesione&#8221; in &#8220;Haus Herzenstod&#8221; (Shaw), &#8220;Cecily&#8221; in &#8220;Ernst sein ist wichtig&#8221; (Wilde), &#8220;Catherine&#8221; in &#8220;Stolz und Vorurteil&#8221; (Austen), &#8220;Fr\u00e4ulein Hettich&#8221; in &#8220;Lola&#8221; (M\u00e4rthesheimer) &#8211; siehe nebenstehendes Portraitfoto. | <a href=\"http:\/\/kulturinsz.de\/cms\/author\/elke-brumm\/\" rel=\"author\">Alle Beitr\u00e4ge von Elke Brumm \u2192<\/a><\/p>\n<hr \/>\n<p><a href=\"http:\/\/kulturinsz.de\/cms\/author\/florian-hessler\/\" target=\"_blank\"><img loading=\"lazy\" class=\"alignleft\" src=\"http:\/\/kulturinsz.de\/cms\/wp-content\/uploads\/userphoto\/10.thumbnail.jpg\" alt=\"\" width=\"60\" height=\"60\" \/><\/a><strong>Hessler, Florian<\/strong>: Florian Hessler M.A. Arch\u00e4ologe, Historiker und Sozialwissenschaftler, lebt seit 1997 in Berlin und arbeitet derzeit als freier Online- und Printjournalist. florian.hessler.official (at) web.de | <a href=\"http:\/\/kulturinsz.de\/cms\/author\/florian-hessler\/\" rel=\"author\">Alle Beitr\u00e4ge von Florian Hessler \u2192<\/a><\/p>\n<hr \/>\n<p><img loading=\"lazy\" class=\"alignleft\" src=\"http:\/\/kulturinsz.de\/cms\/wp-content\/uploads\/userphoto\/12.thumbnail.jpg\" alt=\"\" width=\"60\" height=\"60\" \/><strong>Kammerchor Nikolassee<\/strong>: Gemischter Chor aus Berlin. Leitung: Vincent Andreas &#8211; Geistliche und weltliche Chormusik vom 14. Jahrhundert bis zur Gegenwart &#8211; www.kammerchor-nikolassee.de | <a href=\"http:\/\/kulturinsz.de\/cms\/author\/kammerchor-nikolassee\/\" rel=\"author\">Alle Beitr\u00e4ge von Kammerchor Nikolassee \u2192<\/a><\/p>\n<hr \/>\n<p><img class=\"alignleft\" src=\"http:\/\/kulturinsz.de\/cms\/wp-content\/uploads\/userphoto\/21.thumbnail.jpg\" alt=\"\" \/><strong>Andreas Kandschur<\/strong>: <a title=\"Theater Nikolassee\" href=\"http:\/\/kulturinsz.de\/cms\/menschen\/theatergruppen\/theater-nikolassee\/\">Theater Nikolassee<\/a> | <a href=\"http:\/\/kulturinsz.de\/cms\/author\/andreas-kandschur\/\" rel=\"author\">Alle Beitr\u00e4ge von Andreas Kandschur \u2192<\/a><\/p>\n<hr \/>\n<p><a href=\"http:\/\/kulturinsz.de\/cms\/author\/gudrun-krienke\/\" target=\"_blank\"><img loading=\"lazy\" class=\"alignleft\" src=\"http:\/\/kulturinsz.de\/cms\/wp-content\/uploads\/userphoto\/17.thumbnail.jpg\" alt=\"\" width=\"60\" height=\"60\" \/><\/a><strong>Krienke, Gudrun<\/strong>: <a href=\"http:\/\/kulturinsz.de\/cms\/menschen\/theatergruppen\/werkstatttheater-alpha-nova\/\">alpha-nova-werkstattTHEATER<\/a> | <a href=\"http:\/\/kulturinsz.de\/cms\/author\/gudrun-krienke\/\" rel=\"author\">Alle Beitr\u00e4ge von Gudrun Krienke \u2192<\/a><\/p>\n<hr \/>\n<p><a href=\"http:\/\/kulturinsz.de\/cms\/author\/beate-luszeit\/\" target=\"_blank\"><img loading=\"lazy\" class=\"alignleft\" src=\"http:\/\/kulturinsz.de\/cms\/wp-content\/uploads\/userphoto\/15.thumbnail.jpg\" alt=\"\" width=\"60\" height=\"60\" \/><\/a><strong>Luszeit, Beate<\/strong>: <a href=\"http:\/\/kulturinsz.de\/cms\/orte\/theater\/schlosspark-theater\/\">Schlosspark-Theater<\/a> | <a href=\"http:\/\/kulturinsz.de\/cms\/author\/beate-luszeit\/\" rel=\"author\">Alle Beitr\u00e4ge von Beate Luszeit \u2192<\/a><\/p>\n<hr \/>\n<p><a href=\"http:\/\/kulturinsz.de\/cms\/author\/hansjoerg-neubert\/\" target=\"_blank\"><img loading=\"lazy\" class=\"alignleft size-full wp-image-3275\" src=\"http:\/\/kulturinsz.de\/cms\/wp-content\/uploads\/userphoto\/leerava.png\" alt=\"\" width=\"60\" height=\"60\" \/><\/a><strong>Neubert, Hansj\u00f6rg<\/strong>:\u00a0InitiativKreis Schlachtenseer Bewohner | <a href=\"http:\/\/kulturinsz.de\/cms\/author\/hansjoerg-neubert\/\" rel=\"author\">Alle Beitr\u00e4ge von Hansj\u00f6rg Neubert \u2192<\/a><\/p>\n<hr \/>\n<p><a href=\"http:\/\/kulturinsz.de\/cms\/author\/edmund-nierlich\/\" target=\"_blank\"><img loading=\"lazy\" class=\"alignleft size-full wp-image-3275\" src=\"http:\/\/kulturinsz.de\/cms\/wp-content\/uploads\/userphoto\/leerava.png\" alt=\"\" width=\"60\" height=\"60\" \/><\/a><strong>Nierlich, Edmund<\/strong>: &#8211; keine weiteren Angaben verf\u00fcgbar &#8211; | <a href=\"http:\/\/kulturinsz.de\/cms\/author\/edmund-nierlich\/\" rel=\"author\">Alle Beitr\u00e4ge von Edmund Nierlich \u2192<\/a><\/p>\n<hr \/>\n<p><img loading=\"lazy\" class=\"alignleft\" src=\"http:\/\/kulturinsz.de\/cms\/wp-content\/uploads\/userphoto\/18.thumbnail.jpg\" alt=\"\" width=\"60\" height=\"60\" \/><strong>Peterburs, Rainer<\/strong>: lebt und arbeitet in Berlin: <a href=\"http:\/\/www.rainer-peterburs.de\">www.rainer-peterburs.de<\/a> | <a href=\"http:\/\/kulturinsz.de\/cms\/author\/rainer-peterburs\/\" rel=\"author\">Alle Beitr\u00e4ge von Rainer Peterburs \u2192<\/a><\/p>\n<hr \/>\n<p><a href=\"http:\/\/kulturinsz.de\/cms\/author\/noemi-rodriguez\/\" target=\"_blank\"><img loading=\"lazy\" class=\"alignleft size-full wp-image-3275\" src=\"http:\/\/kulturinsz.de\/cms\/wp-content\/uploads\/userphoto\/leerava.png\" alt=\"\" width=\"60\" height=\"60\" \/><\/a><strong>Rodriguez, Noemi<\/strong>  Lektorin f\u00fcr Katalanisch und Spanisch, lebt seit 2013 in Berlin und arbeitet zurzeit als Praktikantin bei KulturInSZ.de. | <a href=\"http:\/\/kulturinsz.de\/cms\/author\/noemi-rodriguez\/\" rel=\"author\">Alle Beitr\u00e4ge von Noemi Rodriguez \u2192<\/a><\/p>\n<hr \/>\n<p><img loading=\"lazy\" class=\"alignleft\" src=\"http:\/\/kulturinsz.de\/cms\/wp-content\/uploads\/userphoto\/24.thumbnail.jpg\" alt=\"\" width=\"60\" height=\"60\" \/><strong>Schmidt, Anna<\/strong>: Presse- und \u00d6ffentlichkeitsarbeit bei Stadtteilzentrum Steglitz e.V. <a href=\"http:\/\/http:\/\/www.stadtteilzentrum-steglitz.de\"> | <\/a><a href=\"http:\/\/kulturinsz.de\/cms\/author\/anna-schmidt\/\" rel=\"author\">Alle Beitr\u00e4ge von Anna Schmidt \u2192<\/a><\/p>\n<hr \/>\n<p><a href=\"http:\/\/kulturinsz.de\/cms\/author\/jenny-schon\/\" target=\"_blank\"><img loading=\"lazy\" class=\"alignleft size-full wp-image-3275\" src=\"http:\/\/kulturinsz.de\/cms\/wp-content\/uploads\/userphoto\/leerava.png\" alt=\"\" width=\"60\" height=\"60\" \/><\/a><strong>Schon, Jenny<\/strong>: &#8211; Individuelle Stadtspazierg\u00e4nge &#8211; www.jennyschon.de &#8211; Telefon: 030\/892 13 38 \u2013 jennyschon [at] arcor [punkt] de &#8211; | <a href=\"http:\/\/kulturinsz.de\/cms\/author\/jenny-schon\/\" rel=\"author\">Alle Beitr\u00e4ge von Jenny Schon \u2192<\/a><\/p>\n<hr \/>\n<p><a href=\"http:\/\/kulturinsz.de\/cms\/author\/eberhard-semmler\/\" target=\"_blank\"><img loading=\"lazy\" class=\"alignleft size-full wp-image-3275\" src=\"http:\/\/kulturinsz.de\/cms\/wp-content\/uploads\/userphoto\/leerava.png\" alt=\"\" width=\"60\" height=\"60\" \/><\/a><strong>Semmler, Eberhard<\/strong>: Kunstmaler | <a href=\"http:\/\/www.eberhardsemmler.de\/\">www.eberhardsemmler.de<\/a> | <a href=\"http:\/\/kulturinsz.de\/cms\/author\/eberhard-semmler\/\" rel=\"author\">Alle Beitr\u00e4ge von Eberhard Semmler \u2192<\/a><\/p>\n<hr \/>\n<p><a href=\"http:\/\/kulturinsz.de\/cms\/author\/anette-spitzlay\/\" target=\"_blank\"><img loading=\"lazy\" class=\"alignleft size-full wp-image-3275\" src=\"http:\/\/kulturinsz.de\/cms\/wp-content\/uploads\/userphoto\/leerava.png\" alt=\"\" width=\"60\" height=\"60\" \/><\/a><strong>Spitzlay, Anette<\/strong>: &#8211; keine weiteren Angaben verf\u00fcgbar &#8211; | <a href=\"http:\/\/kulturinsz.de\/cms\/author\/anette-spitzlay\/\" rel=\"author\">Alle Beitr\u00e4ge von Anette Spitzlay \u2192<\/a><\/p>\n<hr \/>\n<p><img loading=\"lazy\" class=\"alignleft\" src=\"http:\/\/kulturinsz.de\/cms\/wp-content\/uploads\/userphoto\/13.thumbnail.jpg\" alt=\"\" width=\"60\" height=\"60\" \/><strong>Studentendorf Schlachtensee eG<\/strong>: <a href=\"http:\/\/kulturinsz.de\/cms\/orte\/denkmaeler\/studentendorf-schlachtensee\/\">Studentendorf Schlachtensee<\/a>, Wasgenstr. 75, 14129 Berlin | <a href=\"http:\/\/kulturinsz.de\/cms\/author\/studentendorf-schlachtensee-eg\/\" rel=\"author\">Alle Beitr\u00e4ge von Studentendorf Schlachtensee eG \u2192<\/a><\/p>\n<hr \/>\n<p><img loading=\"lazy\" class=\"alignleft\" src=\"http:\/\/kulturinsz.de\/cms\/wp-content\/uploads\/userphoto\/32.thumbnail.jpg\" alt=\"\" width=\"60\" height=\"60\" \/><strong>von Blau, Auguste<\/strong>: <a href=\"http:\/\/about.me\/AugustevonBlau\">about.me\/AugustevonBlau<\/a> | <a href=\"http:\/\/kulturinsz.de\/cms\/author\/auguste-von-blau\/\" rel=\"author\">Alle Beitr\u00e4ge von Auguste von Blau \u2192<\/a><\/p>\n<hr \/>\n<p><a href=\"http:\/\/kulturinsz.de\/cms\/author\/evelyn-weber\/\" target=\"_blank\"><img loading=\"lazy\" class=\"alignleft\" src=\"http:\/\/kulturinsz.de\/cms\/wp-content\/uploads\/userphoto\/28.thumbnail.jpg\" alt=\"\" width=\"60\" height=\"60\" \/><\/a><strong>Weber, Evelyn<\/strong>: geb. 24.08.49 &#8211; Twitter: <a href=\"https:\/\/twitter.com\/handballevi49\"> twitter.com\/handballevi49 <\/a> | <a href=\"http:\/\/kulturinsz.de\/cms\/author\/evelyn-weber\/\" rel=\"author\">Alle Beitr\u00e4ge von Evelyn Weber \u2192<\/a><\/p>\n","protected":false},"excerpt":{"rendered":"<p>Herzlich Willkommen! &#8220;Kultur ist kein Ornament. Sie ist das Fundament, auf dem unsere Gesellschaft steht und auf das sie baut&#8221;, stellte die Enquete-Kommission \u201eKultur in Deutschland\u201c des Deutschen Bundestages ihrem Abschluss-Bericht vom 11. 12. 2007 voran. Diese Webseite dient der &hellip; <a href=\"https:\/\/kulturinsz.de\/cms\/uber-uns\/\">Weiterlesen <span class=\"meta-nav\">&rarr;<\/span><\/a><\/p>\n","protected":false},"author":3,"featured_media":0,"parent":0,"menu_order":0,"comment_status":"open","ping_status":"open","template":"seite-mit-blog-aktuelles.php","meta":[],"_links":{"self":[{"href":"https:\/\/kulturinsz.de\/cms\/wp-json\/wp\/v2\/pages\/3243"}],"collection":[{"href":"https:\/\/kulturinsz.de\/cms\/wp-json\/wp\/v2\/pages"}],"about":[{"href":"https:\/\/kulturinsz.de\/cms\/wp-json\/wp\/v2\/types\/page"}],"author":[{"embeddable":true,"href":"https:\/\/kulturinsz.de\/cms\/wp-json\/wp\/v2\/users\/3"}],"replies":[{"embeddable":true,"href":"https:\/\/kulturinsz.de\/cms\/wp-json\/wp\/v2\/comments?post=3243"}],"version-history":[{"count":87,"href":"https:\/\/kulturinsz.de\/cms\/wp-json\/wp\/v2\/pages\/3243\/revisions"}],"predecessor-version":[{"id":5497,"href":"https:\/\/kulturinsz.de\/cms\/wp-json\/wp\/v2\/pages\/3243\/revisions\/5497"}],"wp:attachment":[{"href":"https:\/\/kulturinsz.de\/cms\/wp-json\/wp\/v2\/media?parent=3243"}],"curies":[{"name":"wp","href":"https:\/\/api.w.org\/{rel}","templated":true}]}}