{"id":339,"date":"2013-04-30T13:28:28","date_gmt":"2013-04-30T13:28:28","guid":{"rendered":"http:\/\/kulturinsz.de\/cms\/?page_id=339"},"modified":"2013-05-02T19:24:33","modified_gmt":"2013-05-02T19:24:33","slug":"burgerstiftung","status":"publish","type":"page","link":"https:\/\/kulturinsz.de\/cms\/menschen\/burgerstiftung\/","title":{"rendered":"B\u00fcrgerstiftung"},"content":{"rendered":"<p>Auch die 2005 gegr\u00fcndete B\u00fcrgerstiftung Steglitz-Zehlendorf f\u00fchrt kulturelle Veranstaltungen durch oder f\u00f6rdert diese.<\/p>\n<p>N\u00e4heres dazu unter: <a href=\"http:\/\/www.buergerstiftung-sz.de\/\" target=\"_blank\">B\u00fcgerstiftung Steglitz-Zehlendorf<\/a><\/p>\n","protected":false},"excerpt":{"rendered":"<p>Auch die 2005 gegr\u00fcndete B\u00fcrgerstiftung Steglitz-Zehlendorf f\u00fchrt kulturelle Veranstaltungen durch oder f\u00f6rdert diese. N\u00e4heres dazu unter: B\u00fcgerstiftung Steglitz-Zehlendorf<\/p>\n","protected":false},"author":3,"featured_media":0,"parent":13,"menu_order":0,"comment_status":"closed","ping_status":"closed","template":"seite-mit-blog-aktuelles.php","meta":[],"_links":{"self":[{"href":"https:\/\/kulturinsz.de\/cms\/wp-json\/wp\/v2\/pages\/339"}],"collection":[{"href":"https:\/\/kulturinsz.de\/cms\/wp-json\/wp\/v2\/pages"}],"about":[{"href":"https:\/\/kulturinsz.de\/cms\/wp-json\/wp\/v2\/types\/page"}],"author":[{"embeddable":true,"href":"https:\/\/kulturinsz.de\/cms\/wp-json\/wp\/v2\/users\/3"}],"replies":[{"embeddable":true,"href":"https:\/\/kulturinsz.de\/cms\/wp-json\/wp\/v2\/comments?post=339"}],"version-history":[{"count":7,"href":"https:\/\/kulturinsz.de\/cms\/wp-json\/wp\/v2\/pages\/339\/revisions"}],"predecessor-version":[{"id":588,"href":"https:\/\/kulturinsz.de\/cms\/wp-json\/wp\/v2\/pages\/339\/revisions\/588"}],"up":[{"embeddable":true,"href":"https:\/\/kulturinsz.de\/cms\/wp-json\/wp\/v2\/pages\/13"}],"wp:attachment":[{"href":"https:\/\/kulturinsz.de\/cms\/wp-json\/wp\/v2\/media?parent=339"}],"curies":[{"name":"wp","href":"https:\/\/api.w.org\/{rel}","templated":true}]}}