{"id":39,"date":"2013-04-30T12:30:20","date_gmt":"2013-04-30T12:30:20","guid":{"rendered":"http:\/\/kulturinsz.de\/cms\/?page_id=39"},"modified":"2014-05-08T23:02:05","modified_gmt":"2014-05-08T21:02:05","slug":"hilfe","status":"publish","type":"page","link":"https:\/\/kulturinsz.de\/cms\/hilfe\/","title":{"rendered":"Hilfe"},"content":{"rendered":"<p>KulturInSZ.de dient zur Information \u00fcber K\u00fcnstlerInnen, kulturelle Veranstaltungen und Diskussionen im Berliner Bezirk Steglitz-Zehlendorf.<\/p>\n<p>Einige zus\u00e4tzliche Funktionen im \u00dcberblick:<\/p>\n<p><a title=\"Login\" href=\"http:\/\/kulturinsz.de\/cms\/login\/\"><strong><span style=\"text-decoration: underline;\">Login<\/span><\/strong><\/a><\/p>\n<p>Mit einem Benutzernamen und einem Passwort haben Sie die M\u00f6glichkeit, Inhalte (Termine, Artikel) direkt auf die Webseite zu stellen. W\u00fcrden Sie gerne \u00f6fter mal etwas schreiben? Sind Sie VeranstalterIn, K\u00fcnstlerIn? Dann gerne <a title=\"Login erhalten\" href=\"http:\/\/kulturinsz.de\/cms\/login\/login-erhalten\/\">hier<\/a> anfordern.<\/p>\n<p><a href=\"http:\/\/kulturinsz.de\/cms\/feed\/\" target=\"_blank\"><span style=\"text-decoration: underline;\"><strong>RSS-FEED<\/strong><\/span><\/a><\/p>\n<p>RSS-FEED gibt Ihnen die M\u00f6glichkeit,<!--more--> dynamische Lesezeichen zu abonnieren, d.h. es werden in Ihrem entsprechenden Programm Links zu jeweils neuen Artikeln auf KulturInSZ.de angezeigt.<\/p>\n<p><span style=\"text-decoration: underline;\"><strong>Eigene Artikel oder Termine ver\u00f6ffentlichen<\/strong><\/span><\/p>\n<p>Wir ver\u00f6ffentlichen gerne auch einen Artikel oder Termin von Ihnen! <a title=\"Termin hinzuf\u00fcgen\" href=\"http:\/\/kulturinsz.de\/cms\/termin-hinzufugen\/\">Hier<\/a> eintragen.<\/p>\n","protected":false},"excerpt":{"rendered":"<p>KulturInSZ.de dient zur Information \u00fcber K\u00fcnstlerInnen, kulturelle Veranstaltungen und Diskussionen im Berliner Bezirk Steglitz-Zehlendorf. Einige zus\u00e4tzliche Funktionen im \u00dcberblick: Login Mit einem Benutzernamen und einem Passwort haben Sie die M\u00f6glichkeit, Inhalte (Termine, Artikel) direkt auf die Webseite zu stellen. W\u00fcrden &hellip; <a href=\"https:\/\/kulturinsz.de\/cms\/hilfe\/\">Weiterlesen <span class=\"meta-nav\">&rarr;<\/span><\/a><\/p>\n","protected":false},"author":3,"featured_media":0,"parent":0,"menu_order":0,"comment_status":"open","ping_status":"open","template":"","meta":[],"_links":{"self":[{"href":"https:\/\/kulturinsz.de\/cms\/wp-json\/wp\/v2\/pages\/39"}],"collection":[{"href":"https:\/\/kulturinsz.de\/cms\/wp-json\/wp\/v2\/pages"}],"about":[{"href":"https:\/\/kulturinsz.de\/cms\/wp-json\/wp\/v2\/types\/page"}],"author":[{"embeddable":true,"href":"https:\/\/kulturinsz.de\/cms\/wp-json\/wp\/v2\/users\/3"}],"replies":[{"embeddable":true,"href":"https:\/\/kulturinsz.de\/cms\/wp-json\/wp\/v2\/comments?post=39"}],"version-history":[{"count":14,"href":"https:\/\/kulturinsz.de\/cms\/wp-json\/wp\/v2\/pages\/39\/revisions"}],"predecessor-version":[{"id":4561,"href":"https:\/\/kulturinsz.de\/cms\/wp-json\/wp\/v2\/pages\/39\/revisions\/4561"}],"wp:attachment":[{"href":"https:\/\/kulturinsz.de\/cms\/wp-json\/wp\/v2\/media?parent=39"}],"curies":[{"name":"wp","href":"https:\/\/api.w.org\/{rel}","templated":true}]}}