{"id":4064,"date":"2014-02-16T23:13:34","date_gmt":"2014-02-16T22:13:34","guid":{"rendered":"http:\/\/kulturinsz.de\/cms\/?page_id=4064"},"modified":"2014-02-16T23:14:59","modified_gmt":"2014-02-16T22:14:59","slug":"franzosische-lesegruppe","status":"publish","type":"page","link":"https:\/\/kulturinsz.de\/cms\/menschen\/gruppen\/franzosische-lesegruppe\/","title":{"rendered":"Franz\u00f6sische Lesegruppe"},"content":{"rendered":"<p><a href=\"http:\/\/upload.wikimedia.org\/wikipedia\/commons\/9\/92\/Drapeau_de_la_France.png\"><img loading=\"lazy\" class=\"alignleft\" alt=\"\" src=\"http:\/\/upload.wikimedia.org\/wikipedia\/commons\/9\/92\/Drapeau_de_la_France.png\" width=\"318\" height=\"319\" \/><\/a><strong>Aimez-vous la litt\u00e9rature?<\/strong><\/p>\n<p>M\u00f6chten Sie gern Literatur aus Frankreich, Belgien, der Schweiz, Kanada, Westafrika und dem Maghreb kennen lernen und sich mit anderen Literaturliebhabern dar\u00fcber austauschen? Dann kommen Sie zum neuen franz\u00f6sischen Lesekreis, um sich mit anderen Interessenten und unter fachm\u00e4nnischer Anleitung von Edeltraud Jakwerth-Reyer auszutauschen. Ein ausgew\u00e4hltes Buch wird gemeinsam gelesen und dar\u00fcber in einer Gruppe diskutiert. Einzige Voraussetzung ist, sich in Franz\u00f6sisch unterhalten zu k\u00f6nnen. Der Lesekreis findet einmal monatlich immer am 2. Donnerstag in der <a title=\"Ingeborg-Drewitz-Bibliothek\" href=\"http:\/\/kulturinsz.de\/cms\/locations\/ingeborg-drewitz-bibliothek\/\">Ingeborg-Drewitz-Bibliothek<\/a>,Grunewaldstra\u00dfe 3 statt.<\/p>\n<p>Termin: jeden 2. Donnerstag im Monat, ab 14. November 2013, jeweils um 18:00 Uhr<br \/>\nEintritt: frei (Anmeldung unter Tel. (030) 79749511 oder per E-Mail (hel [punkt] reyer [at] t-online [punkt] de))<\/p>\n","protected":false},"excerpt":{"rendered":"<p>Aimez-vous la litt\u00e9rature? M\u00f6chten Sie gern Literatur aus Frankreich, Belgien, der Schweiz, Kanada, Westafrika und dem Maghreb kennen lernen und sich mit anderen Literaturliebhabern dar\u00fcber austauschen? Dann kommen Sie zum neuen franz\u00f6sischen Lesekreis, um sich mit anderen Interessenten und unter &hellip; <a href=\"https:\/\/kulturinsz.de\/cms\/menschen\/gruppen\/franzosische-lesegruppe\/\">Weiterlesen <span class=\"meta-nav\">&rarr;<\/span><\/a><\/p>\n","protected":false},"author":3,"featured_media":0,"parent":4062,"menu_order":0,"comment_status":"open","ping_status":"open","template":"seite-mit-blog-aktuelles.php","meta":[],"_links":{"self":[{"href":"https:\/\/kulturinsz.de\/cms\/wp-json\/wp\/v2\/pages\/4064"}],"collection":[{"href":"https:\/\/kulturinsz.de\/cms\/wp-json\/wp\/v2\/pages"}],"about":[{"href":"https:\/\/kulturinsz.de\/cms\/wp-json\/wp\/v2\/types\/page"}],"author":[{"embeddable":true,"href":"https:\/\/kulturinsz.de\/cms\/wp-json\/wp\/v2\/users\/3"}],"replies":[{"embeddable":true,"href":"https:\/\/kulturinsz.de\/cms\/wp-json\/wp\/v2\/comments?post=4064"}],"version-history":[{"count":3,"href":"https:\/\/kulturinsz.de\/cms\/wp-json\/wp\/v2\/pages\/4064\/revisions"}],"predecessor-version":[{"id":4066,"href":"https:\/\/kulturinsz.de\/cms\/wp-json\/wp\/v2\/pages\/4064\/revisions\/4066"}],"up":[{"embeddable":true,"href":"https:\/\/kulturinsz.de\/cms\/wp-json\/wp\/v2\/pages\/4062"}],"wp:attachment":[{"href":"https:\/\/kulturinsz.de\/cms\/wp-json\/wp\/v2\/media?parent=4064"}],"curies":[{"name":"wp","href":"https:\/\/api.w.org\/{rel}","templated":true}]}}