{"id":4209,"date":"2014-03-12T13:45:49","date_gmt":"2014-03-12T12:45:49","guid":{"rendered":"http:\/\/kulturinsz.de\/cms\/?page_id=4209"},"modified":"2021-02-12T14:14:29","modified_gmt":"2021-02-12T13:14:29","slug":"newsletter-archiv","status":"publish","type":"page","link":"https:\/\/kulturinsz.de\/cms\/aktuelles\/newsletter-archiv\/","title":{"rendered":"Newsletter-Archiv"},"content":{"rendered":"<ul>\n<li><a href=\"http:\/\/kulturinsz.de\/cms\/?na=view&amp;id=42\" target=\"_blank\" rel=\"noopener\">12.2.2021 Newsletter KulturInSZ.de: Online-Gespr\u00e4ch zu Corona &amp; Hilfen, Online-Termine, w\u00f6chentliche Kultursendung<\/a><\/li>\n<\/ul>\n<p>Eintragen in die Empf\u00e4ngerliste unseres Newsletters k\u00f6nnen Sie Ihre Email-Adresse <a title=\"Newsletter\" href=\"http:\/\/kulturinsz.de\/cms\/newsletter\/\">hier:\u00a0<\/a><\/p>\n","protected":false},"excerpt":{"rendered":"<p>12.2.2021 Newsletter KulturInSZ.de: Online-Gespr\u00e4ch zu Corona &amp; Hilfen, Online-Termine, w\u00f6chentliche Kultursendung Eintragen in die Empf\u00e4ngerliste unseres Newsletters k\u00f6nnen Sie Ihre Email-Adresse hier:\u00a0<\/p>\n","protected":false},"author":3,"featured_media":0,"parent":2485,"menu_order":0,"comment_status":"open","ping_status":"open","template":"","meta":[],"_links":{"self":[{"href":"https:\/\/kulturinsz.de\/cms\/wp-json\/wp\/v2\/pages\/4209"}],"collection":[{"href":"https:\/\/kulturinsz.de\/cms\/wp-json\/wp\/v2\/pages"}],"about":[{"href":"https:\/\/kulturinsz.de\/cms\/wp-json\/wp\/v2\/types\/page"}],"author":[{"embeddable":true,"href":"https:\/\/kulturinsz.de\/cms\/wp-json\/wp\/v2\/users\/3"}],"replies":[{"embeddable":true,"href":"https:\/\/kulturinsz.de\/cms\/wp-json\/wp\/v2\/comments?post=4209"}],"version-history":[{"count":12,"href":"https:\/\/kulturinsz.de\/cms\/wp-json\/wp\/v2\/pages\/4209\/revisions"}],"predecessor-version":[{"id":9060,"href":"https:\/\/kulturinsz.de\/cms\/wp-json\/wp\/v2\/pages\/4209\/revisions\/9060"}],"up":[{"embeddable":true,"href":"https:\/\/kulturinsz.de\/cms\/wp-json\/wp\/v2\/pages\/2485"}],"wp:attachment":[{"href":"https:\/\/kulturinsz.de\/cms\/wp-json\/wp\/v2\/media?parent=4209"}],"curies":[{"name":"wp","href":"https:\/\/api.w.org\/{rel}","templated":true}]}}