{"id":433,"date":"2013-04-30T18:59:38","date_gmt":"2013-04-30T18:59:38","guid":{"rendered":"http:\/\/kulturinsz.de\/cms\/?page_id=433"},"modified":"2014-03-26T11:35:54","modified_gmt":"2014-03-26T10:35:54","slug":"maler","status":"publish","type":"page","link":"https:\/\/kulturinsz.de\/cms\/menschen\/maler\/","title":{"rendered":"Maler"},"content":{"rendered":"<p>Heutige:<\/p>\n<p>|<strong>B<\/strong>| <a title=\"Becker, Klaus\" href=\"http:\/\/kulturinsz.de\/cms\/menschen\/maler\/becker-klaus\/\">Becker, Klaus<\/a> | <a title=\"Berger, Gerda\" href=\"http:\/\/kulturinsz.de\/cms\/menschen\/maler\/berger-gerda\/\">Berger, Gerda<\/a> | <a title=\"B\u00fclow, Christine\" href=\"http:\/\/kulturinsz.de\/cms\/menschen\/maler\/bulow-christine\/\">B\u00fclow, Christine<\/a> |<strong>F<\/strong>| <a title=\"Frank, Ulrike\" href=\"http:\/\/kulturinsz.de\/cms\/menschen\/maler\/frank-ulrike\/\">Frank, Ulrike<\/a> | <a title=\"Achim Freyer\" href=\"http:\/\/kulturinsz.de\/cms\/menschen\/maler\/achim-freyer\/\">Freyer, Achim <\/a>|<strong>H<\/strong>|\u00a0<a title=\"Hildebrandt, Jutta\" href=\"http:\/\/kulturinsz.de\/cms\/menschen\/maler\/hildebrandt-jutta\/\">Hildebrandt, Jutta<\/a> |<strong>P<\/strong>| <a title=\"Petrus Akkordeon\" href=\"http:\/\/kulturinsz.de\/cms\/menschen\/maler\/petrus-akkordeon\/\">Petrus Akkordeon<\/a> |<strong>R<\/strong>| <a title=\"Ri\u00dfmann, J\u00fcrgen\" href=\"http:\/\/kulturinsz.de\/cms\/menschen\/maler\/rismann-jurgen\/\">Ri\u00dfmann, J\u00fcrgen<\/a> | <a title=\"R\u00f6ssiger, Andreas\" href=\"http:\/\/kulturinsz.de\/cms\/menschen\/maler\/rossiger-andreas\/\">R\u00f6ssiger, Andreas<\/a> | <a title=\"Roskoden, Regina\" href=\"http:\/\/kulturinsz.de\/cms\/menschen\/maler\/roskoden-regina\/\">Roskoden, Regina<\/a> |<strong>S<\/strong>| <a title=\"Semmler, Eberhard\" href=\"http:\/\/kulturinsz.de\/cms\/menschen\/maler\/semmler-eberhard\/\">Semmler, Eberhard<\/a> <strong><\/strong>|<strong>W<\/strong>| <a title=\"Weniger, Karla\" href=\"http:\/\/kulturinsz.de\/cms\/menschen\/maler\/karla-weniger\/\">Weniger, Karla<\/a> | <a title=\"Winter, Hans Gert\" href=\"http:\/\/kulturinsz.de\/cms\/menschen\/maler\/winter-hans-gert\/\">Winter, Hans Gert<\/a> |<strong>Z<\/strong>| <a title=\"Zeichhardt, Christiane\" href=\"http:\/\/kulturinsz.de\/cms\/menschen\/maler\/zeichhardt-christiane\/\">Zeichhardt, Christiane<\/a><\/p>\n<p>Fr\u00fchere:<\/p>\n<p>|<strong>B<\/strong>|\u00a0<a title=\"Br\u00fccke\" href=\"http:\/\/kulturinsz.de\/cms\/menschen\/kunstlergruppen\/brucke\/\">Bleyl, Fritz<\/a> |<strong>F<\/strong>| <a title=\"Lyonel Feininger\" href=\"http:\/\/kulturinsz.de\/cms\/menschen\/maler\/lyonel-feininger\/\">Feininger,Lyonel<\/a> |<strong>H<\/strong>| <a title=\"Br\u00fccke\" href=\"http:\/\/kulturinsz.de\/cms\/menschen\/kunstlergruppen\/brucke\/\">Heckel, Erich<\/a> |<strong>K<\/strong>| <a title=\"Br\u00fccke\" href=\"http:\/\/kulturinsz.de\/cms\/menschen\/kunstlergruppen\/brucke\/\">Kirchner, Ernst Ludwig<\/a> |<strong>L<\/strong>| <a title=\"Leistikow, Walter\" href=\"http:\/\/kulturinsz.de\/cms\/menschen\/maler\/leistikow-walter\/\">Leistikow, Walter<\/a> | <a title=\"Liebermann, Max\" href=\"http:\/\/kulturinsz.de\/cms\/menschen\/maler\/liebermann-max\/\">Liebermann, Max<\/a> <strong><\/strong>|<strong>S<\/strong>| <a title=\"Br\u00fccke\" href=\"http:\/\/kulturinsz.de\/cms\/menschen\/kunstlergruppen\/brucke\/\">Schmidt-Rottluff, Karl<\/a><\/p>\n<p>Die Liste wird fortgesetzt! Vorschl\u00e4ge gerne an: info@KulturInSZ.de<\/p>\n","protected":false},"excerpt":{"rendered":"<p>Heutige: |B| Becker, Klaus | Berger, Gerda | B\u00fclow, Christine |F| Frank, Ulrike | Freyer, Achim |H|\u00a0Hildebrandt, Jutta |P| Petrus Akkordeon |R| Ri\u00dfmann, J\u00fcrgen | R\u00f6ssiger, Andreas | Roskoden, Regina |S| Semmler, Eberhard |W| Weniger, Karla | Winter, Hans Gert &hellip; <a href=\"https:\/\/kulturinsz.de\/cms\/menschen\/maler\/\">Weiterlesen <span class=\"meta-nav\">&rarr;<\/span><\/a><\/p>\n","protected":false},"author":3,"featured_media":0,"parent":13,"menu_order":0,"comment_status":"open","ping_status":"open","template":"seite-mit-blog-aktuelles.php","meta":[],"_links":{"self":[{"href":"https:\/\/kulturinsz.de\/cms\/wp-json\/wp\/v2\/pages\/433"}],"collection":[{"href":"https:\/\/kulturinsz.de\/cms\/wp-json\/wp\/v2\/pages"}],"about":[{"href":"https:\/\/kulturinsz.de\/cms\/wp-json\/wp\/v2\/types\/page"}],"author":[{"embeddable":true,"href":"https:\/\/kulturinsz.de\/cms\/wp-json\/wp\/v2\/users\/3"}],"replies":[{"embeddable":true,"href":"https:\/\/kulturinsz.de\/cms\/wp-json\/wp\/v2\/comments?post=433"}],"version-history":[{"count":33,"href":"https:\/\/kulturinsz.de\/cms\/wp-json\/wp\/v2\/pages\/433\/revisions"}],"predecessor-version":[{"id":633,"href":"https:\/\/kulturinsz.de\/cms\/wp-json\/wp\/v2\/pages\/433\/revisions\/633"}],"up":[{"embeddable":true,"href":"https:\/\/kulturinsz.de\/cms\/wp-json\/wp\/v2\/pages\/13"}],"wp:attachment":[{"href":"https:\/\/kulturinsz.de\/cms\/wp-json\/wp\/v2\/media?parent=433"}],"curies":[{"name":"wp","href":"https:\/\/api.w.org\/{rel}","templated":true}]}}