{"id":4374,"date":"2014-04-06T13:40:59","date_gmt":"2014-04-06T11:40:59","guid":{"rendered":"http:\/\/kulturinsz.de\/cms\/?page_id=4374"},"modified":"2014-04-06T13:41:29","modified_gmt":"2014-04-06T11:41:29","slug":"kulturnetzwerk-sudwest-e-v","status":"publish","type":"page","link":"https:\/\/kulturinsz.de\/cms\/menschen\/kulturvereine\/kulturnetzwerk-sudwest-e-v\/","title":{"rendered":"Kulturnetzwerk S\u00fcdwest e.V."},"content":{"rendered":"<p><small><img loading=\"lazy\" class=\"alignleft\" alt=\"\" src=\"http:\/\/www.kulturnetzwerk-suedwest.de\/Logo_tr.gif\" width=\"155\" height=\"108\" \/><\/small><\/p>\n<p>Das Kulturnetzwerk S\u00fcdwest e.V. ist eine Vereinigung von B\u00fcrgern, Initiativen und Vereinen, die im Kulturbereich der Region aktiv sind.<\/p>\n<p>Auf der Basis freiwilligen b\u00fcrgerschaftlichen Engagements fungiert das Netzwerk als Plattform, Forum und Dach f\u00fcr Kultur-Schaffende, -Unternehmende, -Verwaltende, -F\u00f6rdernde, -Interessierte und -Genie\u00dfende:<\/p>\n<p><a href=\"http:\/\/www.kulturnetzwerk-suedwest.de\" target=\"_blank\">www.kulturnetzwerk-suedwest.de<\/a><\/p>\n","protected":false},"excerpt":{"rendered":"<p>Das Kulturnetzwerk S\u00fcdwest e.V. ist eine Vereinigung von B\u00fcrgern, Initiativen und Vereinen, die im Kulturbereich der Region aktiv sind. Auf der Basis freiwilligen b\u00fcrgerschaftlichen Engagements fungiert das Netzwerk als Plattform, Forum und Dach f\u00fcr Kultur-Schaffende, -Unternehmende, -Verwaltende, -F\u00f6rdernde, -Interessierte und &hellip; <a href=\"https:\/\/kulturinsz.de\/cms\/menschen\/kulturvereine\/kulturnetzwerk-sudwest-e-v\/\">Weiterlesen <span class=\"meta-nav\">&rarr;<\/span><\/a><\/p>\n","protected":false},"author":3,"featured_media":0,"parent":1472,"menu_order":0,"comment_status":"open","ping_status":"open","template":"seite-mit-blog-aktuelles.php","meta":[],"_links":{"self":[{"href":"https:\/\/kulturinsz.de\/cms\/wp-json\/wp\/v2\/pages\/4374"}],"collection":[{"href":"https:\/\/kulturinsz.de\/cms\/wp-json\/wp\/v2\/pages"}],"about":[{"href":"https:\/\/kulturinsz.de\/cms\/wp-json\/wp\/v2\/types\/page"}],"author":[{"embeddable":true,"href":"https:\/\/kulturinsz.de\/cms\/wp-json\/wp\/v2\/users\/3"}],"replies":[{"embeddable":true,"href":"https:\/\/kulturinsz.de\/cms\/wp-json\/wp\/v2\/comments?post=4374"}],"version-history":[{"count":3,"href":"https:\/\/kulturinsz.de\/cms\/wp-json\/wp\/v2\/pages\/4374\/revisions"}],"predecessor-version":[{"id":4377,"href":"https:\/\/kulturinsz.de\/cms\/wp-json\/wp\/v2\/pages\/4374\/revisions\/4377"}],"up":[{"embeddable":true,"href":"https:\/\/kulturinsz.de\/cms\/wp-json\/wp\/v2\/pages\/1472"}],"wp:attachment":[{"href":"https:\/\/kulturinsz.de\/cms\/wp-json\/wp\/v2\/media?parent=4374"}],"curies":[{"name":"wp","href":"https:\/\/api.w.org\/{rel}","templated":true}]}}