{"id":4411,"date":"2014-04-16T12:55:33","date_gmt":"2014-04-16T10:55:33","guid":{"rendered":"http:\/\/kulturinsz.de\/cms\/?page_id=4411"},"modified":"2014-04-16T13:20:20","modified_gmt":"2014-04-16T11:20:20","slug":"integrationspreis","status":"publish","type":"page","link":"https:\/\/kulturinsz.de\/cms\/politik\/multikulturelles\/integrationspreis\/","title":{"rendered":"Integrationspreis"},"content":{"rendered":"<p>Am 19.03.2014 beschloss die Bezirksverordnetenversammlung, \u00fcber das Bezirksamt gemeinsam mit dem Vorsteher der BVV sowie den Mitgliedern des Integrationsausschusses und des Bezirksbeirates f\u00fcr Integration und Migration einen Integrationspreis auszuloben.<\/p>\n<p>Die Jury des Presies setzt sich zusammen aus dem Vorsteher der BVV, dem Bezirksb\u00fcrgermeister, der Vorsitzenden des Integrationsausschusses, je Fraktion einem Mitglied des Ausschusses f\u00fcr Integration, der Integrationsbeauftragten sowie dem Vorsitzenden des Bezirksbeirates f\u00fcr Integration und Migration.<\/p>\n<p>Der Preis soll jeweils im Rahmen einer der Feiern zur Verleihung der deutschen Staatsb\u00fcrgerschaft verliehen werden.<\/p>\n<p><a href=\"http:\/\/www.berlin.de\/ba-steglitz-zehlendorf\/politik-und-verwaltung\/bezirksverordnetenversammlung\/online\/vo020.asp?VOLFDNR=4779\" target=\"_blank\">Beschluss der BVV vom 19.03.2014<\/a><\/p>\n","protected":false},"excerpt":{"rendered":"<p>Am 19.03.2014 beschloss die Bezirksverordnetenversammlung, \u00fcber das Bezirksamt gemeinsam mit dem Vorsteher der BVV sowie den Mitgliedern des Integrationsausschusses und des Bezirksbeirates f\u00fcr Integration und Migration einen Integrationspreis auszuloben. Die Jury des Presies setzt sich zusammen aus dem Vorsteher der &hellip; <a href=\"https:\/\/kulturinsz.de\/cms\/politik\/multikulturelles\/integrationspreis\/\">Weiterlesen <span class=\"meta-nav\">&rarr;<\/span><\/a><\/p>\n","protected":false},"author":3,"featured_media":0,"parent":181,"menu_order":0,"comment_status":"open","ping_status":"open","template":"seite-mit-blog-aktuelles.php","meta":[],"_links":{"self":[{"href":"https:\/\/kulturinsz.de\/cms\/wp-json\/wp\/v2\/pages\/4411"}],"collection":[{"href":"https:\/\/kulturinsz.de\/cms\/wp-json\/wp\/v2\/pages"}],"about":[{"href":"https:\/\/kulturinsz.de\/cms\/wp-json\/wp\/v2\/types\/page"}],"author":[{"embeddable":true,"href":"https:\/\/kulturinsz.de\/cms\/wp-json\/wp\/v2\/users\/3"}],"replies":[{"embeddable":true,"href":"https:\/\/kulturinsz.de\/cms\/wp-json\/wp\/v2\/comments?post=4411"}],"version-history":[{"count":4,"href":"https:\/\/kulturinsz.de\/cms\/wp-json\/wp\/v2\/pages\/4411\/revisions"}],"predecessor-version":[{"id":4418,"href":"https:\/\/kulturinsz.de\/cms\/wp-json\/wp\/v2\/pages\/4411\/revisions\/4418"}],"up":[{"embeddable":true,"href":"https:\/\/kulturinsz.de\/cms\/wp-json\/wp\/v2\/pages\/181"}],"wp:attachment":[{"href":"https:\/\/kulturinsz.de\/cms\/wp-json\/wp\/v2\/media?parent=4411"}],"curies":[{"name":"wp","href":"https:\/\/api.w.org\/{rel}","templated":true}]}}