{"id":444,"date":"2013-04-30T20:41:02","date_gmt":"2013-04-30T20:41:02","guid":{"rendered":"http:\/\/kulturinsz.de\/cms\/?page_id=444"},"modified":"2013-07-17T13:02:20","modified_gmt":"2013-07-17T11:02:20","slug":"ruine-der-kuenste","status":"publish","type":"page","link":"https:\/\/kulturinsz.de\/cms\/orte\/ruine-der-kuenste\/","title":{"rendered":"Ruine der K\u00fcnste"},"content":{"rendered":"<p>| <a title=\"Ruine der K\u00fcnste\" href=\"http:\/\/kulturinsz.de\/cms\/orte\/ruine-der-kuenste\/\">Info<\/a> | <a title=\"Ruine der K\u00fcnste\" href=\"http:\/\/kulturinsz.de\/cms\/locations\/ruine-der-kunste\/\">Veranstaltungen<\/a> | <a title=\"Ruine der K\u00fcnste\" href=\"http:\/\/kulturinsz.de\/cms\/locations\/ruine-der-kunste\/\">Anfahrt<\/a> | <a title=\"Ruine der K\u00fcnste\" href=\"http:\/\/kulturinsz.de\/cms\/orte\/ruine-der-kuenste\/\">Kommentare<\/a> |<\/p>\n<p>Die Ruine der K\u00fcnste liegt etwas vesteckt in der Hittorfstra\u00dfe, ein Besuch bei K\u00fcnstler Wolf Kahlen lohnt sich aber, denn das Haus als solches ist schon ein Kunstwerk der Zeit&#8230;<\/p>\n<p>Hittorfstr. 5<br \/>\nD-14195 Berlin<\/p>\n<p><a href=\"http:\/\/home.snafu.de\/ruine-kuenste.berlin\/manifest.htm\" target=\"_blank\">http:\/\/home.snafu.de\/ruine-kuenste.berlin\/manifest.htm<\/a><\/p>\n<p>&nbsp;<\/p>\n","protected":false},"excerpt":{"rendered":"<p>| Info | Veranstaltungen | Anfahrt | Kommentare | Die Ruine der K\u00fcnste liegt etwas vesteckt in der Hittorfstra\u00dfe, ein Besuch bei K\u00fcnstler Wolf Kahlen lohnt sich aber, denn das Haus als solches ist schon ein Kunstwerk der Zeit&#8230; Hittorfstr. &hellip; <a href=\"https:\/\/kulturinsz.de\/cms\/orte\/ruine-der-kuenste\/\">Weiterlesen <span class=\"meta-nav\">&rarr;<\/span><\/a><\/p>\n","protected":false},"author":3,"featured_media":0,"parent":15,"menu_order":0,"comment_status":"open","ping_status":"open","template":"seite-mit-blog-aktuelles.php","meta":[],"_links":{"self":[{"href":"https:\/\/kulturinsz.de\/cms\/wp-json\/wp\/v2\/pages\/444"}],"collection":[{"href":"https:\/\/kulturinsz.de\/cms\/wp-json\/wp\/v2\/pages"}],"about":[{"href":"https:\/\/kulturinsz.de\/cms\/wp-json\/wp\/v2\/types\/page"}],"author":[{"embeddable":true,"href":"https:\/\/kulturinsz.de\/cms\/wp-json\/wp\/v2\/users\/3"}],"replies":[{"embeddable":true,"href":"https:\/\/kulturinsz.de\/cms\/wp-json\/wp\/v2\/comments?post=444"}],"version-history":[{"count":10,"href":"https:\/\/kulturinsz.de\/cms\/wp-json\/wp\/v2\/pages\/444\/revisions"}],"predecessor-version":[{"id":2356,"href":"https:\/\/kulturinsz.de\/cms\/wp-json\/wp\/v2\/pages\/444\/revisions\/2356"}],"up":[{"embeddable":true,"href":"https:\/\/kulturinsz.de\/cms\/wp-json\/wp\/v2\/pages\/15"}],"wp:attachment":[{"href":"https:\/\/kulturinsz.de\/cms\/wp-json\/wp\/v2\/media?parent=444"}],"curies":[{"name":"wp","href":"https:\/\/api.w.org\/{rel}","templated":true}]}}