{"id":458,"date":"2013-04-30T17:12:19","date_gmt":"2013-04-30T17:12:19","guid":{"rendered":"http:\/\/kulturinsz.de\/cms\/?page_id=458"},"modified":"2013-05-02T22:47:44","modified_gmt":"2013-05-02T22:47:44","slug":"neue-gemeinschaft","status":"publish","type":"page","link":"https:\/\/kulturinsz.de\/cms\/menschen\/kunstlergruppen\/neue-gemeinschaft\/","title":{"rendered":"&#8220;Neue Gemeinschaft&#8221;"},"content":{"rendered":"<p>Die &#8220;Neue Gemeinschaft&#8221; fand sich als Kommune 1900-1903 in Schlachtensee zusammen, um gemeinsam ein Lebensexperiment zwischen Kunst, Religion, Anarchismus, Naturalismus und Bankrott zu wagen.<\/p>\n<p>Besucher bzw. Bewohner dieser Kommune waren unter anderem <a title=\"Peter Hille \u2013 der \u201cBohemien von Schlachtensee\u201d\" href=\"http:\/\/kulturinsz.de\/cms\/menschen\/autoren\/peter-hille\/\">Peter Hille<\/a>, <a title=\"Hugo H\u00f6ppener\" href=\"http:\/\/de.wikipedia.org\/wiki\/Hugo_H%C3%B6ppener\" target=\"_blank\">Hugo H\u00f6ppener<\/a>, <a href=\"http:\/\/de.wikipedia.org\/wiki\/Bernhard_Kampffmeyer\" target=\"_blank\">Bernhard Kampffmeyer<\/a>, <a title=\"Gustav Landauer\" href=\"http:\/\/de.wikipedia.org\/wiki\/Gustav_Landauer\">Gustav Landauer<\/a>, <a title=\"Martin Buber\" href=\"http:\/\/de.wikipedia.org\/wiki\/Martin_Buber\">Martin Buber<\/a>, <a title=\"Else Lasker-Sch\u00fcler\" href=\"http:\/\/de.wikipedia.org\/wiki\/Else_Lasker-Sch%C3%BCler\">Else Lasker-Sch\u00fcler<\/a>, <a title=\"Willy Pastor\" href=\"http:\/\/de.wikipedia.org\/wiki\/Willy_Pastor\">Willy Pastor<\/a> und <a title=\"Erich M\u00fchsam\" href=\"http:\/\/de.wikipedia.org\/wiki\/Erich_M%C3%BChsam\">Erich M\u00fchsam<\/a>.<\/p>\n<p>KulturInSZ.de w\u00e4re sehr interessiert, der Geschichte dieser<!--more--> Kommune n\u00e4her nachzusp\u00fcren und w\u00fcrde sich freuen, wenn jemand Interessiertes hierzu recherchieren und einen Artikel schreiben w\u00fcrde. Kontakt gerne unter: info@KulturInSZ.de<\/p>\n<p>&nbsp;<\/p>\n","protected":false},"excerpt":{"rendered":"<p>Die &#8220;Neue Gemeinschaft&#8221; fand sich als Kommune 1900-1903 in Schlachtensee zusammen, um gemeinsam ein Lebensexperiment zwischen Kunst, Religion, Anarchismus, Naturalismus und Bankrott zu wagen. Besucher bzw. Bewohner dieser Kommune waren unter anderem Peter Hille, Hugo H\u00f6ppener, Bernhard Kampffmeyer, Gustav Landauer, &hellip; <a href=\"https:\/\/kulturinsz.de\/cms\/menschen\/kunstlergruppen\/neue-gemeinschaft\/\">Weiterlesen <span class=\"meta-nav\">&rarr;<\/span><\/a><\/p>\n","protected":false},"author":3,"featured_media":0,"parent":456,"menu_order":0,"comment_status":"open","ping_status":"open","template":"seite-mit-blog-aktuelles.php","meta":[],"_links":{"self":[{"href":"https:\/\/kulturinsz.de\/cms\/wp-json\/wp\/v2\/pages\/458"}],"collection":[{"href":"https:\/\/kulturinsz.de\/cms\/wp-json\/wp\/v2\/pages"}],"about":[{"href":"https:\/\/kulturinsz.de\/cms\/wp-json\/wp\/v2\/types\/page"}],"author":[{"embeddable":true,"href":"https:\/\/kulturinsz.de\/cms\/wp-json\/wp\/v2\/users\/3"}],"replies":[{"embeddable":true,"href":"https:\/\/kulturinsz.de\/cms\/wp-json\/wp\/v2\/comments?post=458"}],"version-history":[{"count":9,"href":"https:\/\/kulturinsz.de\/cms\/wp-json\/wp\/v2\/pages\/458\/revisions"}],"predecessor-version":[{"id":460,"href":"https:\/\/kulturinsz.de\/cms\/wp-json\/wp\/v2\/pages\/458\/revisions\/460"}],"up":[{"embeddable":true,"href":"https:\/\/kulturinsz.de\/cms\/wp-json\/wp\/v2\/pages\/456"}],"wp:attachment":[{"href":"https:\/\/kulturinsz.de\/cms\/wp-json\/wp\/v2\/media?parent=458"}],"curies":[{"name":"wp","href":"https:\/\/api.w.org\/{rel}","templated":true}]}}