{"id":4926,"date":"2014-11-18T15:38:57","date_gmt":"2014-11-18T14:38:57","guid":{"rendered":"http:\/\/kulturinsz.de\/cms\/?page_id=4926"},"modified":"2014-11-19T11:21:11","modified_gmt":"2014-11-19T10:21:11","slug":"kunsthaus-dahlem","status":"publish","type":"page","link":"https:\/\/kulturinsz.de\/cms\/orte\/kunsthaus-dahlem\/","title":{"rendered":"Kunsthaus Dahlem"},"content":{"rendered":"<p>| <a href=\"http:\/\/kulturinsz.de\/cms\/orte\/kunsthaus-dahlem\/\">Info<\/a> | <a href=\"http:\/\/kulturinsz.de\/cms\/locations\/kunsthaus-dahlem-2\/\">Veranstaltungen<\/a> | <a href=\"http:\/\/kulturinsz.de\/cms\/locations\/kunsthaus-dahlem-2\/\">Anfahrt<\/a> | <a href=\"http:\/\/kulturinsz.de\/cms\/orte\/kunsthaus-dahlem\/\">Kommentare<\/a> |<\/p>\n<p>Das <strong>Kunsthaus Dahlem<\/strong> ist ein aus Mitteln der Kulturverwaltung des Landes Berlin gef\u00f6rdertes Ausstellungshaus f\u00fcr die deutsche Nachkriegsmoderne (Ost und West). Getragen wird es von der 2013 gegr\u00fcndeten Atelierhaus Dahlem gGmbH, einer Tochtergesellschaft der Bernhard-Heiliger-Stiftung.<\/p>\n<div id=\"attachment_4943\" style=\"width: 366px\" class=\"wp-caption alignleft\"><a href=\"http:\/\/kulturinsz.de\/cms\/wp-content\/uploads\/2014\/11\/atelierhaus_dahlem.jpg\"><img aria-describedby=\"caption-attachment-4943\" loading=\"lazy\" class=\"wp-image-4943 \" src=\"http:\/\/kulturinsz.de\/cms\/wp-content\/uploads\/2014\/11\/atelierhaus_dahlem-682x1024.jpg\" alt=\"Foto: Robert Conrad. Copyright: Kunsthaus Dahlem\" width=\"356\" height=\"534\" srcset=\"https:\/\/kulturinsz.de\/cms\/wp-content\/uploads\/2014\/11\/atelierhaus_dahlem-682x1024.jpg 682w, https:\/\/kulturinsz.de\/cms\/wp-content\/uploads\/2014\/11\/atelierhaus_dahlem-199x300.jpg 199w\" sizes=\"(max-width: 356px) 100vw, 356px\" \/><\/a><p id=\"caption-attachment-4943\" class=\"wp-caption-text\">Foto: Robert Conrad. Copyright: Kunsthaus Dahlem<\/p><\/div>\n<p>Das am Grunewald gelegene Geb\u00e4ude wird nach einem denkmalgerechten Um- und R\u00fcckbau im Sommer 2015 als Ausstellungsraum er\u00f6ffnen. Geplant sind im Vorfeld der Er\u00f6ffnung eine Reihe von Veranstaltungen, um einem interessierten Publikum den Zugang zum Haus in leerem Zustand zu erm\u00f6glichen. Neben einem Cafe und einem Museumsshop wird auch eine kostenfrei zu besichtigende Dauerausstellung zur bewegten Vergangenheit des Hauses eingerichtet werden.<\/p>\n<p><a href=\"http:\/\/kunsthaus-dahlem.de\">http:\/\/kunsthaus-dahlem.de<\/a><\/p>\n","protected":false},"excerpt":{"rendered":"<p>| Info | Veranstaltungen | Anfahrt | Kommentare | Das Kunsthaus Dahlem ist ein aus Mitteln der Kulturverwaltung des Landes Berlin gef\u00f6rdertes Ausstellungshaus f\u00fcr die deutsche Nachkriegsmoderne (Ost und West). Getragen wird es von der 2013 gegr\u00fcndeten Atelierhaus Dahlem gGmbH, &hellip; <a href=\"https:\/\/kulturinsz.de\/cms\/orte\/kunsthaus-dahlem\/\">Weiterlesen <span class=\"meta-nav\">&rarr;<\/span><\/a><\/p>\n","protected":false},"author":3,"featured_media":0,"parent":15,"menu_order":0,"comment_status":"open","ping_status":"open","template":"seite-mit-blog-aktuelles.php","meta":[],"_links":{"self":[{"href":"https:\/\/kulturinsz.de\/cms\/wp-json\/wp\/v2\/pages\/4926"}],"collection":[{"href":"https:\/\/kulturinsz.de\/cms\/wp-json\/wp\/v2\/pages"}],"about":[{"href":"https:\/\/kulturinsz.de\/cms\/wp-json\/wp\/v2\/types\/page"}],"author":[{"embeddable":true,"href":"https:\/\/kulturinsz.de\/cms\/wp-json\/wp\/v2\/users\/3"}],"replies":[{"embeddable":true,"href":"https:\/\/kulturinsz.de\/cms\/wp-json\/wp\/v2\/comments?post=4926"}],"version-history":[{"count":5,"href":"https:\/\/kulturinsz.de\/cms\/wp-json\/wp\/v2\/pages\/4926\/revisions"}],"predecessor-version":[{"id":4945,"href":"https:\/\/kulturinsz.de\/cms\/wp-json\/wp\/v2\/pages\/4926\/revisions\/4945"}],"up":[{"embeddable":true,"href":"https:\/\/kulturinsz.de\/cms\/wp-json\/wp\/v2\/pages\/15"}],"wp:attachment":[{"href":"https:\/\/kulturinsz.de\/cms\/wp-json\/wp\/v2\/media?parent=4926"}],"curies":[{"name":"wp","href":"https:\/\/api.w.org\/{rel}","templated":true}]}}