{"id":5274,"date":"2015-03-27T12:59:52","date_gmt":"2015-03-27T11:59:52","guid":{"rendered":"http:\/\/kulturinsz.de\/cms\/?page_id=5274"},"modified":"2015-03-27T13:05:56","modified_gmt":"2015-03-27T12:05:56","slug":"primobuch","status":"publish","type":"page","link":"https:\/\/kulturinsz.de\/cms\/orte\/buchhandlungen\/primobuch\/","title":{"rendered":"Primobuch"},"content":{"rendered":"<p>| <a href=\"http:\/\/kulturinsz.de\/cms\/orte\/buchhandlungen\/primobuch\/\">Info<\/a> | <a href=\"http:\/\/kulturinsz.de\/cms\/locations\/primobuch\/\">Veranstaltungen<\/a> | <a href=\"http:\/\/kulturinsz.de\/cms\/locations\/primobuch\/\">Anfahrt<\/a> | <a href=\"http:\/\/kulturinsz.de\/cms\/orte\/buchhandlungen\/primobuch\/\">Kommentare<\/a> |<\/p>\n<p>\u201ePrimobuch\u201c ist eigentlich ein Antiquariat, das seine B\u00fccher im Internet auf verschiedenen Plattformen vertreibt. Mit dem Ladengesch\u00e4ft in der Herderstra\u00dfe 24 in Steglitz wurde jetzt der Sprung ins reale Leben gewagt. 11.000 B\u00fccher warten hier auf mehreren Etagen auf direkte K\u00e4ufer oder ihren Versand per Post.<\/p>\n<div id=\"attachment_5259\" style=\"width: 610px\" class=\"wp-caption aligncenter\"><img aria-describedby=\"caption-attachment-5259\" loading=\"lazy\" class=\"size-full wp-image-5259\" src=\"http:\/\/kulturinsz.de\/cms\/wp-content\/uploads\/2015\/03\/primobuch2.jpg\" alt=\"Bei &quot;Primobuch&quot;\" width=\"600\" height=\"260\" srcset=\"https:\/\/kulturinsz.de\/cms\/wp-content\/uploads\/2015\/03\/primobuch2.jpg 600w, https:\/\/kulturinsz.de\/cms\/wp-content\/uploads\/2015\/03\/primobuch2-300x130.jpg 300w\" sizes=\"(max-width: 600px) 100vw, 600px\" \/><p id=\"caption-attachment-5259\" class=\"wp-caption-text\">Bei &#8220;Primobuch&#8221;<\/p><\/div>\n<p><a href=\"http:\/\/www.primobuch.de\" target=\"_blank\">www.primobuch.de<\/a><\/p>\n","protected":false},"excerpt":{"rendered":"<p>| Info | Veranstaltungen | Anfahrt | Kommentare | \u201ePrimobuch\u201c ist eigentlich ein Antiquariat, das seine B\u00fccher im Internet auf verschiedenen Plattformen vertreibt. Mit dem Ladengesch\u00e4ft in der Herderstra\u00dfe 24 in Steglitz wurde jetzt der Sprung ins reale Leben gewagt. &hellip; <a href=\"https:\/\/kulturinsz.de\/cms\/orte\/buchhandlungen\/primobuch\/\">Weiterlesen <span class=\"meta-nav\">&rarr;<\/span><\/a><\/p>\n","protected":false},"author":3,"featured_media":0,"parent":528,"menu_order":0,"comment_status":"open","ping_status":"open","template":"seite-mit-blog-aktuelles.php","meta":[],"_links":{"self":[{"href":"https:\/\/kulturinsz.de\/cms\/wp-json\/wp\/v2\/pages\/5274"}],"collection":[{"href":"https:\/\/kulturinsz.de\/cms\/wp-json\/wp\/v2\/pages"}],"about":[{"href":"https:\/\/kulturinsz.de\/cms\/wp-json\/wp\/v2\/types\/page"}],"author":[{"embeddable":true,"href":"https:\/\/kulturinsz.de\/cms\/wp-json\/wp\/v2\/users\/3"}],"replies":[{"embeddable":true,"href":"https:\/\/kulturinsz.de\/cms\/wp-json\/wp\/v2\/comments?post=5274"}],"version-history":[{"count":4,"href":"https:\/\/kulturinsz.de\/cms\/wp-json\/wp\/v2\/pages\/5274\/revisions"}],"predecessor-version":[{"id":5279,"href":"https:\/\/kulturinsz.de\/cms\/wp-json\/wp\/v2\/pages\/5274\/revisions\/5279"}],"up":[{"embeddable":true,"href":"https:\/\/kulturinsz.de\/cms\/wp-json\/wp\/v2\/pages\/528"}],"wp:attachment":[{"href":"https:\/\/kulturinsz.de\/cms\/wp-json\/wp\/v2\/media?parent=5274"}],"curies":[{"name":"wp","href":"https:\/\/api.w.org\/{rel}","templated":true}]}}