{"id":540,"date":"2013-04-30T15:09:55","date_gmt":"2013-04-30T15:09:55","guid":{"rendered":"http:\/\/kulturinsz.de\/cms\/?page_id=540"},"modified":"2013-05-02T22:55:27","modified_gmt":"2013-05-02T22:55:27","slug":"brucke","status":"publish","type":"page","link":"https:\/\/kulturinsz.de\/cms\/menschen\/kunstlergruppen\/brucke\/","title":{"rendered":"Br\u00fccke"},"content":{"rendered":"<p>In Dresden gr\u00fcndeten 1905 die vier Architekturstudenten Ernst Ludwig Kirchner, Fritz Bleyl, Erich Heckel und Karl Schmidt-Rottluff die K\u00fcnstlergruppe &#8220;Br\u00fccke&#8221;, um neue Ausdrucksformen zu probieren. Der Stil, f\u00fcr den sie schlie\u00dflich pr\u00e4gend wurden, ist heute als Expressionismus bekannt.<\/p>\n<p>Als Avantgarde ihrer Zeit r\u00fcckten sie das subjektive Empfinden des Individuums in den Mittelpunkt ihres Schaffens von Landschaftsgem\u00e4lden und Akten. Leuchtende<!--more--> Farben und kreative Proportionierung sind Kennzeichen ihrer Werke.<\/p>\n<p>Das <a title=\"Br\u00fccke-Museum\" href=\"http:\/\/kulturinsz.de\/cms\/locations\/brucke-museum\/\">Br\u00fccke-Museum<\/a> in unserem Bezirk ist die weltweit gr\u00f6\u00dfe Sammlung zu dieser K\u00fcnstlergruppe und beherbergt nach eigenen Angaben etwa 400 Gem\u00e4lde sowie Tausende von Handzeichnungen, Aquarellen, Grafiken, Holzschnitten und Skulpturen.<\/p>\n","protected":false},"excerpt":{"rendered":"<p>In Dresden gr\u00fcndeten 1905 die vier Architekturstudenten Ernst Ludwig Kirchner, Fritz Bleyl, Erich Heckel und Karl Schmidt-Rottluff die K\u00fcnstlergruppe &#8220;Br\u00fccke&#8221;, um neue Ausdrucksformen zu probieren. Der Stil, f\u00fcr den sie schlie\u00dflich pr\u00e4gend wurden, ist heute als Expressionismus bekannt. Als Avantgarde &hellip; <a href=\"https:\/\/kulturinsz.de\/cms\/menschen\/kunstlergruppen\/brucke\/\">Weiterlesen <span class=\"meta-nav\">&rarr;<\/span><\/a><\/p>\n","protected":false},"author":3,"featured_media":0,"parent":456,"menu_order":0,"comment_status":"open","ping_status":"open","template":"seite-mit-blog-aktuelles.php","meta":[],"_links":{"self":[{"href":"https:\/\/kulturinsz.de\/cms\/wp-json\/wp\/v2\/pages\/540"}],"collection":[{"href":"https:\/\/kulturinsz.de\/cms\/wp-json\/wp\/v2\/pages"}],"about":[{"href":"https:\/\/kulturinsz.de\/cms\/wp-json\/wp\/v2\/types\/page"}],"author":[{"embeddable":true,"href":"https:\/\/kulturinsz.de\/cms\/wp-json\/wp\/v2\/users\/3"}],"replies":[{"embeddable":true,"href":"https:\/\/kulturinsz.de\/cms\/wp-json\/wp\/v2\/comments?post=540"}],"version-history":[{"count":9,"href":"https:\/\/kulturinsz.de\/cms\/wp-json\/wp\/v2\/pages\/540\/revisions"}],"predecessor-version":[{"id":543,"href":"https:\/\/kulturinsz.de\/cms\/wp-json\/wp\/v2\/pages\/540\/revisions\/543"}],"up":[{"embeddable":true,"href":"https:\/\/kulturinsz.de\/cms\/wp-json\/wp\/v2\/pages\/456"}],"wp:attachment":[{"href":"https:\/\/kulturinsz.de\/cms\/wp-json\/wp\/v2\/media?parent=540"}],"curies":[{"name":"wp","href":"https:\/\/api.w.org\/{rel}","templated":true}]}}