{"id":5443,"date":"2015-05-28T15:33:54","date_gmt":"2015-05-28T13:33:54","guid":{"rendered":"http:\/\/kulturinsz.de\/cms\/?page_id=5443"},"modified":"2022-11-15T16:55:59","modified_gmt":"2022-11-15T15:55:59","slug":"film-kultur-cafe-lankwitz","status":"publish","type":"page","link":"https:\/\/kulturinsz.de\/cms\/orte\/film-kultur-cafe-lankwitz\/","title":{"rendered":"Film-Kultur-Cafe Lankwitz"},"content":{"rendered":"<p>| <a href=\"http:\/\/kulturinsz.de\/cms\/orte\/film-kultur-cafe-lankwitz\/\">Info<\/a> |<a href=\"http:\/\/kulturinsz.de\/cms\/locations\/film-kultur-cafe-lankwitz\/\"> Veranstaltungen<\/a> | <a href=\"http:\/\/kulturinsz.de\/cms\/locations\/film-kultur-cafe-lankwitz\/\">Anfahrt<\/a> | <a href=\"http:\/\/kulturinsz.de\/cms\/orte\/film-kultur-cafe-lankwitz\/\">Kommentare<\/a> |<\/p>\n<p>&#8211; Leider bereits wieder geschlossen(s. unten) &#8211;<\/p>\n<p><b>Mitten im Kiez in Lankwitz befindet sich seit etwa anderhalb Jahren das Film-Kultur-Cafe Lankwitz. Mit viel Leidenschaft wird hier ein Programm geboten, welches auch \u00fcber Filmabende hinaus geht. Grund genug also f\u00fcr uns, uns dort einmal vor Ort zu informieren.<\/b><\/p>\n<p><a href=\"http:\/\/kulturinsz.de\/cms\/wp-content\/uploads\/2015\/05\/flimcafe_oeffz.jpg\"><img loading=\"lazy\" class=\"alignleft size-medium wp-image-5445\" src=\"http:\/\/kulturinsz.de\/cms\/wp-content\/uploads\/2015\/05\/flimcafe_oeffz-300x225.jpg\" alt=\"flimcafe_oeffz\" width=\"300\" height=\"225\" srcset=\"https:\/\/kulturinsz.de\/cms\/wp-content\/uploads\/2015\/05\/flimcafe_oeffz-300x225.jpg 300w, https:\/\/kulturinsz.de\/cms\/wp-content\/uploads\/2015\/05\/flimcafe_oeffz.jpg 600w\" sizes=\"(max-width: 300px) 100vw, 300px\" \/><\/a>Zun\u00e4chst merkten Herr und Frau Schulz, dass in dieser Ecke von Lankwitz ein gem\u00fctliches Cafe, eine Begegnungsst\u00e4tte f\u00fcr die Nachbarschaft fehlt \u2013 es entstand die Idee, selbst etwas zu tun. Und der pers\u00f6nliche Hintergrund ist viel versprechend: Herr Schulz war \u00fcber Jahrzehnte im Kaufhaus des Westens ma\u00dfgeblich f\u00fcr die Filmabteilung zust\u00e4ndig, Frau Schulz kommt aus Gastronomie und Steuerberatung, als Tiergartener und Wilmersdorferin mit Wurzeln in Lichterfelde bei beiden sind sie Ur-Berliner.<\/p>\n<div id=\"attachment_5446\" style=\"width: 339px\" class=\"wp-caption alignright\"><a href=\"http:\/\/kulturinsz.de\/cms\/wp-content\/uploads\/2015\/05\/filmcafe_betr.jpg\"><img aria-describedby=\"caption-attachment-5446\" loading=\"lazy\" class=\"wp-image-5446\" src=\"http:\/\/kulturinsz.de\/cms\/wp-content\/uploads\/2015\/05\/filmcafe_betr-300x225.jpg\" alt=\"filmcafe_betr\" width=\"329\" height=\"247\" srcset=\"https:\/\/kulturinsz.de\/cms\/wp-content\/uploads\/2015\/05\/filmcafe_betr-300x225.jpg 300w, https:\/\/kulturinsz.de\/cms\/wp-content\/uploads\/2015\/05\/filmcafe_betr.jpg 600w\" sizes=\"(max-width: 329px) 100vw, 329px\" \/><\/a><p id=\"caption-attachment-5446\" class=\"wp-caption-text\">Mario und Angela Schulz<\/p><\/div>\n<p>Gemeinsam ist ihr Interesse an Film: Das private Archiv umfasst etwa 3000 Filme mit Lieblingswerken wie z.B. \u201eDas Piano\u201c, besonders aber aus den 40er bis 60er Jahren wie \u201eDas M\u00e4dchen Rosemarie\u201c, Cocteaus \u201cDie Sch\u00f6ne und das Biest\u201c. Ein weiterer Schwerpunkt liegt aber auf Dokumentarfilmen, Herr Schulz hat mit <a href=\"http:\/\/www.amazon.de\/gp\/product\/B003O24OL2\/ref=as_li_tl?ie=UTF8&amp;camp=1638&amp;creative=19454&amp;creativeASIN=B003O24OL2&amp;linkCode=as2&amp;tag=wwwkultde-21&amp;linkId=IY6CX56NHJLD2HBF\" target=\"_blank\" rel=\"noopener\">\u201eDie Mauert\u00e4nzerin\u201c<\/a> auch schon einen eigenen Beitrag \u00fcber die \u00d6ffnung der Berliner Mauer produziert.<\/p>\n<p>&nbsp;<\/p>\n<p><a href=\"http:\/\/kulturinsz.de\/cms\/wp-content\/uploads\/2015\/05\/fiulmcafe_leuchter.jpg\"><img loading=\"lazy\" class=\"alignleft size-medium wp-image-5447\" src=\"http:\/\/kulturinsz.de\/cms\/wp-content\/uploads\/2015\/05\/fiulmcafe_leuchter-225x300.jpg\" alt=\"fiulmcafe_leuchter\" width=\"225\" height=\"300\" srcset=\"https:\/\/kulturinsz.de\/cms\/wp-content\/uploads\/2015\/05\/fiulmcafe_leuchter-225x300.jpg 225w, https:\/\/kulturinsz.de\/cms\/wp-content\/uploads\/2015\/05\/fiulmcafe_leuchter.jpg 400w\" sizes=\"(max-width: 225px) 100vw, 225px\" \/><\/a>Die Ortswahl war dabei bewusst: die eigene Wohnung um die Ecke ist die Idee ganz klar, hier auch kulturelle Infrastruktur f\u00fcr den Kiez zu schaffen. Neben den Filmen kann man sich hier tags\u00fcber in den gem\u00fctlichen R\u00e4umen aufhalten und findet B\u00fccher in den Regalen und eine gute Auswahl an Tee, Kaffee und selbstgebackenen (!) Kuchen. Es treffen sich hier Gruppen wie Nachbarinnen zum Frauenfr\u00fchst\u00fcck, es gibt Lesungen, man kann die R\u00e4ume f\u00fcr private Veranstaltungen mieten und Bilder-Ausstellungen werden bald beginnen. Die Filme werden gegen Spende gezeigt und die Werbung daf\u00fcr muss \u00fcberschaubar bleiben, da man keine kommerzielle Spielst\u00e4tte ist. Ein Highlight ist der \u201eLankwitzer Salon\u201c, der bekannte Einwohner des Bezirks zu Wort kommen l\u00e4sst, wie letztes Mal z.B. den Radiomoderator Rik de Lisle. Eine Neuauflage ist definitiv geplant \u2013 R\u00e4ume sind f\u00fcr etwa 25 Personen bei Filmen und 40 bei Veranstaltungen vorhanden.<\/p>\n<p><a href=\"http:\/\/kulturinsz.de\/cms\/wp-content\/uploads\/2015\/05\/filmcafe_pano.jpg\"><img loading=\"lazy\" class=\"aligncenter wp-image-5448\" src=\"http:\/\/kulturinsz.de\/cms\/wp-content\/uploads\/2015\/05\/filmcafe_pano.jpg\" alt=\"filmcafe_pano\" width=\"598\" height=\"172\" srcset=\"https:\/\/kulturinsz.de\/cms\/wp-content\/uploads\/2015\/05\/filmcafe_pano.jpg 800w, https:\/\/kulturinsz.de\/cms\/wp-content\/uploads\/2015\/05\/filmcafe_pano-300x86.jpg 300w\" sizes=\"(max-width: 598px) 100vw, 598px\" \/><\/a><\/p>\n<p>Das Film-Kultur-Cafe ist im Internet unter <a href=\"http:\/\/www.film-kultur-cafe.de\" target=\"_blank\" rel=\"noopener\">www.film-kultur-cafe.de<\/a> zu finden und ein Newsletter wird regelm\u00e4\u00dfig an Interessierte verschickt. Das Ehepaar Schulz w\u00fcrde sich \u00fcbrigens noch \u00fcber engagierte Mitstreiter freuen, die bei der Organisation helfen.<\/p>\n","protected":false},"excerpt":{"rendered":"<p>| Info | Veranstaltungen | Anfahrt | Kommentare | &#8211; Leider bereits wieder geschlossen(s. unten) &#8211; Mitten im Kiez in Lankwitz befindet sich seit etwa anderhalb Jahren das Film-Kultur-Cafe Lankwitz. Mit viel Leidenschaft wird hier ein Programm geboten, welches auch &hellip; <a href=\"https:\/\/kulturinsz.de\/cms\/orte\/film-kultur-cafe-lankwitz\/\">Weiterlesen <span class=\"meta-nav\">&rarr;<\/span><\/a><\/p>\n","protected":false},"author":3,"featured_media":0,"parent":15,"menu_order":0,"comment_status":"open","ping_status":"open","template":"seite-mit-blog-aktuelles.php","meta":[],"_links":{"self":[{"href":"https:\/\/kulturinsz.de\/cms\/wp-json\/wp\/v2\/pages\/5443"}],"collection":[{"href":"https:\/\/kulturinsz.de\/cms\/wp-json\/wp\/v2\/pages"}],"about":[{"href":"https:\/\/kulturinsz.de\/cms\/wp-json\/wp\/v2\/types\/page"}],"author":[{"embeddable":true,"href":"https:\/\/kulturinsz.de\/cms\/wp-json\/wp\/v2\/users\/3"}],"replies":[{"embeddable":true,"href":"https:\/\/kulturinsz.de\/cms\/wp-json\/wp\/v2\/comments?post=5443"}],"version-history":[{"count":8,"href":"https:\/\/kulturinsz.de\/cms\/wp-json\/wp\/v2\/pages\/5443\/revisions"}],"predecessor-version":[{"id":10433,"href":"https:\/\/kulturinsz.de\/cms\/wp-json\/wp\/v2\/pages\/5443\/revisions\/10433"}],"up":[{"embeddable":true,"href":"https:\/\/kulturinsz.de\/cms\/wp-json\/wp\/v2\/pages\/15"}],"wp:attachment":[{"href":"https:\/\/kulturinsz.de\/cms\/wp-json\/wp\/v2\/media?parent=5443"}],"curies":[{"name":"wp","href":"https:\/\/api.w.org\/{rel}","templated":true}]}}