{"id":5465,"date":"2015-05-29T12:48:47","date_gmt":"2015-05-29T10:48:47","guid":{"rendered":"http:\/\/kulturinsz.de\/cms\/?page_id=5465"},"modified":"2015-05-29T12:48:47","modified_gmt":"2015-05-29T10:48:47","slug":"galerie-kuehn","status":"publish","type":"page","link":"https:\/\/kulturinsz.de\/cms\/orte\/galerien\/galerie-kuehn\/","title":{"rendered":"Galerie K\u00fchn"},"content":{"rendered":"<p>Die Galerie K\u00fchn bietet regelm\u00e4<span id=\"yiv1829518373yui_3_16_0_1_1432289278068_11217\" class=\"yiv1829518373\"><span id=\"yiv1829518373yui_3_16_0_1_1432289278068_11216\" class=\"yiv1829518373\" lang=\"DE\">\u00df<\/span><\/span>ig Ausstellungen zeitgen\u00f6ssischer Kunst, von junge K\u00fcnstler aus der Region und auch von international etablierte Maler, Grafiker und Bildhauer. <a id=\"yiv1829518373yui_3_16_0_1_1432289278068_10741\" href=\"http:\/\/www.galeriekuehn.de\/\" target=\"_blank\" rel=\"nofollow\" shape=\"rect\">http:\/\/www.galeriekuehn.de\/<\/a><\/p>\n","protected":false},"excerpt":{"rendered":"<p>Die Galerie K\u00fchn bietet regelm\u00e4\u00dfig Ausstellungen zeitgen\u00f6ssischer Kunst, von junge K\u00fcnstler aus der Region und auch von international etablierte Maler, Grafiker und Bildhauer. http:\/\/www.galeriekuehn.de\/<\/p>\n","protected":false},"author":3,"featured_media":0,"parent":82,"menu_order":0,"comment_status":"open","ping_status":"open","template":"","meta":[],"_links":{"self":[{"href":"https:\/\/kulturinsz.de\/cms\/wp-json\/wp\/v2\/pages\/5465"}],"collection":[{"href":"https:\/\/kulturinsz.de\/cms\/wp-json\/wp\/v2\/pages"}],"about":[{"href":"https:\/\/kulturinsz.de\/cms\/wp-json\/wp\/v2\/types\/page"}],"author":[{"embeddable":true,"href":"https:\/\/kulturinsz.de\/cms\/wp-json\/wp\/v2\/users\/3"}],"replies":[{"embeddable":true,"href":"https:\/\/kulturinsz.de\/cms\/wp-json\/wp\/v2\/comments?post=5465"}],"version-history":[{"count":1,"href":"https:\/\/kulturinsz.de\/cms\/wp-json\/wp\/v2\/pages\/5465\/revisions"}],"predecessor-version":[{"id":5466,"href":"https:\/\/kulturinsz.de\/cms\/wp-json\/wp\/v2\/pages\/5465\/revisions\/5466"}],"up":[{"embeddable":true,"href":"https:\/\/kulturinsz.de\/cms\/wp-json\/wp\/v2\/pages\/82"}],"wp:attachment":[{"href":"https:\/\/kulturinsz.de\/cms\/wp-json\/wp\/v2\/media?parent=5465"}],"curies":[{"name":"wp","href":"https:\/\/api.w.org\/{rel}","templated":true}]}}