{"id":552,"date":"2013-04-30T15:33:33","date_gmt":"2013-04-30T15:33:33","guid":{"rendered":"http:\/\/kulturinsz.de\/cms\/?page_id=552"},"modified":"2013-05-02T19:23:56","modified_gmt":"2013-05-02T19:23:56","slug":"bernhard-heiliger","status":"publish","type":"page","link":"https:\/\/kulturinsz.de\/cms\/menschen\/bildhauer\/bernhard-heiliger\/","title":{"rendered":"Bernhard Heiliger"},"content":{"rendered":"<p>Berndhard Heiliger (1915-1995) war ein Bildhauer, dessen Atelier bereits in den R\u00e4umen der jetzigen <a title=\"Bernhard-Heiliger-Stiftung\" href=\"http:\/\/kulturinsz.de\/cms\/locations\/bernhard-heiliger-stiftung\/\" target=\"_blank\">Bernhard-Heiliger-Stiftung<\/a> am K\u00e4uzchensteig in Dahlem lag.<\/p>\n<p>Sein Schaffen gliederte sich in mehrere Phasen, zun\u00e4chst eher organisch-figurativ, abstrahierte er immer mehr und l\u00f6ste sich schlie\u00dflich ganz vom menschlichen K\u00f6rper als Vorlage. Es entstanden ganze Raumkompositionen in der Auseinandersetzung mit Volumen, Masse und Bewegung<\/p>\n<p>Sein<!--more--> Grab befindet sich auf dem Friedhof Dahlem.<\/p>\n","protected":false},"excerpt":{"rendered":"<p>Berndhard Heiliger (1915-1995) war ein Bildhauer, dessen Atelier bereits in den R\u00e4umen der jetzigen Bernhard-Heiliger-Stiftung am K\u00e4uzchensteig in Dahlem lag. Sein Schaffen gliederte sich in mehrere Phasen, zun\u00e4chst eher organisch-figurativ, abstrahierte er immer mehr und l\u00f6ste sich schlie\u00dflich ganz vom &hellip; <a href=\"https:\/\/kulturinsz.de\/cms\/menschen\/bildhauer\/bernhard-heiliger\/\">Weiterlesen <span class=\"meta-nav\">&rarr;<\/span><\/a><\/p>\n","protected":false},"author":3,"featured_media":0,"parent":75,"menu_order":0,"comment_status":"closed","ping_status":"closed","template":"seite-mit-blog-aktuelles.php","meta":[],"_links":{"self":[{"href":"https:\/\/kulturinsz.de\/cms\/wp-json\/wp\/v2\/pages\/552"}],"collection":[{"href":"https:\/\/kulturinsz.de\/cms\/wp-json\/wp\/v2\/pages"}],"about":[{"href":"https:\/\/kulturinsz.de\/cms\/wp-json\/wp\/v2\/types\/page"}],"author":[{"embeddable":true,"href":"https:\/\/kulturinsz.de\/cms\/wp-json\/wp\/v2\/users\/3"}],"replies":[{"embeddable":true,"href":"https:\/\/kulturinsz.de\/cms\/wp-json\/wp\/v2\/comments?post=552"}],"version-history":[{"count":8,"href":"https:\/\/kulturinsz.de\/cms\/wp-json\/wp\/v2\/pages\/552\/revisions"}],"predecessor-version":[{"id":1320,"href":"https:\/\/kulturinsz.de\/cms\/wp-json\/wp\/v2\/pages\/552\/revisions\/1320"}],"up":[{"embeddable":true,"href":"https:\/\/kulturinsz.de\/cms\/wp-json\/wp\/v2\/pages\/75"}],"wp:attachment":[{"href":"https:\/\/kulturinsz.de\/cms\/wp-json\/wp\/v2\/media?parent=552"}],"curies":[{"name":"wp","href":"https:\/\/api.w.org\/{rel}","templated":true}]}}