{"id":574,"date":"2013-03-30T16:39:18","date_gmt":"2013-03-30T16:39:18","guid":{"rendered":"http:\/\/kulturinsz.de\/cms\/?page_id=574"},"modified":"2022-11-12T00:32:49","modified_gmt":"2022-11-11T23:32:49","slug":"alte-synagoge","status":"publish","type":"page","link":"https:\/\/kulturinsz.de\/cms\/orte\/unbekannte-orte\/alte-synagoge\/","title":{"rendered":"Alte Synagoge"},"content":{"rendered":"<p>Nur wenige wissen, wo sich die ehemalige Synagoge in Steglitz befindet. Reste davon sind noch zu erkennen, wenn man sich durch den der Spiegelwand auf dem Hermann-Ehlers-Platz nahe gelegenen Friseursalon (D\u00fcppelstra\u00dfe 41) in den Hinterhof der H\u00e4user begibt. Dort lassen sich an der Fassade des heutzutage profan genutzen Hinterhauses noch einzelne Elemente erkennen, die auf die fr\u00fchere Nutzung als Synagoge hinweisen.<\/p>\n<p><img loading=\"lazy\" class=\"aligncenter wp-image-10371\" src=\"http:\/\/kulturinsz.de\/cms\/wp-content\/uploads\/2022\/11\/AlteSynagoge1.jpeg\" alt=\"\" width=\"550\" height=\"413\" srcset=\"https:\/\/kulturinsz.de\/cms\/wp-content\/uploads\/2022\/11\/AlteSynagoge1.jpeg 800w, https:\/\/kulturinsz.de\/cms\/wp-content\/uploads\/2022\/11\/AlteSynagoge1-300x225.jpeg 300w, https:\/\/kulturinsz.de\/cms\/wp-content\/uploads\/2022\/11\/AlteSynagoge1-768x576.jpeg 768w\" sizes=\"(max-width: 550px) 100vw, 550px\" \/><\/p>\n<p><img loading=\"lazy\" class=\"aligncenter wp-image-10372\" src=\"http:\/\/kulturinsz.de\/cms\/wp-content\/uploads\/2022\/11\/AlteSynagoge2.jpeg\" alt=\"\" width=\"550\" height=\"413\" srcset=\"https:\/\/kulturinsz.de\/cms\/wp-content\/uploads\/2022\/11\/AlteSynagoge2.jpeg 800w, https:\/\/kulturinsz.de\/cms\/wp-content\/uploads\/2022\/11\/AlteSynagoge2-300x225.jpeg 300w, https:\/\/kulturinsz.de\/cms\/wp-content\/uploads\/2022\/11\/AlteSynagoge2-768x576.jpeg 768w\" sizes=\"(max-width: 550px) 100vw, 550px\" \/><\/p>\n","protected":false},"excerpt":{"rendered":"<p>Nur wenige wissen, wo sich die ehemalige Synagoge in Steglitz befindet. Reste davon sind noch zu erkennen, wenn man sich durch den der Spiegelwand auf dem Hermann-Ehlers-Platz nahe gelegenen Friseursalon (D\u00fcppelstra\u00dfe 41) in den Hinterhof der H\u00e4user begibt. Dort lassen &hellip; <a href=\"https:\/\/kulturinsz.de\/cms\/orte\/unbekannte-orte\/alte-synagoge\/\">Weiterlesen <span class=\"meta-nav\">&rarr;<\/span><\/a><\/p>\n","protected":false},"author":3,"featured_media":0,"parent":1118,"menu_order":0,"comment_status":"open","ping_status":"open","template":"seite-mit-blog-aktuelles.php","meta":[],"_links":{"self":[{"href":"https:\/\/kulturinsz.de\/cms\/wp-json\/wp\/v2\/pages\/574"}],"collection":[{"href":"https:\/\/kulturinsz.de\/cms\/wp-json\/wp\/v2\/pages"}],"about":[{"href":"https:\/\/kulturinsz.de\/cms\/wp-json\/wp\/v2\/types\/page"}],"author":[{"embeddable":true,"href":"https:\/\/kulturinsz.de\/cms\/wp-json\/wp\/v2\/users\/3"}],"replies":[{"embeddable":true,"href":"https:\/\/kulturinsz.de\/cms\/wp-json\/wp\/v2\/comments?post=574"}],"version-history":[{"count":10,"href":"https:\/\/kulturinsz.de\/cms\/wp-json\/wp\/v2\/pages\/574\/revisions"}],"predecessor-version":[{"id":10373,"href":"https:\/\/kulturinsz.de\/cms\/wp-json\/wp\/v2\/pages\/574\/revisions\/10373"}],"up":[{"embeddable":true,"href":"https:\/\/kulturinsz.de\/cms\/wp-json\/wp\/v2\/pages\/1118"}],"wp:attachment":[{"href":"https:\/\/kulturinsz.de\/cms\/wp-json\/wp\/v2\/media?parent=574"}],"curies":[{"name":"wp","href":"https:\/\/api.w.org\/{rel}","templated":true}]}}