{"id":602,"date":"2013-04-30T17:43:11","date_gmt":"2013-04-30T17:43:11","guid":{"rendered":"http:\/\/kulturinsz.de\/cms\/?page_id=602"},"modified":"2013-05-02T22:33:49","modified_gmt":"2013-05-02T22:33:49","slug":"arbeitskreis-historisches-lankwitz","status":"publish","type":"page","link":"https:\/\/kulturinsz.de\/cms\/menschen\/heimatvereine\/arbeitskreis-historisches-lankwitz\/","title":{"rendered":"Arbeitskreis Historisches Lankwitz"},"content":{"rendered":"<p>| <a title=\"Arbeitskreis Historisches Lankwitz\" href=\"http:\/\/kulturinsz.de\/cms\/locations\/arbeitskreis-historisches-lankwitz\/\">Veranstaltungen<\/a> |<\/p>\n<p>Der Arbeitskreis Historisches Lankwitz ist vor etwa 20 Jahren gegr\u00fcndet worden und befasst sich mit der Regionalgeschichte von Lankwitz. Hierzu werden z.B. Publikationen ver\u00f6ffentlicht, wie die Brosch\u00fcre \u201c<a href=\"http:\/\/www.booklooker.de\/B%FCcher\/Arbeitskreis-Historisches-Lankwitz-Hrsg\/id\/A01c9t1q01ZZZ\" target=\"_blank\">Rathaus Lankwitz<\/a>\u201c, F\u00fchrungen veranstaltet und eine umfangreiche Sammlung gepflegt.<\/p>\n<div>\n<p>Alt-Lankwitz 42, 12247 Berlin, Tel. (030) 7745949<\/p>\n<\/div>\n<p>Weitere Informationen zum Arbeitskreis Historisches Lankwitz im Internet:<\/p>\n<p><a href=\"http:\/\/www.berlin.de\/ba-steglitz-zehlendorf\/derbezirk\/altlankwitz.html\" target=\"_blank\">Link<\/a><\/p>\n","protected":false},"excerpt":{"rendered":"<p>| Veranstaltungen | Der Arbeitskreis Historisches Lankwitz ist vor etwa 20 Jahren gegr\u00fcndet worden und befasst sich mit der Regionalgeschichte von Lankwitz. Hierzu werden z.B. Publikationen ver\u00f6ffentlicht, wie die Brosch\u00fcre \u201cRathaus Lankwitz\u201c, F\u00fchrungen veranstaltet und eine umfangreiche Sammlung gepflegt. Alt-Lankwitz &hellip; <a href=\"https:\/\/kulturinsz.de\/cms\/menschen\/heimatvereine\/arbeitskreis-historisches-lankwitz\/\">Weiterlesen <span class=\"meta-nav\">&rarr;<\/span><\/a><\/p>\n","protected":false},"author":3,"featured_media":0,"parent":354,"menu_order":0,"comment_status":"closed","ping_status":"closed","template":"seite-mit-blog-aktuelles.php","meta":[],"_links":{"self":[{"href":"https:\/\/kulturinsz.de\/cms\/wp-json\/wp\/v2\/pages\/602"}],"collection":[{"href":"https:\/\/kulturinsz.de\/cms\/wp-json\/wp\/v2\/pages"}],"about":[{"href":"https:\/\/kulturinsz.de\/cms\/wp-json\/wp\/v2\/types\/page"}],"author":[{"embeddable":true,"href":"https:\/\/kulturinsz.de\/cms\/wp-json\/wp\/v2\/users\/3"}],"replies":[{"embeddable":true,"href":"https:\/\/kulturinsz.de\/cms\/wp-json\/wp\/v2\/comments?post=602"}],"version-history":[{"count":12,"href":"https:\/\/kulturinsz.de\/cms\/wp-json\/wp\/v2\/pages\/602\/revisions"}],"predecessor-version":[{"id":604,"href":"https:\/\/kulturinsz.de\/cms\/wp-json\/wp\/v2\/pages\/602\/revisions\/604"}],"up":[{"embeddable":true,"href":"https:\/\/kulturinsz.de\/cms\/wp-json\/wp\/v2\/pages\/354"}],"wp:attachment":[{"href":"https:\/\/kulturinsz.de\/cms\/wp-json\/wp\/v2\/media?parent=602"}],"curies":[{"name":"wp","href":"https:\/\/api.w.org\/{rel}","templated":true}]}}