{"id":619,"date":"2013-04-30T18:37:41","date_gmt":"2013-04-30T18:37:41","guid":{"rendered":"http:\/\/kulturinsz.de\/cms\/?page_id=619"},"modified":"2013-08-05T18:58:12","modified_gmt":"2013-08-05T16:58:12","slug":"studentendorf-schlachtensee","status":"publish","type":"page","link":"https:\/\/kulturinsz.de\/cms\/orte\/denkmaeler\/studentendorf-schlachtensee\/","title":{"rendered":"Studentendorf Schlachtensee"},"content":{"rendered":"<p><a title=\"Studentendorf Schlachtensee\" href=\"http:\/\/kulturinsz.de\/cms\/orte\/denkmaeler\/studentendorf-schlachtensee\/\">Info<\/a> | <a title=\"Studentendorf Schlachtensee\" href=\"http:\/\/kulturinsz.de\/cms\/locations\/studentendorf-schlachtensee\/\">Veranstaltungen<\/a> | <a title=\"Studentendorf Schlachtensee\" href=\"http:\/\/kulturinsz.de\/cms\/locations\/studentendorf-schlachtensee\/\">Anfahrt<\/a> | <a title=\"Studentendorf Schlachtensee\" href=\"http:\/\/kulturinsz.de\/cms\/orte\/denkmaeler\/studentendorf-schlachtensee\/\">Kommentare<\/a> | <a href=\"http:\/\/www.studentendorf-berlin.com\" target=\"_blank\">Genossenschaft<\/a> | <a title=\"Club A18\" href=\"http:\/\/kulturinsz.de\/cms\/orte\/kneipen-kultur\/club-a18\/\">Club A18<\/a> | <a title=\"K\u00fcnstlerhaus 19\" href=\"http:\/\/kulturinsz.de\/cms\/orte\/ateliers\/kunstlerhaus-19\/\">K\u00fcnstlerhaus 19<\/a><\/p>\n<p>Das Nationale Kulturdenkmal Studentendorf Schlachtensee an der Wasgentra\u00dfe im Ortsteil Nikolassee wurde 1957-59 auf Initiative von FU-Studenten und durch eine Spende des State Department von den Architekten Fehling, Gogel und Pfankuch errichtet, um die dr\u00e4ngende Wohnraumsituation f\u00fcr Studentinnen und Studenten der nahe gelegenen, neu gegr\u00fcndeten Freien Universit\u00e4t zu verbessern. Von 1973 bis 1977 wurde das Studentendorf durch Kr\u00e4mer, Pfennig &amp; Sieverts KSP erweitert.<\/p>\n<div id=\"attachment_2738\" style=\"width: 310px\" class=\"wp-caption alignleft\"><a href=\"http:\/\/kulturinsz.de\/cms\/wp-content\/uploads\/2013\/04\/StDS-Hs4-40_MilaHacke.jpg\"><img aria-describedby=\"caption-attachment-2738\" loading=\"lazy\" class=\"size-medium wp-image-2738\" alt=\"StDS-Hs4-40_MilaHacke\" src=\"http:\/\/kulturinsz.de\/cms\/wp-content\/uploads\/2013\/04\/StDS-Hs4-40_MilaHacke-300x226.jpg\" width=\"300\" height=\"226\" srcset=\"https:\/\/kulturinsz.de\/cms\/wp-content\/uploads\/2013\/04\/StDS-Hs4-40_MilaHacke-300x226.jpg 300w, https:\/\/kulturinsz.de\/cms\/wp-content\/uploads\/2013\/04\/StDS-Hs4-40_MilaHacke-1024x773.jpg 1024w\" sizes=\"(max-width: 300px) 100vw, 300px\" \/><\/a><p id=\"caption-attachment-2738\" class=\"wp-caption-text\">Foto: Mila Hacke<\/p><\/div>\n<p>Das Studentendorf war neben der Amerika-Gedenkbibliothek im Berlin-Kreuzberg und dem Haus der Kulturen der Welt (fr\u00fcher Kongresshalle) Teil des Reeducation Projektes der Alliierten und der Betrieb des Wohndorfes im Sinne des Studium Generale mit einem ganzheitlichen Bildungsansatz versehen. Der strenge erzieherische Auftrag der Amerikaner konnte sich jedoch auf die Dauer nicht durchsetzen und verlor in den 1970er Jahren mit Gr\u00fcndung der Studentischen Selbstverwaltung weitgehend an Bedeutung. Das gesellschaftspolitische und kulturelle Leben im Studentendorf, f\u00fcr das mehrere Gemeinschaftsbauten errichtet wurden, nimmt oftmals auch gesellschaftliche Entwicklungen in Deutschland vorweg.<\/p>\n<div id=\"attachment_2739\" style=\"width: 239px\" class=\"wp-caption alignright\"><a href=\"http:\/\/kulturinsz.de\/cms\/wp-content\/uploads\/2013\/04\/StDS-Hs4-44_MilaHacke.jpg\"><img aria-describedby=\"caption-attachment-2739\" loading=\"lazy\" class=\"size-medium wp-image-2739 \" alt=\"StDS-Hs4-44_MilaHacke\" src=\"http:\/\/kulturinsz.de\/cms\/wp-content\/uploads\/2013\/04\/StDS-Hs4-44_MilaHacke-229x300.jpg\" width=\"229\" height=\"300\" srcset=\"https:\/\/kulturinsz.de\/cms\/wp-content\/uploads\/2013\/04\/StDS-Hs4-44_MilaHacke-229x300.jpg 229w, https:\/\/kulturinsz.de\/cms\/wp-content\/uploads\/2013\/04\/StDS-Hs4-44_MilaHacke-784x1024.jpg 784w, https:\/\/kulturinsz.de\/cms\/wp-content\/uploads\/2013\/04\/StDS-Hs4-44_MilaHacke.jpg 1628w\" sizes=\"(max-width: 229px) 100vw, 229px\" \/><\/a><p id=\"caption-attachment-2739\" class=\"wp-caption-text\">Foto: Mila Hacke<\/p><\/div>\n<p>Seit den 1980er Jahren wird aufgrund erheblicher Bausch\u00e4den \u00fcber den Abriss und den Wiederaufbau des Studentendorfes debattiert. 1998 sollte die Anlage als Tauschobjekt f\u00fcr die Berlinische Galerie endg\u00fcltig abgerissen und meistbietend verwertet werden. Bis auf einen Restbestand h\u00e4tte dies den weitgehenden Verlust des Baudenkmals sowie den Verlust von fast 1.000 studentischen Wohnpl\u00e4tzen im Berliner S\u00fcdwesten zur Folge gehabt. Als Antwort auf dieses Ansinnen bildete sich eine studentische Initiative gegen den Abriss. Nach jahrelangen oftmals k\u00e4mpferischen Auseinandersetzungen wurde eine Genossenschaft gegr\u00fcndet, die schlie\u00dflich das Studentendorf \u00fcbernehmen konnte.<\/p>\n<p>&nbsp;<\/p>\n<div id=\"attachment_2740\" style=\"width: 310px\" class=\"wp-caption alignleft\"><a href=\"http:\/\/kulturinsz.de\/cms\/wp-content\/uploads\/2013\/04\/StDS-Club-08-Pano_MilaHacke.jpg\"><img aria-describedby=\"caption-attachment-2740\" loading=\"lazy\" class=\"size-medium wp-image-2740\" alt=\"StDS-Club-08-Pano_MilaHacke\" src=\"http:\/\/kulturinsz.de\/cms\/wp-content\/uploads\/2013\/04\/StDS-Club-08-Pano_MilaHacke-300x165.jpg\" width=\"300\" height=\"165\" srcset=\"https:\/\/kulturinsz.de\/cms\/wp-content\/uploads\/2013\/04\/StDS-Club-08-Pano_MilaHacke-300x165.jpg 300w, https:\/\/kulturinsz.de\/cms\/wp-content\/uploads\/2013\/04\/StDS-Club-08-Pano_MilaHacke-1024x565.jpg 1024w, https:\/\/kulturinsz.de\/cms\/wp-content\/uploads\/2013\/04\/StDS-Club-08-Pano_MilaHacke.jpg 1077w\" sizes=\"(max-width: 300px) 100vw, 300px\" \/><\/a><p id=\"caption-attachment-2740\" class=\"wp-caption-text\">Foto: Mila Hacke<\/p><\/div>\n<p>Heute wird das Leben im Studentendorf gestaltet durch die <a href=\"http:\/\/www.studentendorf-berlin.com\" target=\"_blank\">Genossenschaft<\/a>, die die Vermietung verantwortet und die <a href=\"http:\/\/www.studentendorf.de\" target=\"_blank\">Studentische Selbstverwaltung<\/a>, die die Einrichtungen wie den <a title=\"Club A18\" href=\"http:\/\/kulturinsz.de\/cms\/orte\/kneipen-kultur\/club-a18\/\">Club A18<\/a> f\u00fcr die Studenten betreibt. Innerhalb des Studentendorfes liegt auch das <a title=\"K\u00fcnstlerhaus 19\" href=\"http:\/\/kulturinsz.de\/cms\/orte\/ateliers\/kunstlerhaus-19\/\">K\u00fcnstlerhaus 19<\/a>.<\/p>\n<p>Unter ma\u00dfgeblicher Beteiligung der Genossenschaft und nach Vorbild der Anlage in Schlachtensee wird bis 2014 ein neues Studentendorf auf dem Campus Adlershof errichtet.<\/p>\n","protected":false},"excerpt":{"rendered":"<p>Info | Veranstaltungen | Anfahrt | Kommentare | Genossenschaft | Club A18 | K\u00fcnstlerhaus 19 Das Nationale Kulturdenkmal Studentendorf Schlachtensee an der Wasgentra\u00dfe im Ortsteil Nikolassee wurde 1957-59 auf Initiative von FU-Studenten und durch eine Spende des State Department von &hellip; <a href=\"https:\/\/kulturinsz.de\/cms\/orte\/denkmaeler\/studentendorf-schlachtensee\/\">Weiterlesen <span class=\"meta-nav\">&rarr;<\/span><\/a><\/p>\n","protected":false},"author":3,"featured_media":0,"parent":132,"menu_order":0,"comment_status":"open","ping_status":"open","template":"seite-mit-blog-aktuelles.php","meta":[],"_links":{"self":[{"href":"https:\/\/kulturinsz.de\/cms\/wp-json\/wp\/v2\/pages\/619"}],"collection":[{"href":"https:\/\/kulturinsz.de\/cms\/wp-json\/wp\/v2\/pages"}],"about":[{"href":"https:\/\/kulturinsz.de\/cms\/wp-json\/wp\/v2\/types\/page"}],"author":[{"embeddable":true,"href":"https:\/\/kulturinsz.de\/cms\/wp-json\/wp\/v2\/users\/3"}],"replies":[{"embeddable":true,"href":"https:\/\/kulturinsz.de\/cms\/wp-json\/wp\/v2\/comments?post=619"}],"version-history":[{"count":24,"href":"https:\/\/kulturinsz.de\/cms\/wp-json\/wp\/v2\/pages\/619\/revisions"}],"predecessor-version":[{"id":2749,"href":"https:\/\/kulturinsz.de\/cms\/wp-json\/wp\/v2\/pages\/619\/revisions\/2749"}],"up":[{"embeddable":true,"href":"https:\/\/kulturinsz.de\/cms\/wp-json\/wp\/v2\/pages\/132"}],"wp:attachment":[{"href":"https:\/\/kulturinsz.de\/cms\/wp-json\/wp\/v2\/media?parent=619"}],"curies":[{"name":"wp","href":"https:\/\/api.w.org\/{rel}","templated":true}]}}