{"id":788,"date":"2013-04-30T16:30:20","date_gmt":"2013-04-30T16:30:20","guid":{"rendered":"http:\/\/kulturinsz.de\/cms\/?page_id=788"},"modified":"2013-07-17T11:45:57","modified_gmt":"2013-07-17T09:45:57","slug":"galerie-classico","status":"publish","type":"page","link":"https:\/\/kulturinsz.de\/cms\/orte\/galerien\/galerie-classico\/","title":{"rendered":"Galerie Classico"},"content":{"rendered":"<p>| <a title=\"Galerie Classico\" href=\"http:\/\/kulturinsz.de\/cms\/orte\/galerien\/galerie-classico\/\">Info<\/a> | <a title=\"Galerie Classico\" href=\"http:\/\/kulturinsz.de\/cms\/locations\/galerie-classico\/\">Veranstaltungen<\/a> | <a title=\"Galerie Classico\" href=\"http:\/\/kulturinsz.de\/cms\/locations\/galerie-classico\/\">Anfahrt<\/a> | <a title=\"Galerie Classico\" href=\"http:\/\/kulturinsz.de\/cms\/orte\/galerien\/galerie-classico\/\">Kommentare<\/a> |<\/p>\n<p>Galerie f\u00fcr neue gegenst\u00e4ndliche Malerei, Grafik und Skulptur<\/p>\n<p><a href=\"http:\/\/www.galerie-classico.de\" target=\"_blank\">www.galerie-classico.de<\/a><\/p>\n<p>&nbsp;<\/p>\n<p>Sch\u00fctzenstr.52<br \/>\n(am Bhf. Steglitz)<\/p>\n<p>Mi Do Fr 15 &#8211; 19 h, Sa 11 &#8211; 16 h<\/p>\n<p>Tel. (0049-30) 79 709 384<\/p>\n","protected":false},"excerpt":{"rendered":"<p>| Info | Veranstaltungen | Anfahrt | Kommentare | Galerie f\u00fcr neue gegenst\u00e4ndliche Malerei, Grafik und Skulptur www.galerie-classico.de &nbsp; Sch\u00fctzenstr.52 (am Bhf. Steglitz) Mi Do Fr 15 &#8211; 19 h, Sa 11 &#8211; 16 h Tel. (0049-30) 79 709 384<\/p>\n","protected":false},"author":3,"featured_media":0,"parent":82,"menu_order":0,"comment_status":"open","ping_status":"open","template":"seite-mit-blog-aktuelles.php","meta":[],"_links":{"self":[{"href":"https:\/\/kulturinsz.de\/cms\/wp-json\/wp\/v2\/pages\/788"}],"collection":[{"href":"https:\/\/kulturinsz.de\/cms\/wp-json\/wp\/v2\/pages"}],"about":[{"href":"https:\/\/kulturinsz.de\/cms\/wp-json\/wp\/v2\/types\/page"}],"author":[{"embeddable":true,"href":"https:\/\/kulturinsz.de\/cms\/wp-json\/wp\/v2\/users\/3"}],"replies":[{"embeddable":true,"href":"https:\/\/kulturinsz.de\/cms\/wp-json\/wp\/v2\/comments?post=788"}],"version-history":[{"count":8,"href":"https:\/\/kulturinsz.de\/cms\/wp-json\/wp\/v2\/pages\/788\/revisions"}],"predecessor-version":[{"id":1439,"href":"https:\/\/kulturinsz.de\/cms\/wp-json\/wp\/v2\/pages\/788\/revisions\/1439"}],"up":[{"embeddable":true,"href":"https:\/\/kulturinsz.de\/cms\/wp-json\/wp\/v2\/pages\/82"}],"wp:attachment":[{"href":"https:\/\/kulturinsz.de\/cms\/wp-json\/wp\/v2\/media?parent=788"}],"curies":[{"name":"wp","href":"https:\/\/api.w.org\/{rel}","templated":true}]}}