{"id":79,"date":"2013-04-30T17:49:09","date_gmt":"2013-04-30T17:49:09","guid":{"rendered":"http:\/\/kulturinsz.de\/cms\/?page_id=79"},"modified":"2013-05-03T23:34:51","modified_gmt":"2013-05-03T23:34:51","slug":"kulturamt","status":"publish","type":"page","link":"https:\/\/kulturinsz.de\/cms\/politik\/kulturamt\/","title":{"rendered":"Kulturamt"},"content":{"rendered":"<p>Das Kulturamt Steglitz-Zehlendorf ist der zentrale, \u00f6ffentliche, bezirkliche Tr\u00e4ger von Kulturarbeit im Bezirk. Hier wird \u00fcber die Vergabe von bezirklichen <a title=\"F\u00f6rdermittel\" href=\"http:\/\/kulturinsz.de\/cms\/politik\/fordermittel\/\">F\u00f6rdermitteln<\/a> entschieden, werden Informationsmedien zur <a title=\"Erinnerungskultur\" href=\"http:\/\/kulturinsz.de\/cms\/orte\/denkmaeler\/erinnerungskultur\/\">Erinnerungskultur<\/a> redaktionell betreut, die <a title=\"Schwartzsche Villa\" href=\"http:\/\/kulturinsz.de\/cms\/orte\/schwartzsche-villa\/\">Schwartzsche Villa<\/a> geleitet und vieles mehr.<\/p>\n<p>Kulturamt Steglitz-Zehlendorf<br \/>\nGrunewaldstr. 3<br \/>\n12165 Berlin<\/p>\n<p><a href=\"http:\/\/www.kultur-steglitz-zehlendorf.de\" target=\"_blank\">www.kultur-steglitz-zehlendorf.de<\/a><\/p>\n<p>&nbsp;<\/p>\n","protected":false},"excerpt":{"rendered":"<p>Das Kulturamt Steglitz-Zehlendorf ist der zentrale, \u00f6ffentliche, bezirkliche Tr\u00e4ger von Kulturarbeit im Bezirk. Hier wird \u00fcber die Vergabe von bezirklichen F\u00f6rdermitteln entschieden, werden Informationsmedien zur Erinnerungskultur redaktionell betreut, die Schwartzsche Villa geleitet und vieles mehr. Kulturamt Steglitz-Zehlendorf Grunewaldstr. 3 12165 &hellip; <a href=\"https:\/\/kulturinsz.de\/cms\/politik\/kulturamt\/\">Weiterlesen <span class=\"meta-nav\">&rarr;<\/span><\/a><\/p>\n","protected":false},"author":3,"featured_media":0,"parent":19,"menu_order":0,"comment_status":"open","ping_status":"open","template":"seite-mit-blog-aktuelles.php","meta":[],"_links":{"self":[{"href":"https:\/\/kulturinsz.de\/cms\/wp-json\/wp\/v2\/pages\/79"}],"collection":[{"href":"https:\/\/kulturinsz.de\/cms\/wp-json\/wp\/v2\/pages"}],"about":[{"href":"https:\/\/kulturinsz.de\/cms\/wp-json\/wp\/v2\/types\/page"}],"author":[{"embeddable":true,"href":"https:\/\/kulturinsz.de\/cms\/wp-json\/wp\/v2\/users\/3"}],"replies":[{"embeddable":true,"href":"https:\/\/kulturinsz.de\/cms\/wp-json\/wp\/v2\/comments?post=79"}],"version-history":[{"count":8,"href":"https:\/\/kulturinsz.de\/cms\/wp-json\/wp\/v2\/pages\/79\/revisions"}],"predecessor-version":[{"id":1654,"href":"https:\/\/kulturinsz.de\/cms\/wp-json\/wp\/v2\/pages\/79\/revisions\/1654"}],"up":[{"embeddable":true,"href":"https:\/\/kulturinsz.de\/cms\/wp-json\/wp\/v2\/pages\/19"}],"wp:attachment":[{"href":"https:\/\/kulturinsz.de\/cms\/wp-json\/wp\/v2\/media?parent=79"}],"curies":[{"name":"wp","href":"https:\/\/api.w.org\/{rel}","templated":true}]}}