{"id":803,"date":"2013-04-30T17:39:15","date_gmt":"2013-04-30T17:39:15","guid":{"rendered":"http:\/\/kulturinsz.de\/cms\/?page_id=803"},"modified":"2024-03-27T16:41:06","modified_gmt":"2024-03-27T15:41:06","slug":"raume-finden","status":"publish","type":"page","link":"https:\/\/kulturinsz.de\/cms\/orte\/raume-finden\/","title":{"rendered":"R\u00e4ume finden"},"content":{"rendered":"<p>Immer wieder ergibt sich der Bedarf nach geeigneten R\u00e4umlichkeiten im Bezirk. Ob f\u00fcr Theater, Musik oder auch private Veranstaltungen &#8211; hier ein \u00dcberblick:<\/p>\n<p><a href=\"http:\/\/www.berlin.de\/ba-steglitz-zehlendorf\/verwaltung\/soziales\/lichterfelde.html\" target=\"_blank\" rel=\"noopener\">B\u00fcrgertreff Lichterfelde:<\/a><br \/>\ngro\u00dfer, heller, Raum bis ca. 100 Personen &#8211; im Bahnhofsgeb\u00e4ude Lichterfelde West<\/p>\n<p><a href=\"http:\/\/www.tomasa.de\/veranstaltungsorte\/primussaal-zehlendorf\/\" target=\"_blank\" rel=\"noopener\">Tomasa:<\/a><br \/>\nDas in Zehlendorf Mitte gelegene Restaurant vergibt den dar\u00fcber gelegenen &#8220;Primussaal&#8221;, einen 560qm gro\u00dfen, sehr repr\u00e4sentativen Festsaal.<\/p>\n<p><a href=\"http:\/\/www.mittelhof.org\/984.html\" target=\"_blank\" rel=\"noopener\">Mehrgenerationenhaus Phoenix:<\/a><br \/>\nSaal bis 100 Personen, diverse kleinere R\u00e4ume, Zehlendorf S\u00fcd<\/p>\n<p><a href=\"http:\/\/www.si-hotel.com\/private_feiern_berlin_hotel.aspx\">Hotel Steglitz International:<\/a><br \/>\nBallsaal (350 Personen), Festsaal (250 Personen), Kaminzimmer (50 Personen) und Atrium. Direkt an S\/U Rathaus Steglitz<\/p>\n<p><a href=\"https:\/\/www.berlin.de\/ba-steglitz-zehlendorf\/politik-und-verwaltung\/service-und-organisationseinheiten\/facility-management\/artikel.26987.php\">Rathaus Zehlendorf\/ Rathaus Steglitz:<\/a><br \/>\nB\u00fcrgersaal (200 Personen), Konferenzr\u00e4ume<\/p>\n<p><a href=\"https:\/\/paulusgemeinde-zehlendorf.de\/ueber-paulus\/\">Gro\u00dfer Saal im Gemeindehaus der Paulusgemeinde Zehlendorf Mitte<\/a>:<br \/>\nKonzert- und Theatersaal<\/p>\n<p><a href=\"http:\/\/www.tanztangente.de\/raeume.html\">TanzTangente:<\/a><br \/>\n3 Studios (130qm, 90qm, 40qm) und ein Caf\u00e9 in der N\u00e4he der Schlo\u00dfstra\u00dfe<\/p>\n<p><a href=\"https:\/\/haus14.com\">Klubhaus 14 im Studentendorf Schlachtensee<\/a>:<br \/>\nClubraum (ca. 200 Personen), Theatersaal zur Zeit in Sanierung<\/p>\n<p><a href=\"https:\/\/www.stadtteilzentrum-steglitz.de\/mietmoeglichkeiten\/\">Gutshaus Lichterfelde<\/a>:<br \/>\nin Steglitz am Hindenburgdamm, mit Cafe<\/p>\n<p><a href=\"http:\/\/www.gr-gemeinde.de\/de\/\">Hellenische Gemeinde<\/a>:<br \/>\nR\u00e4ume verschiedener Gr\u00f6\u00dfe in der N\u00e4he der Schlossstra\u00dfe<\/p>\n<p><a href=\"https:\/\/www.berlin.de\/ba-steglitz-zehlendorf\/politik-und-verwaltung\/aemter\/amt-fuer-soziales\/seniorenservice\/artikel.929353.php\">Kommunikationszentrum am Ostpreussendamm<\/a>:<br \/>\nin Steglitz S\u00fcd<\/p>\n<p><a href=\"https:\/\/hausamwaldsee.de\/vermietungen\/\">Haus am Waldsee<\/a>:<br \/>\nKonferenz- und Cafer\u00e4ume zu mieten<\/p>\n<p><a href=\"https:\/\/www.mittelhof.org\/orte\/villa-mittelhof\/\">Villa Mittelhof<\/a>:<br \/>\nR\u00e4umlichkeiten mit Saal und Cafe in Zehlendorf Mitte<\/p>\n<p><a href=\"https:\/\/www.berlin.de\/ba-steglitz-zehlendorf\/auf-einen-blick\/gutshaus-steglitz\/\">Gutshaus Steglitz<\/a>:<br \/>\nz.B. Rokokosaal bis 60 Personen<\/p>\n<p><a href=\"https:\/\/steglitz-museum.de\/raeume-mieten\">Heimatmuseum Steglitz<\/a>:<br \/>\nDrakestr. 64a bis zu 80 Personen, K\u00fcche im Museum vorhanden.<\/p>\n<p><a href=\"https:\/\/www.goerzwerk.de\/club-goerzwerk-mit-rooftop\/\">Club Goerzwerk<\/a> &#8211; im 5. OG des Gr\u00fcnder:innenzentrums vom Goerzwerk<\/p>\n<p>&nbsp;<\/p>\n<p>M\u00f6chten auch Sie Ihre R\u00e4ume hier aufgef\u00fchrt haben, w\u00fcrden wir uns \u00fcber eine Info (mit Angabe Lage, Quadratmeter, Kontakt, etc.) freuen unter: info@KulturInSZ.de<\/p>\n","protected":false},"excerpt":{"rendered":"<p>Immer wieder ergibt sich der Bedarf nach geeigneten R\u00e4umlichkeiten im Bezirk. Ob f\u00fcr Theater, Musik oder auch private Veranstaltungen &#8211; hier ein \u00dcberblick: B\u00fcrgertreff Lichterfelde: gro\u00dfer, heller, Raum bis ca. 100 Personen &#8211; im Bahnhofsgeb\u00e4ude Lichterfelde West Tomasa: Das in &hellip; <a href=\"https:\/\/kulturinsz.de\/cms\/orte\/raume-finden\/\">Weiterlesen <span class=\"meta-nav\">&rarr;<\/span><\/a><\/p>\n","protected":false},"author":3,"featured_media":0,"parent":15,"menu_order":-1,"comment_status":"open","ping_status":"open","template":"","meta":[],"_links":{"self":[{"href":"https:\/\/kulturinsz.de\/cms\/wp-json\/wp\/v2\/pages\/803"}],"collection":[{"href":"https:\/\/kulturinsz.de\/cms\/wp-json\/wp\/v2\/pages"}],"about":[{"href":"https:\/\/kulturinsz.de\/cms\/wp-json\/wp\/v2\/types\/page"}],"author":[{"embeddable":true,"href":"https:\/\/kulturinsz.de\/cms\/wp-json\/wp\/v2\/users\/3"}],"replies":[{"embeddable":true,"href":"https:\/\/kulturinsz.de\/cms\/wp-json\/wp\/v2\/comments?post=803"}],"version-history":[{"count":14,"href":"https:\/\/kulturinsz.de\/cms\/wp-json\/wp\/v2\/pages\/803\/revisions"}],"predecessor-version":[{"id":13007,"href":"https:\/\/kulturinsz.de\/cms\/wp-json\/wp\/v2\/pages\/803\/revisions\/13007"}],"up":[{"embeddable":true,"href":"https:\/\/kulturinsz.de\/cms\/wp-json\/wp\/v2\/pages\/15"}],"wp:attachment":[{"href":"https:\/\/kulturinsz.de\/cms\/wp-json\/wp\/v2\/media?parent=803"}],"curies":[{"name":"wp","href":"https:\/\/api.w.org\/{rel}","templated":true}]}}