{"id":8981,"date":"2021-01-29T16:53:48","date_gmt":"2021-01-29T15:53:48","guid":{"rendered":"http:\/\/kulturinsz.de\/cms\/?page_id=8981"},"modified":"2021-01-29T16:55:13","modified_gmt":"2021-01-29T15:55:13","slug":"oezguer-aydin","status":"publish","type":"page","link":"https:\/\/kulturinsz.de\/cms\/menschen\/musiker\/oezguer-aydin\/","title":{"rendered":"\u00d6zg\u00fcr Aydin"},"content":{"rendered":"<p><img loading=\"lazy\" class=\"alignleft wp-image-8982\" src=\"http:\/\/kulturinsz.de\/cms\/wp-content\/uploads\/2021\/01\/ozgur_a_web-1024x732.jpg\" alt=\"\" width=\"549\" height=\"393\" \/><\/p>\n<p>&nbsp;<\/p>\n<p>&nbsp;<\/p>\n<p>&nbsp;<\/p>\n<p>&nbsp;<\/p>\n<p>&nbsp;<\/p>\n<p>&nbsp;<\/p>\n<p>&nbsp;<\/p>\n<p>&nbsp;<\/p>\n<p>&nbsp;<\/p>\n<p>Der t\u00fcrkisch-amerikanische Pianist \u00d6zg\u00fcr Aydin hatte sein gro\u00dfes Konzertdeb\u00fct 1997 bei einer Auff\u00fchrung von Brahms\u2019 Klavierkonzert Nr. 1 mit dem Symphonieorchester des Bayerischen Rundfunks. Im gleichen Jahr gewann er den ber\u00fchmten Internationalen Musikwettbewerb der ARD in M\u00fcnchen und den Nippon Music Award in Tokyo \u2013 k\u00fcnstlerische Anerkennungen, die ihm seither als Grundlage f\u00fcr eine aktive und facettenreiche internationale Interpretenkarriere dienen. Au\u00dferdem ist er Preistr\u00e4ger der Cleveland International Piano Competition.<\/p>\n<p>Aydin ist als Solist mit verschiedenen Orchestern in Deutschland und der T\u00fcrkei aufgetreten sowie mit dem BBC Concert Orchestra in London, dem Simon Bolivar- Jugendorchester von Venezuela, der Slowakischen Philharmonie und dem Calgary Philharmonic Orchestra. H\u00e4ufig ist er zu Gast bei Sommerfestspielen, etwa in Salzburg, Schleswig-Holstein, im Rheingau, beim Ravinia Festival und in Edinburgh. Er tritt in vielen prestigetr\u00e4chtigen Konzerts\u00e4len auf, beispielsweise in der New Yorker Carnegie Hall, der Londoner Wigmore Hall, dem M\u00fcnchner Herkulessaal und der Suntory Hall in Tokyo.<\/p>\n<p>Aydin hat Aufnahmen von Solo-Klavierst\u00fccken von Beethoven, Schumann, Liszt und Chopin f\u00fcr die europ\u00e4ischen Label Videal und Yapi Kredi gemacht. Seine Interpretationen der vollst\u00e4ndigen Zyklen von Beethovens 32 Klaviersonaten und seiner f\u00fcnf Klavierkonzerte sowie von Bachs Wohltemperiertem Klavier haben \u00fcberaus positiven Anklang bei den Kritikern gefunden.<\/p>\n<p>\u00d6zg\u00fcr Aydin ist auch ein passionierter Kammermusiker und spielt unter anderen mit Midori, Kolja Blacher und Clemens Hagen. Zusammen mit Midori erschien im Herbst 2013 eine CD mit Werken von Bloch, Janacek und Shostakovic bei Onyx Classics.<\/p>\n<p>Aydin wurde in Colorado geboren, seine Eltern stammen aus der T\u00fcrkei, und er begann sein Musikstudium am Konservatorium von Ankara. Sp\u00e4ter studierte er bei Peter Katin am Royal College of Music in London und bei Prof. K\u00e4mmerling an der Musikhochschule in Hannover. Wertvolle Impulse erhielt er au\u00dferdem von K\u00fcnstlern wie Tatiana Nikolayeva und Andras Schiff.<\/p>\n<p><a href=\"http:\/\/ozguraydin.com\" target=\"_blank\" rel=\"noopener\">www.ozguraydin.com<\/a><\/p>\n<p>&nbsp;<\/p>\n","protected":false},"excerpt":{"rendered":"<p>&nbsp; &nbsp; &nbsp; &nbsp; &nbsp; &nbsp; &nbsp; &nbsp; &nbsp; Der t\u00fcrkisch-amerikanische Pianist \u00d6zg\u00fcr Aydin hatte sein gro\u00dfes Konzertdeb\u00fct 1997 bei einer Auff\u00fchrung von Brahms\u2019 Klavierkonzert Nr. 1 mit dem Symphonieorchester des Bayerischen Rundfunks. Im gleichen Jahr gewann er den ber\u00fchmten &hellip; <a href=\"https:\/\/kulturinsz.de\/cms\/menschen\/musiker\/oezguer-aydin\/\">Weiterlesen <span class=\"meta-nav\">&rarr;<\/span><\/a><\/p>\n","protected":false},"author":3,"featured_media":0,"parent":77,"menu_order":0,"comment_status":"closed","ping_status":"closed","template":"","meta":[],"_links":{"self":[{"href":"https:\/\/kulturinsz.de\/cms\/wp-json\/wp\/v2\/pages\/8981"}],"collection":[{"href":"https:\/\/kulturinsz.de\/cms\/wp-json\/wp\/v2\/pages"}],"about":[{"href":"https:\/\/kulturinsz.de\/cms\/wp-json\/wp\/v2\/types\/page"}],"author":[{"embeddable":true,"href":"https:\/\/kulturinsz.de\/cms\/wp-json\/wp\/v2\/users\/3"}],"replies":[{"embeddable":true,"href":"https:\/\/kulturinsz.de\/cms\/wp-json\/wp\/v2\/comments?post=8981"}],"version-history":[{"count":2,"href":"https:\/\/kulturinsz.de\/cms\/wp-json\/wp\/v2\/pages\/8981\/revisions"}],"predecessor-version":[{"id":8985,"href":"https:\/\/kulturinsz.de\/cms\/wp-json\/wp\/v2\/pages\/8981\/revisions\/8985"}],"up":[{"embeddable":true,"href":"https:\/\/kulturinsz.de\/cms\/wp-json\/wp\/v2\/pages\/77"}],"wp:attachment":[{"href":"https:\/\/kulturinsz.de\/cms\/wp-json\/wp\/v2\/media?parent=8981"}],"curies":[{"name":"wp","href":"https:\/\/api.w.org\/{rel}","templated":true}]}}