{"id":93,"date":"2013-04-30T17:57:45","date_gmt":"2013-04-30T17:57:45","guid":{"rendered":"http:\/\/kulturinsz.de\/cms\/?page_id=93"},"modified":"2013-05-03T17:37:20","modified_gmt":"2013-05-03T17:37:20","slug":"kinos","status":"publish","type":"page","link":"https:\/\/kulturinsz.de\/cms\/orte\/kinos\/","title":{"rendered":"Kinos"},"content":{"rendered":"<p>|A|  <a href=\"http:\/\/www.kino.de\/kinoprogramm\/berlin\/steglitz\/adria-filmtheater-k14665\/?show3d=false\" target=\"_blank\">Adria Filmtheater<\/a>  |B|  <a href=\"http:\/\/www.kino.de\/kinoprogramm\/berlin\/zehlendorf\/bali-kino-k14843\/?show3d=false\" target=\"_blank\">Bali-Kino<\/a>  |C|  <a href=\"http:\/\/www.yorck.de\/kinos\/detail\/100007\/Capitol%20Dahlem\" target=\"_blank\">Capitol Kino Dahlem<\/a>  |T|  <a href=\"http:\/\/www.kino.de\/kinoprogramm\/berlin\/steglitz\/titania-palast-k15122\/?show3d=falsehttp:\/\/\" target=\"_blank\">Titania-Palast<\/a><\/p>\n<p>Ein guter \u00dcberblick \u00fcber das aktuelle Kinoprogramm findet sich hier:<\/p>\n<p><a href=\"http:\/\/www.kino.de\/kinoprogramm\/berlin\/steglitz\/?show3d=false\" target=\"_blank\">Steglitz<\/a>  |  <a href=\"http:\/\/www.kino.de\/kinoprogramm\/berlin\/zehlendorf\/?show3d=false\" target=\"_blank\">Zehlendorf<\/a><\/p>\n<p>&nbsp;<\/p>\n<p><iframe src=\"https:\/\/maps.google.de\/maps\/ms?msa=0&amp;msid=203787093150826018383.0004dbd364104a19fea0f&amp;hl=de&amp;ie=UTF8&amp;t=m&amp;ll=52.448059,13.293114&amp;spn=0.036618,0.099564&amp;z=13&amp;output=embed\" height=\"350\" width=\"580\" frameborder=\"0\" marginwidth=\"0\" marginheight=\"0\" scrolling=\"no\"><\/iframe><br \/>\n<small><a style=\"color: #0000ff; text-align: left;\" href=\"https:\/\/maps.google.de\/maps\/ms?msa=0&amp;msid=203787093150826018383.0004dbd364104a19fea0f&amp;hl=de&amp;ie=UTF8&amp;t=m&amp;ll=52.448059,13.293114&amp;spn=0.036618,0.099564&amp;z=13&amp;source=embed\">Kinos<\/a> auf einer gr\u00f6\u00dferen Karte anzeigen<\/small><\/p>\n","protected":false},"excerpt":{"rendered":"<p>|A| Adria Filmtheater |B| Bali-Kino |C| Capitol Kino Dahlem |T| Titania-Palast Ein guter \u00dcberblick \u00fcber das aktuelle Kinoprogramm findet sich hier: Steglitz | Zehlendorf &nbsp; Kinos auf einer gr\u00f6\u00dferen Karte anzeigen<\/p>\n","protected":false},"author":3,"featured_media":0,"parent":15,"menu_order":0,"comment_status":"open","ping_status":"open","template":"seite-mit-blog-aktuelles.php","meta":[],"_links":{"self":[{"href":"https:\/\/kulturinsz.de\/cms\/wp-json\/wp\/v2\/pages\/93"}],"collection":[{"href":"https:\/\/kulturinsz.de\/cms\/wp-json\/wp\/v2\/pages"}],"about":[{"href":"https:\/\/kulturinsz.de\/cms\/wp-json\/wp\/v2\/types\/page"}],"author":[{"embeddable":true,"href":"https:\/\/kulturinsz.de\/cms\/wp-json\/wp\/v2\/users\/3"}],"replies":[{"embeddable":true,"href":"https:\/\/kulturinsz.de\/cms\/wp-json\/wp\/v2\/comments?post=93"}],"version-history":[{"count":5,"href":"https:\/\/kulturinsz.de\/cms\/wp-json\/wp\/v2\/pages\/93\/revisions"}],"predecessor-version":[{"id":1458,"href":"https:\/\/kulturinsz.de\/cms\/wp-json\/wp\/v2\/pages\/93\/revisions\/1458"}],"up":[{"embeddable":true,"href":"https:\/\/kulturinsz.de\/cms\/wp-json\/wp\/v2\/pages\/15"}],"wp:attachment":[{"href":"https:\/\/kulturinsz.de\/cms\/wp-json\/wp\/v2\/media?parent=93"}],"curies":[{"name":"wp","href":"https:\/\/api.w.org\/{rel}","templated":true}]}}