{"id":9392,"date":"2022-02-26T17:49:11","date_gmt":"2022-02-26T16:49:11","guid":{"rendered":"http:\/\/kulturinsz.de\/cms\/?page_id=9392"},"modified":"2022-02-26T18:02:03","modified_gmt":"2022-02-26T17:02:03","slug":"the-knast-soeht-7-ehem-frauengefaengnis-berlin-lichterfelde","status":"publish","type":"page","link":"https:\/\/kulturinsz.de\/cms\/orte\/the-knast-soeht-7-ehem-frauengefaengnis-berlin-lichterfelde\/","title":{"rendered":"The Knast &#8211; SOEHT 7 ehem. Frauengef\u00e4ngnis Berlin-Lichterfelde"},"content":{"rendered":"<p>| <a href=\"http:\/\/kulturinsz.de\/cms\/orte\/the-knast-soeht-7-ehem-frauengefaengnis-berlin-lichterfelde\/\">Info<\/a> | <a title=\"Schwartzsche Villa\" href=\"http:\/\/kulturinsz.de\/cms\/locations\/the-knast-soeht-7-ehem-frauengefaengnis-berlin-lichterfelde\/\">Veranstaltungen<\/a> | <a href=\"http:\/\/kulturinsz.de\/cms\/locations\/the-knast-soeht-7-ehem-frauengefaengnis-berlin-lichterfelde\/\">Anfahrt<\/a> | <a title=\"Ruine der K\u00fcnste\" href=\"http:\/\/kulturinsz.de\/cms\/orte\/the-knast-soeht-7-ehem-frauengefaengnis-berlin-lichterfelde\/\">Kommentare<\/a> |<\/p>\n<p>Das ehemalige Frauengef\u00e4ngnis in der Soethstra\u00dfe 7 ist ein relativ neuer Kulturort im Bezirk. 1906 als Gef\u00e4ngnis erbaut, war es in den letzten Jahren auch als Filmkulisse f\u00fcr\u00a0\u00a0Tom Tykwer, George Clooney, Moritz\u00a0Bleibtreu und Til Schweiger im Einsatz.<\/p>\n<p><img loading=\"lazy\" class=\"aligncenter size-large wp-image-9389\" src=\"http:\/\/kulturinsz.de\/cms\/wp-content\/uploads\/2022\/02\/Bildschirmfoto-2022-02-26-um-11.02.33-1024x761.png\" alt=\"\" width=\"640\" height=\"476\" srcset=\"https:\/\/kulturinsz.de\/cms\/wp-content\/uploads\/2022\/02\/Bildschirmfoto-2022-02-26-um-11.02.33-1024x761.png 1024w, https:\/\/kulturinsz.de\/cms\/wp-content\/uploads\/2022\/02\/Bildschirmfoto-2022-02-26-um-11.02.33-300x223.png 300w, https:\/\/kulturinsz.de\/cms\/wp-content\/uploads\/2022\/02\/Bildschirmfoto-2022-02-26-um-11.02.33-768x571.png 768w, https:\/\/kulturinsz.de\/cms\/wp-content\/uploads\/2022\/02\/Bildschirmfoto-2022-02-26-um-11.02.33.png 1036w\" sizes=\"(max-width: 640px) 100vw, 640px\" \/><\/p>\n<p>Soethstr. 7<br \/>\n12203 Berlin<\/p>\n<p><a href=\"https:\/\/www.theknast.de\">https:\/\/www.theknast.de<\/a><\/p>\n","protected":false},"excerpt":{"rendered":"<p>| Info | Veranstaltungen | Anfahrt | Kommentare | Das ehemalige Frauengef\u00e4ngnis in der Soethstra\u00dfe 7 ist ein relativ neuer Kulturort im Bezirk. 1906 als Gef\u00e4ngnis erbaut, war es in den letzten Jahren auch als Filmkulisse f\u00fcr\u00a0\u00a0Tom Tykwer, George Clooney, &hellip; <a href=\"https:\/\/kulturinsz.de\/cms\/orte\/the-knast-soeht-7-ehem-frauengefaengnis-berlin-lichterfelde\/\">Weiterlesen <span class=\"meta-nav\">&rarr;<\/span><\/a><\/p>\n","protected":false},"author":3,"featured_media":0,"parent":15,"menu_order":0,"comment_status":"closed","ping_status":"closed","template":"","meta":[],"_links":{"self":[{"href":"https:\/\/kulturinsz.de\/cms\/wp-json\/wp\/v2\/pages\/9392"}],"collection":[{"href":"https:\/\/kulturinsz.de\/cms\/wp-json\/wp\/v2\/pages"}],"about":[{"href":"https:\/\/kulturinsz.de\/cms\/wp-json\/wp\/v2\/types\/page"}],"author":[{"embeddable":true,"href":"https:\/\/kulturinsz.de\/cms\/wp-json\/wp\/v2\/users\/3"}],"replies":[{"embeddable":true,"href":"https:\/\/kulturinsz.de\/cms\/wp-json\/wp\/v2\/comments?post=9392"}],"version-history":[{"count":3,"href":"https:\/\/kulturinsz.de\/cms\/wp-json\/wp\/v2\/pages\/9392\/revisions"}],"predecessor-version":[{"id":9397,"href":"https:\/\/kulturinsz.de\/cms\/wp-json\/wp\/v2\/pages\/9392\/revisions\/9397"}],"up":[{"embeddable":true,"href":"https:\/\/kulturinsz.de\/cms\/wp-json\/wp\/v2\/pages\/15"}],"wp:attachment":[{"href":"https:\/\/kulturinsz.de\/cms\/wp-json\/wp\/v2\/media?parent=9392"}],"curies":[{"name":"wp","href":"https:\/\/api.w.org\/{rel}","templated":true}]}}